{"id":288766,"date":"2026-01-14T23:16:02","date_gmt":"2026-01-14T20:16:02","guid":{"rendered":"https:\/\/baldumarket.lt\/product\/cross-zestaw-asm\/"},"modified":"2026-02-11T18:17:22","modified_gmt":"2026-02-11T15:17:22","slug":"cross-zestaw-asm","status":"publish","type":"product","link":"https:\/\/baldumarket.lt\/lt\/product\/cross-zestaw-asm\/","title":{"rendered":"ASM kry\u017eminis rinkinys"},"content":{"rendered":"<p>Kry\u017eminis televizorius: atviras skyrius, ap\u0161viestas baltu \u201eQuad LED\u201c ap\u0161vietimu. Vienas stal\u010dius. Dvejos durys, kiekvienose po vien\u0105 skyri\u0173. Durys ir stal\u010dius atsidaro spragtel\u0117jus. Auk\u0161ta vitrina: centre atviras skyrius, ap\u0161viestas baltu \u201eQuad LED\u201c ap\u0161vietimu. Vir\u0161uje dvejos durys, kiekvienose po vien\u0105 skyri\u0173. Kair\u0117je durys, u\u017e j\u0173 trys lentynos. De\u0161in\u0117je durys, u\u017e j\u0173 dvi lentynos. Durys atsidaro spragtel\u0117jus. \u017dema vitrina: centre atviras skyrius, ap\u0161viestas baltu \u201eQuad LED\u201c ap\u0161vietimu. Vir\u0161uje du stal\u010diai. Kair\u0117je durys, u\u017e j\u0173 viena standartin\u0117 lentyna. De\u0161in\u0117je durys, u\u017e j\u0173 viena standartin\u0117 lentyna. Durys atsidaro spragtel\u0117jus. Lentyna. Priekin\u0117 dalis su juodomis juostel\u0117mis (spaudas).<br \/>\nSpalva: Korpusas: Jackson hickory, juoda Priekis: Jackson hickory, juoda, juodos juostel\u0117s (spaudas)<br \/>\nMed\u017eiaga: Korpusas: laminuota bald\u0173 plok\u0161t\u0117<br \/>\nPriekin\u0117 dalis: laminuota bald\u0173 plok\u0161t\u0117<\/p>","protected":false},"excerpt":{"rendered":"<p>Plotis (cm): 330<br \/>\n\u016agis (cm): 195<br \/>\nGylis (cm): 50<br \/>\nAsambl\u0117ja<br \/>\nsavaranki\u0161kam surinkimui<br \/>\nProdukto svoris [kg]: 188,5<\/p>","protected":false},"featured_media":288767,"comment_status":"open","ping_status":"open","template":"","meta":[],"product_brand":[],"product_cat":[9202,2008],"product_tag":[],"class_list":{"0":"post-288766","1":"product","2":"type-product","3":"status-publish","4":"has-post-thumbnail","6":"product_cat-asm","7":"product_cat-wall-units","9":"first","10":"instock","11":"purchasable","12":"product-type-simple"},"_links":{"self":[{"href":"https:\/\/baldumarket.lt\/lt\/wp-json\/wp\/v2\/product\/288766","targetHints":{"allow":["GET"]}}],"collection":[{"href":"https:\/\/baldumarket.lt\/lt\/wp-json\/wp\/v2\/product"}],"about":[{"href":"https:\/\/baldumarket.lt\/lt\/wp-json\/wp\/v2\/types\/product"}],"replies":[{"embeddable":true,"href":"https:\/\/baldumarket.lt\/lt\/wp-json\/wp\/v2\/comments?post=288766"}],"wp:featuredmedia":[{"embeddable":true,"href":"https:\/\/baldumarket.lt\/lt\/wp-json\/wp\/v2\/media\/288767"}],"wp:attachment":[{"href":"https:\/\/baldumarket.lt\/lt\/wp-json\/wp\/v2\/media?parent=288766"}],"wp:term":[{"taxonomy":"product_brand","embeddable":true,"href":"https:\/\/baldumarket.lt\/lt\/wp-json\/wp\/v2\/product_brand?post=288766"},{"taxonomy":"product_cat","embeddable":true,"href":"https:\/\/baldumarket.lt\/lt\/wp-json\/wp\/v2\/product_cat?post=288766"},{"taxonomy":"product_tag","embeddable":true,"href":"https:\/\/baldumarket.lt\/lt\/wp-json\/wp\/v2\/product_tag?post=288766"}],"curies":[{"name":"wp","href":"https:\/\/api.w.org\/{rel}","templated":true}]}}