{"id":28876,"date":"2025-11-14T19:08:57","date_gmt":"2025-11-14T16:08:57","guid":{"rendered":"https:\/\/baldumarket.lt\/product\/stealle-40x130x40cm-wiszaca-1-czarny-zloty\/"},"modified":"2026-03-24T18:17:56","modified_gmt":"2026-03-24T15:17:56","slug":"stealle-40x130x40cm-wiszaca-1-czarny-zloty","status":"publish","type":"product","link":"https:\/\/baldumarket.lt\/lt\/product\/stealle-40x130x40cm-wiszaca-1-czarny-zloty\/","title":{"rendered":"Stealle, 40x130x40cm Pakabinamas 1 juodas\/auksinis"},"content":{"rendered":"<p>\u201eStealle\u201c pakabinamas \u0161viestuvas \u2013 eleganti\u0161kas ir modernus, unikalaus dizaino \u0161viestuvas, puikiai tinkantis \u012fmantriems interjerams. Tiksl\u016bs jo matmenys \u2013 40 cm plo\u010dio, 130 cm ilgio ir 40 cm gylio, tod\u0117l jis yra funkcionalus ir efektyvus bet kurio kambario papildymas. \u0160viestuvo gaubtas pagamintas i\u0161 patvaraus plieno, u\u017etikrinan\u010dio ilgaam\u017ei\u0161kum\u0105 ir tvirtum\u0105. \u0160i med\u017eiaga ne tik suteikia \u0161viestuvui modern\u0173 vaizd\u0105, bet ir leid\u017eia tolygiai paskirstyti \u0161vies\u0105, sukurdama maloni\u0105 atmosfer\u0105 kambaryje. \u0160viestuvo pagrindas taip pat pagamintas i\u0161 eleganti\u0161ko plieno, u\u017etikrinan\u010dio vizualin\u0119 darn\u0105 visame gaminyje. Stabili konstrukcija leid\u017eia saugiai ir patikimai pakabinti \u0161viestuv\u0105, tuo pa\u010diu pabr\u0117\u017eiant jo dizainerio charakter\u012f. \u201eStealle\u201c \u0161viestuvas turi vien\u0105 \u0161viesos \u0161altin\u012f, tod\u0117l tai idealus pasirinkimas norint ap\u0161viesti konkre\u010di\u0105 kambario zon\u0105. E27 lizdas suteikia universalius \u0161viesos \u0161altinius, o maksimali 15 W \u0161viesos galia leid\u017eia sukurti tinkam\u0105 atmosfer\u0105, atsi\u017evelgiant \u012f j\u016bs\u0173 poreikius. IP20 apsaugos klas\u0117 rodo, kad \u0161viestuvas tinka naudoti sausose patalpose. Auk\u0161\u010dio reguliatorius leid\u017eia pritaikyti \u0161viestuv\u0105 prie konkre\u010di\u0173 interjero dizaino reikalavim\u0173, leid\u017eiant visi\u0161kai kontroliuoti jo pad\u0117t\u012f. Juoda ir auksin\u0117 spalvos suteikia \u0161viestuvui unikal\u0173 charakter\u012f. Juodos ir auksin\u0117s spalv\u0173 kontrastas sukuria ry\u0161ki\u0105 kompozicij\u0105, kuri neabejotinai pritrauks d\u0117mes\u012f ir suteiks elegancijos bet kokiam interjerui. Pakabinamas \u0161viestuvas \u201eStealle\u201c yra ne tik \u0161viesos \u0161altinis, bet ir dizainerio sukurtas dekoratyvinis elementas, puikiai papildantis \u012fvairias erdves \u2013 nuo moderni\u0173 svetaini\u0173 iki prabangi\u0173 miegam\u0173j\u0173. Auk\u0161tos kokyb\u0117s meistri\u0161kumas ir unikalus dizainas paver\u010dia j\u012f puikia investicija \u012f interjero ap\u0161vietim\u0105.<\/p>","protected":false},"excerpt":{"rendered":"<p>Pakabinamas \u0161viestuvas \u201eStealle\u201c \u2013 eleganti\u0161kas ir modernus, unikalaus dizaino \u0161viestuvas, puikiai tinkantis \u012fmantriems interjerams. Tiksl\u016bs jo matmenys \u2013 40 cm plo\u010dio, 130 cm ilgio ir 40 cm gylio, tod\u0117l jis yra funkcionalus ir efektyvus bet kurio kambario akcentas. \u0160viestuvo gaubtas pagamintas i\u0161 patvaraus plieno, u\u017etikrinan\u010dio ilgaam\u017ei\u0161kum\u0105 ir tvirtum\u0105. \u0160is [\u2026]<\/p>","protected":false},"featured_media":28877,"comment_status":"open","ping_status":"open","template":"","meta":[],"product_brand":[],"product_cat":[2012,1231],"product_tag":[],"class_list":{"0":"post-28876","1":"product","2":"type-product","3":"status-publish","4":"has-post-thumbnail","6":"product_cat-eltap","7":"product_cat-lamps","9":"first","10":"instock","11":"purchasable","12":"product-type-simple"},"_links":{"self":[{"href":"https:\/\/baldumarket.lt\/lt\/wp-json\/wp\/v2\/product\/28876","targetHints":{"allow":["GET"]}}],"collection":[{"href":"https:\/\/baldumarket.lt\/lt\/wp-json\/wp\/v2\/product"}],"about":[{"href":"https:\/\/baldumarket.lt\/lt\/wp-json\/wp\/v2\/types\/product"}],"replies":[{"embeddable":true,"href":"https:\/\/baldumarket.lt\/lt\/wp-json\/wp\/v2\/comments?post=28876"}],"wp:featuredmedia":[{"embeddable":true,"href":"https:\/\/baldumarket.lt\/lt\/wp-json\/wp\/v2\/media\/28877"}],"wp:attachment":[{"href":"https:\/\/baldumarket.lt\/lt\/wp-json\/wp\/v2\/media?parent=28876"}],"wp:term":[{"taxonomy":"product_brand","embeddable":true,"href":"https:\/\/baldumarket.lt\/lt\/wp-json\/wp\/v2\/product_brand?post=28876"},{"taxonomy":"product_cat","embeddable":true,"href":"https:\/\/baldumarket.lt\/lt\/wp-json\/wp\/v2\/product_cat?post=28876"},{"taxonomy":"product_tag","embeddable":true,"href":"https:\/\/baldumarket.lt\/lt\/wp-json\/wp\/v2\/product_tag?post=28876"}],"curies":[{"name":"wp","href":"https:\/\/api.w.org\/{rel}","templated":true}]}}