{"id":288726,"date":"2026-01-14T23:15:31","date_gmt":"2026-01-14T20:15:31","guid":{"rendered":"https:\/\/baldumarket.lt\/product\/gustavo-typ-fp2-asm\/"},"modified":"2026-02-11T18:17:22","modified_gmt":"2026-02-11T15:17:22","slug":"gustavo-typ-fp2-asm","status":"publish","type":"product","link":"https:\/\/baldumarket.lt\/lt\/product\/gustavo-typ-fp2-asm\/","title":{"rendered":"Gustavo tipo F+P2 ASM"},"content":{"rendered":"<p>Gustavo tipo F+P2<br \/>\nSpintel\u0117 \u2013 suolas su bat\u0173 lentyna + pagalv\u0117le<br \/>\nSpalva: Korpusas: Velingtono \u0105\u017euolas, Priekis: Blizgi balta PVC, Velingtono \u0105\u017euolo PVC (su grioveliais), Pagalv\u0117l\u0117: Aksomin\u0117 sm\u0117lio spalvos<br \/>\nMed\u017eiaga: Korpusas: laminuota MDF plok\u0161t\u0117, apmu\u0161tos pagalv\u0117l\u0117s, Priekis: MDF plok\u0161t\u0117, PVC folija<\/p>","protected":false},"excerpt":{"rendered":"<p>Plotis (cm): 60<br \/>\n\u016agis (cm): 48<br \/>\nGylis (cm): 35<br \/>\nAsambl\u0117ja<br \/>\nsavaranki\u0161kam surinkimui<br \/>\nProdukto svoris [kg]: 12,5<\/p>","protected":false},"featured_media":288727,"comment_status":"open","ping_status":"open","template":"","meta":[],"product_brand":[],"product_cat":[9202,1928],"product_tag":[],"class_list":{"0":"post-288726","1":"product","2":"type-product","3":"status-publish","4":"has-post-thumbnail","6":"product_cat-asm","7":"product_cat-benches","9":"first","10":"instock","11":"purchasable","12":"product-type-simple"},"_links":{"self":[{"href":"https:\/\/baldumarket.lt\/lt\/wp-json\/wp\/v2\/product\/288726","targetHints":{"allow":["GET"]}}],"collection":[{"href":"https:\/\/baldumarket.lt\/lt\/wp-json\/wp\/v2\/product"}],"about":[{"href":"https:\/\/baldumarket.lt\/lt\/wp-json\/wp\/v2\/types\/product"}],"replies":[{"embeddable":true,"href":"https:\/\/baldumarket.lt\/lt\/wp-json\/wp\/v2\/comments?post=288726"}],"wp:featuredmedia":[{"embeddable":true,"href":"https:\/\/baldumarket.lt\/lt\/wp-json\/wp\/v2\/media\/288727"}],"wp:attachment":[{"href":"https:\/\/baldumarket.lt\/lt\/wp-json\/wp\/v2\/media?parent=288726"}],"wp:term":[{"taxonomy":"product_brand","embeddable":true,"href":"https:\/\/baldumarket.lt\/lt\/wp-json\/wp\/v2\/product_brand?post=288726"},{"taxonomy":"product_cat","embeddable":true,"href":"https:\/\/baldumarket.lt\/lt\/wp-json\/wp\/v2\/product_cat?post=288726"},{"taxonomy":"product_tag","embeddable":true,"href":"https:\/\/baldumarket.lt\/lt\/wp-json\/wp\/v2\/product_tag?post=288726"}],"curies":[{"name":"wp","href":"https:\/\/api.w.org\/{rel}","templated":true}]}}