{"id":288713,"date":"2026-01-14T23:15:23","date_gmt":"2026-01-14T20:15:23","guid":{"rendered":"https:\/\/baldumarket.lt\/product\/catalina-witryna-niska-asm\/"},"modified":"2026-02-11T18:17:23","modified_gmt":"2026-02-11T15:17:23","slug":"catalina-witryna-niska-asm","status":"publish","type":"product","link":"https:\/\/baldumarket.lt\/lt\/product\/catalina-witryna-niska-asm\/","title":{"rendered":"\u017dema \u201eCatalina\u201c vitrina ASM"},"content":{"rendered":"<p>\u017dema \u201eCatalina\u201c vitrina<br \/>\nSpalva: Korpusas: Vicking \u0105\u017euolas, ka\u0161myras<br \/>\nPriekin\u0117 dalis: Vicking \u0105\u017euolas, ka\u0161myras (su grioveliais)<br \/>\nMed\u017eiaga: Korpusas: laminuota bald\u0173 plok\u0161t\u0117<br \/>\nPriekin\u0117 dalis: laminuota bald\u0173 plok\u0161t\u0117, MDF, PVC folija, stiklas<\/p>","protected":false},"excerpt":{"rendered":"<p>Plotis (cm): 90<br \/>\n\u016agis (cm): 120<br \/>\nGylis (cm): 40<br \/>\nAsambl\u0117ja<br \/>\nSavaranki\u0161kas surinkimas<br \/>\nProdukto svoris [kg]: 49,5<\/p>","protected":false},"featured_media":288714,"comment_status":"open","ping_status":"open","template":"","meta":[],"product_brand":[],"product_cat":[9202,2006],"product_tag":[],"class_list":{"0":"post-288713","1":"product","2":"type-product","3":"status-publish","4":"has-post-thumbnail","6":"product_cat-asm","7":"product_cat-vitrines","9":"first","10":"instock","11":"purchasable","12":"product-type-simple"},"_links":{"self":[{"href":"https:\/\/baldumarket.lt\/lt\/wp-json\/wp\/v2\/product\/288713","targetHints":{"allow":["GET"]}}],"collection":[{"href":"https:\/\/baldumarket.lt\/lt\/wp-json\/wp\/v2\/product"}],"about":[{"href":"https:\/\/baldumarket.lt\/lt\/wp-json\/wp\/v2\/types\/product"}],"replies":[{"embeddable":true,"href":"https:\/\/baldumarket.lt\/lt\/wp-json\/wp\/v2\/comments?post=288713"}],"wp:featuredmedia":[{"embeddable":true,"href":"https:\/\/baldumarket.lt\/lt\/wp-json\/wp\/v2\/media\/288714"}],"wp:attachment":[{"href":"https:\/\/baldumarket.lt\/lt\/wp-json\/wp\/v2\/media?parent=288713"}],"wp:term":[{"taxonomy":"product_brand","embeddable":true,"href":"https:\/\/baldumarket.lt\/lt\/wp-json\/wp\/v2\/product_brand?post=288713"},{"taxonomy":"product_cat","embeddable":true,"href":"https:\/\/baldumarket.lt\/lt\/wp-json\/wp\/v2\/product_cat?post=288713"},{"taxonomy":"product_tag","embeddable":true,"href":"https:\/\/baldumarket.lt\/lt\/wp-json\/wp\/v2\/product_tag?post=288713"}],"curies":[{"name":"wp","href":"https:\/\/api.w.org\/{rel}","templated":true}]}}