{"id":28870,"date":"2025-11-14T19:08:44","date_gmt":"2025-11-14T16:08:44","guid":{"rendered":"https:\/\/baldumarket.lt\/product\/stealle-40x130x40cm-wiszaca-1-czarny\/"},"modified":"2026-03-24T18:17:56","modified_gmt":"2026-03-24T15:17:56","slug":"stealle-40x130x40cm-wiszaca-1-czarny","status":"publish","type":"product","link":"https:\/\/baldumarket.lt\/lt\/product\/stealle-40x130x40cm-wiszaca-1-czarny\/","title":{"rendered":"Stealle, 40x130x40cm Pakabinamas 1 juodas"},"content":{"rendered":"<p>Pakabinamas \u0161viestuvas \u201eStealle\u201c i\u0161siskiria minimalistiniu stiliumi ir tvirta apdaila. Jo matmenys \u2013 40 cm plo\u010dio, 130 cm ilgio ir 40 cm gylio, tod\u0117l tai \u012fsp\u016bdingas dekoratyvinis elementas. \u0160viestuvo gaubtas pagamintas i\u0161 plieno, tod\u0117l \u0161viestuvas yra patvarus ir modernus. \u0160viestuvo pagrindas taip pat pagamintas i\u0161 tos pa\u010dios med\u017eiagos, tod\u0117l \u0161viestuvas tvirtai laikosi vietoje. \u201eStealle\u201c turi vien\u0105 \u0161viesos \u0161altin\u012f, tod\u0117l patalpoje galima tiksliai ir efektyviai ap\u0161viesti \u0161viestuv\u0105. \u0160is \u0161viesos \u0161altinis turi E27 lizd\u0105, tod\u0117l lengva montuoti \u012fvairius \u0161viesos \u0161altinius. Maksimali \u0161io \u0161viestuvo \u0161viesos galia yra 15 W, tod\u0117l galima naudoti energij\u0105 taupan\u010dius LED \u0161viesos \u0161altinius, u\u017etikrinan\u010dius ne tik ry\u0161k\u0173 ap\u0161vietim\u0105, bet ir ekologi\u0161k\u0105 bei ekonomi\u0161k\u0105 veikim\u0105. \u201eStealle\u201c \u0161viestuvas turi IP20 apsaugos klas\u0119, o tai rei\u0161kia, kad jis yra apsaugotas nuo \u012fprast\u0173 ne\u0161varum\u0173 ir dulki\u0173. Be to, \u201eStealle\u201c \u0161viestuvo auk\u0161tis yra reguliuojamas, tod\u0117l galite pritaikyti ap\u0161vietim\u0105 pagal savo individualius poreikius. Eleganti\u0161ka juodos ir sidabrin\u0117s spalv\u0173 gama suteikia \u0161viestuvui unikalaus \u017eavesio. Visa tai daro \u201eStealle\u201c pakabinam\u0105 \u0161viestuv\u0105 puikiu pasirinkimu tiems, kurie vertina ne tik modern\u0173 dizain\u0105, bet ir funkcionalum\u0105 bei kokybi\u0161k\u0105 meistri\u0161kum\u0105. Minimalistin\u0117 forma, reguliuojamas auk\u0161tis ir eleganti\u0161kos spalvos leid\u017eia jam harmoningai \u012fsilieti \u012f \u012fvairius interjero dizainus, suteikiant unikal\u0173 charakter\u012f.<\/p>","protected":false},"excerpt":{"rendered":"<p>\u201eStealle\u201c pakabinamas \u0161viestuvas i\u0161siskiria minimalistiniu stiliumi ir tvirta meistri\u0161kumo kokybe. Jo matmenys \u2013 40 cm plo\u010dio, 130 cm ilgio ir 40 cm gylio, tod\u0117l jis yra \u012fsp\u016bdingas dekoratyvinis elementas. \u0160viestuvo gaubtas pagamintas i\u0161 plieno, tod\u0117l jis patvarus ir atrodo moderniai. \u0160viestuvo pagrindas taip pat pagamintas i\u0161 tos pa\u010dios [\u2026]<\/p>","protected":false},"featured_media":28871,"comment_status":"open","ping_status":"open","template":"","meta":[],"product_brand":[],"product_cat":[2012,1231],"product_tag":[],"class_list":{"0":"post-28870","1":"product","2":"type-product","3":"status-publish","4":"has-post-thumbnail","6":"product_cat-eltap","7":"product_cat-lamps","9":"first","10":"instock","11":"purchasable","12":"product-type-simple"},"_links":{"self":[{"href":"https:\/\/baldumarket.lt\/lt\/wp-json\/wp\/v2\/product\/28870","targetHints":{"allow":["GET"]}}],"collection":[{"href":"https:\/\/baldumarket.lt\/lt\/wp-json\/wp\/v2\/product"}],"about":[{"href":"https:\/\/baldumarket.lt\/lt\/wp-json\/wp\/v2\/types\/product"}],"replies":[{"embeddable":true,"href":"https:\/\/baldumarket.lt\/lt\/wp-json\/wp\/v2\/comments?post=28870"}],"wp:featuredmedia":[{"embeddable":true,"href":"https:\/\/baldumarket.lt\/lt\/wp-json\/wp\/v2\/media\/28871"}],"wp:attachment":[{"href":"https:\/\/baldumarket.lt\/lt\/wp-json\/wp\/v2\/media?parent=28870"}],"wp:term":[{"taxonomy":"product_brand","embeddable":true,"href":"https:\/\/baldumarket.lt\/lt\/wp-json\/wp\/v2\/product_brand?post=28870"},{"taxonomy":"product_cat","embeddable":true,"href":"https:\/\/baldumarket.lt\/lt\/wp-json\/wp\/v2\/product_cat?post=28870"},{"taxonomy":"product_tag","embeddable":true,"href":"https:\/\/baldumarket.lt\/lt\/wp-json\/wp\/v2\/product_tag?post=28870"}],"curies":[{"name":"wp","href":"https:\/\/api.w.org\/{rel}","templated":true}]}}