{"id":288689,"date":"2026-01-14T23:15:04","date_gmt":"2026-01-14T20:15:04","guid":{"rendered":"https:\/\/baldumarket.lt\/product\/armario-viii-zestaw-asm\/"},"modified":"2026-02-11T18:17:23","modified_gmt":"2026-02-11T15:17:23","slug":"armario-viii-zestaw-asm","status":"publish","type":"product","link":"https:\/\/baldumarket.lt\/lt\/product\/armario-viii-zestaw-asm\/","title":{"rendered":"Armario VIII ASM rinkinys"},"content":{"rendered":"<p>Armario VIII rinkinys<br \/>\nDvidur\u0117 spinta su apatiniu stal\u010diumi. U\u017e spintos dureli\u0173 yra vir\u0161utin\u0117 lentyna, pakaba daiktams ir apatin\u0117 lentyna. Stulpelis turi dvi atviras lentynas, stal\u010di\u0173 ir vienv\u0117r\u0119 spintel\u0119. U\u017e dur\u0173 yra dvi standartin\u0117s lentynos. Apmu\u0161ta panel\u0117 su lentyna ir keturiais sieniniais kabliukais. Spintel\u0117 turi dvigubas duris su viena lentyna u\u017e j\u0173. Panel\u0117je yra lentyna ir veidrodis. Spintel\u0117 turi stal\u010di\u0173 ir dvejas duris su dviem standartin\u0117mis lentynomis u\u017e j\u0173. Pagalv\u0117l\u0117s ne\u012fskai\u010diuotos.<br \/>\nSpalva: Korpusas: Sonoma \u0105\u017euolas, Priekis: Sonoma \u0105\u017euolas, PVC, Apmu\u0161ta panel\u0117 \u2013 aksomin\u0117 sm\u0117lio spalvos<br \/>\nMed\u017eiaga: Korpusas: laminuota bald\u0173 plok\u0161t\u0117, stiklas, apmu\u0161ta plok\u0161t\u0117. Priekin\u0117 dalis: MDF, PVC folija.<\/p>","protected":false},"excerpt":{"rendered":"<p>Plotis (cm): 210<br \/>\n\u016agis (cm): 203<br \/>\nGylis (cm): 32<br \/>\nAsambl\u0117ja<br \/>\nSavaranki\u0161kas surinkimas<br \/>\nProdukto svoris [kg]: 137<\/p>","protected":false},"featured_media":288690,"comment_status":"open","ping_status":"open","template":"","meta":[],"product_brand":[],"product_cat":[9202,1177],"product_tag":[],"class_list":{"0":"post-288689","1":"product","2":"type-product","3":"status-publish","4":"has-post-thumbnail","6":"product_cat-asm","7":"product_cat-wardrobes","9":"first","10":"instock","11":"purchasable","12":"product-type-simple"},"_links":{"self":[{"href":"https:\/\/baldumarket.lt\/lt\/wp-json\/wp\/v2\/product\/288689","targetHints":{"allow":["GET"]}}],"collection":[{"href":"https:\/\/baldumarket.lt\/lt\/wp-json\/wp\/v2\/product"}],"about":[{"href":"https:\/\/baldumarket.lt\/lt\/wp-json\/wp\/v2\/types\/product"}],"replies":[{"embeddable":true,"href":"https:\/\/baldumarket.lt\/lt\/wp-json\/wp\/v2\/comments?post=288689"}],"wp:featuredmedia":[{"embeddable":true,"href":"https:\/\/baldumarket.lt\/lt\/wp-json\/wp\/v2\/media\/288690"}],"wp:attachment":[{"href":"https:\/\/baldumarket.lt\/lt\/wp-json\/wp\/v2\/media?parent=288689"}],"wp:term":[{"taxonomy":"product_brand","embeddable":true,"href":"https:\/\/baldumarket.lt\/lt\/wp-json\/wp\/v2\/product_brand?post=288689"},{"taxonomy":"product_cat","embeddable":true,"href":"https:\/\/baldumarket.lt\/lt\/wp-json\/wp\/v2\/product_cat?post=288689"},{"taxonomy":"product_tag","embeddable":true,"href":"https:\/\/baldumarket.lt\/lt\/wp-json\/wp\/v2\/product_tag?post=288689"}],"curies":[{"name":"wp","href":"https:\/\/api.w.org\/{rel}","templated":true}]}}