{"id":288681,"date":"2026-01-14T23:14:58","date_gmt":"2026-01-14T20:14:58","guid":{"rendered":"https:\/\/baldumarket.lt\/product\/armario-vii-zestaw-asm\/"},"modified":"2026-02-11T18:17:23","modified_gmt":"2026-02-11T15:17:23","slug":"armario-vii-zestaw-asm","status":"publish","type":"product","link":"https:\/\/baldumarket.lt\/lt\/product\/armario-vii-zestaw-asm\/","title":{"rendered":"Armario VII ASM rinktin\u0117"},"content":{"rendered":"<p>Armario VII rinkinys<br \/>\nDvidur\u0117 spinta su apatiniu stal\u010diumi. U\u017e spintos dureli\u0173 yra vir\u0161utin\u0117 lentyna, pakaba baldams ir apatin\u0117 lentyna. Apmu\u0161ta panel\u0117 su lentyna ir 4 sieniniais kabliukais. Spintel\u0117 su dvigubomis durimis, u\u017e kuri\u0173 yra viena lentyna. Panel\u0117 su lentyna ir veidrod\u017eiu. Spintel\u0117 su stal\u010diumi ir dviem durimis, u\u017e kuri\u0173 yra dvi standartin\u0117s lentynos. Pagalv\u0117l\u0117 ne\u012fskai\u010diuota.<br \/>\nSpalva: Korpusas: Sonoma \u0105\u017euolas, Priekis: Sonoma \u0105\u017euolas, PVC apmu\u0161alas \u2013 aksomin\u0117 sm\u0117lio spalvos<br \/>\nMed\u017eiaga: Korpusas: laminuota bald\u0173 plok\u0161t\u0117, stiklas, apmu\u0161ta plok\u0161t\u0117. Priekin\u0117 dalis: MDF, PVC folija.<\/p>","protected":false},"excerpt":{"rendered":"<p>Plotis (cm): 180<br \/>\n\u016agis (cm): 203<br \/>\nGylis (cm): 32<br \/>\nAsambl\u0117ja<br \/>\nSavaranki\u0161kas surinkimas<br \/>\nProdukto svoris [kg]: 110<\/p>","protected":false},"featured_media":288682,"comment_status":"open","ping_status":"open","template":"","meta":[],"product_brand":[],"product_cat":[9202,1177],"product_tag":[],"class_list":{"0":"post-288681","1":"product","2":"type-product","3":"status-publish","4":"has-post-thumbnail","6":"product_cat-asm","7":"product_cat-wardrobes","9":"first","10":"instock","11":"purchasable","12":"product-type-simple"},"_links":{"self":[{"href":"https:\/\/baldumarket.lt\/lt\/wp-json\/wp\/v2\/product\/288681","targetHints":{"allow":["GET"]}}],"collection":[{"href":"https:\/\/baldumarket.lt\/lt\/wp-json\/wp\/v2\/product"}],"about":[{"href":"https:\/\/baldumarket.lt\/lt\/wp-json\/wp\/v2\/types\/product"}],"replies":[{"embeddable":true,"href":"https:\/\/baldumarket.lt\/lt\/wp-json\/wp\/v2\/comments?post=288681"}],"wp:featuredmedia":[{"embeddable":true,"href":"https:\/\/baldumarket.lt\/lt\/wp-json\/wp\/v2\/media\/288682"}],"wp:attachment":[{"href":"https:\/\/baldumarket.lt\/lt\/wp-json\/wp\/v2\/media?parent=288681"}],"wp:term":[{"taxonomy":"product_brand","embeddable":true,"href":"https:\/\/baldumarket.lt\/lt\/wp-json\/wp\/v2\/product_brand?post=288681"},{"taxonomy":"product_cat","embeddable":true,"href":"https:\/\/baldumarket.lt\/lt\/wp-json\/wp\/v2\/product_cat?post=288681"},{"taxonomy":"product_tag","embeddable":true,"href":"https:\/\/baldumarket.lt\/lt\/wp-json\/wp\/v2\/product_tag?post=288681"}],"curies":[{"name":"wp","href":"https:\/\/api.w.org\/{rel}","templated":true}]}}