{"id":288678,"date":"2026-01-14T23:14:56","date_gmt":"2026-01-14T20:14:56","guid":{"rendered":"https:\/\/baldumarket.lt\/product\/armario-vi-zestaw-z-poduszka-asm\/"},"modified":"2026-02-11T18:17:23","modified_gmt":"2026-02-11T15:17:23","slug":"armario-vi-zestaw-z-poduszka-asm","status":"publish","type":"product","link":"https:\/\/baldumarket.lt\/lt\/product\/armario-vi-zestaw-z-poduszka-asm\/","title":{"rendered":"\u201eArmario VI\u201c komplektas su ASM pagalve"},"content":{"rendered":"<p>\u201eArmario VI\u201c komplektas su pagalv\u0117le<br \/>\nKOMPLEKTAS + PAGALV\u0116L\u0116<br \/>\nSpalva: Korpusas: Sonoma \u0105\u017euolas, Priekis: Sonoma \u0105\u017euolas, PVC apmu\u0161alas \u2013 aksomin\u0117 sm\u0117lio spalvos, Pagalv\u0117l\u0117 \u2013 aksomin\u0117 sm\u0117lio spalvos<br \/>\nMed\u017eiaga: Korpusas: laminuota bald\u0173 plok\u0161t\u0117, stiklas, apmu\u0161ta plok\u0161t\u0117 IR pagalv\u0117l\u0117, Priekis: MDF, PVC folija<\/p>","protected":false},"excerpt":{"rendered":"<p>Plotis (cm): 120<br \/>\n\u016agis (cm): 203<br \/>\nGylis (cm): 32<br \/>\nAsambl\u0117ja<br \/>\nSavaranki\u0161kas surinkimas<br \/>\nProdukto svoris [kg]: 65,5<\/p>","protected":false},"featured_media":288679,"comment_status":"open","ping_status":"open","template":"","meta":[],"product_brand":[],"product_cat":[9202,1177],"product_tag":[],"class_list":{"0":"post-288678","1":"product","2":"type-product","3":"status-publish","4":"has-post-thumbnail","6":"product_cat-asm","7":"product_cat-wardrobes","9":"first","10":"instock","11":"purchasable","12":"product-type-simple"},"_links":{"self":[{"href":"https:\/\/baldumarket.lt\/lt\/wp-json\/wp\/v2\/product\/288678","targetHints":{"allow":["GET"]}}],"collection":[{"href":"https:\/\/baldumarket.lt\/lt\/wp-json\/wp\/v2\/product"}],"about":[{"href":"https:\/\/baldumarket.lt\/lt\/wp-json\/wp\/v2\/types\/product"}],"replies":[{"embeddable":true,"href":"https:\/\/baldumarket.lt\/lt\/wp-json\/wp\/v2\/comments?post=288678"}],"wp:featuredmedia":[{"embeddable":true,"href":"https:\/\/baldumarket.lt\/lt\/wp-json\/wp\/v2\/media\/288679"}],"wp:attachment":[{"href":"https:\/\/baldumarket.lt\/lt\/wp-json\/wp\/v2\/media?parent=288678"}],"wp:term":[{"taxonomy":"product_brand","embeddable":true,"href":"https:\/\/baldumarket.lt\/lt\/wp-json\/wp\/v2\/product_brand?post=288678"},{"taxonomy":"product_cat","embeddable":true,"href":"https:\/\/baldumarket.lt\/lt\/wp-json\/wp\/v2\/product_cat?post=288678"},{"taxonomy":"product_tag","embeddable":true,"href":"https:\/\/baldumarket.lt\/lt\/wp-json\/wp\/v2\/product_tag?post=288678"}],"curies":[{"name":"wp","href":"https:\/\/api.w.org\/{rel}","templated":true}]}}