{"id":288675,"date":"2026-01-14T23:14:54","date_gmt":"2026-01-14T20:14:54","guid":{"rendered":"https:\/\/baldumarket.lt\/product\/armario-vi-zestaw-asm\/"},"modified":"2026-02-11T18:17:23","modified_gmt":"2026-02-11T15:17:23","slug":"armario-vi-zestaw-asm","status":"publish","type":"product","link":"https:\/\/baldumarket.lt\/lt\/product\/armario-vi-zestaw-asm\/","title":{"rendered":"Armario VI ASM rinkinys"},"content":{"rendered":"<p>Armario VI rinkinys<br \/>\nApmu\u0161tas skydelis su lentyna ir keturiais sieniniais kabliukais. Spintel\u0117 su dvigubomis durimis, kiekvienose po vien\u0105 lentyn\u0105. Spintel\u0117 su lentyna ir veidrod\u017eiu. Spintel\u0117 su stal\u010diumi ir dviem durimis, kiekvienose su dviem standartin\u0117mis lentynomis. Pagalv\u0117l\u0117 nepridedama.<br \/>\nSpalva: Korpusas: Sonoma \u0105\u017euolas, Priekis: Sonoma \u0105\u017euolas, PVC, Apmu\u0161ta panel\u0117 \u2013 aksomin\u0117 sm\u0117lio spalvos<br \/>\nMed\u017eiaga: Korpusas: laminuota bald\u0173 plok\u0161t\u0117, stiklas, apmu\u0161ta panel\u0117. Priekin\u0117 dalis: MDF, PVC pl\u0117vel\u0117.<\/p>","protected":false},"excerpt":{"rendered":"<p>Plotis (cm): 120<br \/>\n\u016agis (cm): 203<br \/>\nGylis (cm): 32<br \/>\nAsambl\u0117ja<br \/>\nSavaranki\u0161kas surinkimas<br \/>\nProdukto svoris [kg]: 65<\/p>","protected":false},"featured_media":288676,"comment_status":"open","ping_status":"open","template":"","meta":[],"product_brand":[],"product_cat":[9202,1177],"product_tag":[],"class_list":{"0":"post-288675","1":"product","2":"type-product","3":"status-publish","4":"has-post-thumbnail","6":"product_cat-asm","7":"product_cat-wardrobes","9":"first","10":"instock","11":"purchasable","12":"product-type-simple"},"_links":{"self":[{"href":"https:\/\/baldumarket.lt\/lt\/wp-json\/wp\/v2\/product\/288675","targetHints":{"allow":["GET"]}}],"collection":[{"href":"https:\/\/baldumarket.lt\/lt\/wp-json\/wp\/v2\/product"}],"about":[{"href":"https:\/\/baldumarket.lt\/lt\/wp-json\/wp\/v2\/types\/product"}],"replies":[{"embeddable":true,"href":"https:\/\/baldumarket.lt\/lt\/wp-json\/wp\/v2\/comments?post=288675"}],"wp:featuredmedia":[{"embeddable":true,"href":"https:\/\/baldumarket.lt\/lt\/wp-json\/wp\/v2\/media\/288676"}],"wp:attachment":[{"href":"https:\/\/baldumarket.lt\/lt\/wp-json\/wp\/v2\/media?parent=288675"}],"wp:term":[{"taxonomy":"product_brand","embeddable":true,"href":"https:\/\/baldumarket.lt\/lt\/wp-json\/wp\/v2\/product_brand?post=288675"},{"taxonomy":"product_cat","embeddable":true,"href":"https:\/\/baldumarket.lt\/lt\/wp-json\/wp\/v2\/product_cat?post=288675"},{"taxonomy":"product_tag","embeddable":true,"href":"https:\/\/baldumarket.lt\/lt\/wp-json\/wp\/v2\/product_tag?post=288675"}],"curies":[{"name":"wp","href":"https:\/\/api.w.org\/{rel}","templated":true}]}}