{"id":288667,"date":"2026-01-14T23:14:48","date_gmt":"2026-01-14T20:14:48","guid":{"rendered":"https:\/\/baldumarket.lt\/product\/armario-v-zestaw-asm\/"},"modified":"2026-02-11T18:17:24","modified_gmt":"2026-02-11T15:17:24","slug":"armario-v-zestaw-asm","status":"publish","type":"product","link":"https:\/\/baldumarket.lt\/lt\/product\/armario-v-zestaw-asm\/","title":{"rendered":"Armario V ASM rinkinys"},"content":{"rendered":"<p>Armario V rinkinys<br \/>\nKolonin\u0117 spintel\u0117 su dviem atviromis lentynomis, stal\u010diumi ir vien\u0173 dur\u0173 spintele. U\u017e dur\u0173 yra dvi standartin\u0117s lentynos. Apmu\u0161ta sienel\u0117 su lentyna ir keturiais sieniniais kabliukais. Spintel\u0117 turi dvigubas duris su viena lentyna u\u017e j\u0173. Pagalv\u0117l\u0117 nepridedama.<br \/>\nSpalva: Korpusas: Sonoma \u0105\u017euolas, Priekis: Sonoma \u0105\u017euolas, PVC, Apmu\u0161ta panel\u0117 \u2013 aksomin\u0117 sm\u0117lio spalvos<br \/>\nMed\u017eiaga: Korpusas: laminuota bald\u0173 plok\u0161t\u0117, apmu\u0161ta plok\u0161t\u0117. Priekin\u0117 dalis: MDF, PVC folija.<\/p>","protected":false},"excerpt":{"rendered":"<p>Plotis (cm): 90<br \/>\n\u016agis (cm): 203<br \/>\nGylis (cm): 32<br \/>\nAsambl\u0117ja<br \/>\nSavaranki\u0161kas surinkimas<br \/>\nProdukto svoris [kg]: 55<\/p>","protected":false},"featured_media":288668,"comment_status":"open","ping_status":"open","template":"","meta":[],"product_brand":[],"product_cat":[9202,1177],"product_tag":[],"class_list":{"0":"post-288667","1":"product","2":"type-product","3":"status-publish","4":"has-post-thumbnail","6":"product_cat-asm","7":"product_cat-wardrobes","9":"first","10":"instock","11":"purchasable","12":"product-type-simple"},"_links":{"self":[{"href":"https:\/\/baldumarket.lt\/lt\/wp-json\/wp\/v2\/product\/288667","targetHints":{"allow":["GET"]}}],"collection":[{"href":"https:\/\/baldumarket.lt\/lt\/wp-json\/wp\/v2\/product"}],"about":[{"href":"https:\/\/baldumarket.lt\/lt\/wp-json\/wp\/v2\/types\/product"}],"replies":[{"embeddable":true,"href":"https:\/\/baldumarket.lt\/lt\/wp-json\/wp\/v2\/comments?post=288667"}],"wp:featuredmedia":[{"embeddable":true,"href":"https:\/\/baldumarket.lt\/lt\/wp-json\/wp\/v2\/media\/288668"}],"wp:attachment":[{"href":"https:\/\/baldumarket.lt\/lt\/wp-json\/wp\/v2\/media?parent=288667"}],"wp:term":[{"taxonomy":"product_brand","embeddable":true,"href":"https:\/\/baldumarket.lt\/lt\/wp-json\/wp\/v2\/product_brand?post=288667"},{"taxonomy":"product_cat","embeddable":true,"href":"https:\/\/baldumarket.lt\/lt\/wp-json\/wp\/v2\/product_cat?post=288667"},{"taxonomy":"product_tag","embeddable":true,"href":"https:\/\/baldumarket.lt\/lt\/wp-json\/wp\/v2\/product_tag?post=288667"}],"curies":[{"name":"wp","href":"https:\/\/api.w.org\/{rel}","templated":true}]}}