{"id":288662,"date":"2026-01-14T23:14:45","date_gmt":"2026-01-14T20:14:45","guid":{"rendered":"https:\/\/baldumarket.lt\/product\/armario-typ-h-asm\/"},"modified":"2026-02-11T18:17:24","modified_gmt":"2026-02-11T15:17:24","slug":"armario-typ-h-asm","status":"publish","type":"product","link":"https:\/\/baldumarket.lt\/lt\/product\/armario-typ-h-asm\/","title":{"rendered":"\u201eArmario H\u201c tipo ASM"},"content":{"rendered":"<p>Armario H tipo<br \/>\nApmu\u0161tas skydelis su lentyna ir 4 sieniniais kabliukais.<br \/>\nSpalva: Sonoma \u0105\u017euolas, apmu\u0161ta plok\u0161t\u0117 \u2013 aksomin\u0117 sm\u0117lio spalvos<br \/>\nMed\u017eiaga: Korpusas: laminuota bald\u0173 plok\u0161t\u0117, apmu\u0161ta panel\u0117<br \/>\nPriekin\u0117 dalis:<\/p>","protected":false},"excerpt":{"rendered":"<p>Plotis (cm): 60<br \/>\n\u016agis (cm): 157<br \/>\nGylis (cm): 28<br \/>\nAsambl\u0117ja<br \/>\nSavaranki\u0161kas surinkimas<br \/>\nProdukto svoris [kg]: 14<\/p>","protected":false},"featured_media":288663,"comment_status":"open","ping_status":"open","template":"","meta":[],"product_brand":[],"product_cat":[9202,1931],"product_tag":[],"class_list":{"0":"post-288662","1":"product","2":"type-product","3":"status-publish","4":"has-post-thumbnail","6":"product_cat-asm","7":"product_cat-hangers","9":"first","10":"instock","11":"purchasable","12":"product-type-simple"},"_links":{"self":[{"href":"https:\/\/baldumarket.lt\/lt\/wp-json\/wp\/v2\/product\/288662","targetHints":{"allow":["GET"]}}],"collection":[{"href":"https:\/\/baldumarket.lt\/lt\/wp-json\/wp\/v2\/product"}],"about":[{"href":"https:\/\/baldumarket.lt\/lt\/wp-json\/wp\/v2\/types\/product"}],"replies":[{"embeddable":true,"href":"https:\/\/baldumarket.lt\/lt\/wp-json\/wp\/v2\/comments?post=288662"}],"wp:featuredmedia":[{"embeddable":true,"href":"https:\/\/baldumarket.lt\/lt\/wp-json\/wp\/v2\/media\/288663"}],"wp:attachment":[{"href":"https:\/\/baldumarket.lt\/lt\/wp-json\/wp\/v2\/media?parent=288662"}],"wp:term":[{"taxonomy":"product_brand","embeddable":true,"href":"https:\/\/baldumarket.lt\/lt\/wp-json\/wp\/v2\/product_brand?post=288662"},{"taxonomy":"product_cat","embeddable":true,"href":"https:\/\/baldumarket.lt\/lt\/wp-json\/wp\/v2\/product_cat?post=288662"},{"taxonomy":"product_tag","embeddable":true,"href":"https:\/\/baldumarket.lt\/lt\/wp-json\/wp\/v2\/product_tag?post=288662"}],"curies":[{"name":"wp","href":"https:\/\/api.w.org\/{rel}","templated":true}]}}