{"id":288649,"date":"2026-01-14T23:14:35","date_gmt":"2026-01-14T20:14:35","guid":{"rendered":"https:\/\/baldumarket.lt\/product\/mebloscianka-cruz-asm\/"},"modified":"2026-02-11T18:17:24","modified_gmt":"2026-02-11T15:17:24","slug":"mebloscianka-cruz-asm","status":"publish","type":"product","link":"https:\/\/baldumarket.lt\/lt\/product\/mebloscianka-cruz-asm\/","title":{"rendered":"Cruz ASM sienin\u0117 spintel\u0117"},"content":{"rendered":"<p>\u201eCruz\u201c sienin\u0117 spintel\u0117<br \/>\nSpalva: Korpusas: \u201eCoast Evoke Oak\u201c, matin\u0117 juoda<br \/>\nPriekin\u0117 dalis: \u201eCoast Evoke Oak\u201c, matin\u0117 juoda<br \/>\nMed\u017eiaga: Korpusas: Laminuota bald\u0173 plok\u0161t\u0117<br \/>\nPriekin\u0117 dalis: Laminuota bald\u0173 plok\u0161t\u0117, Stiklas<\/p>","protected":false},"excerpt":{"rendered":"<p>Plotis (cm): 280<br \/>\n\u016agis (cm): 180<br \/>\nGylis (cm): 45<br \/>\nAsambl\u0117ja<br \/>\nSavaranki\u0161kas surinkimas<br \/>\nProdukto svoris [kg]: 119<\/p>","protected":false},"featured_media":288650,"comment_status":"open","ping_status":"open","template":"","meta":[],"product_brand":[],"product_cat":[9202,2008],"product_tag":[],"class_list":{"0":"post-288649","1":"product","2":"type-product","3":"status-publish","4":"has-post-thumbnail","6":"product_cat-asm","7":"product_cat-wall-units","9":"first","10":"instock","11":"purchasable","12":"product-type-simple"},"_links":{"self":[{"href":"https:\/\/baldumarket.lt\/lt\/wp-json\/wp\/v2\/product\/288649","targetHints":{"allow":["GET"]}}],"collection":[{"href":"https:\/\/baldumarket.lt\/lt\/wp-json\/wp\/v2\/product"}],"about":[{"href":"https:\/\/baldumarket.lt\/lt\/wp-json\/wp\/v2\/types\/product"}],"replies":[{"embeddable":true,"href":"https:\/\/baldumarket.lt\/lt\/wp-json\/wp\/v2\/comments?post=288649"}],"wp:featuredmedia":[{"embeddable":true,"href":"https:\/\/baldumarket.lt\/lt\/wp-json\/wp\/v2\/media\/288650"}],"wp:attachment":[{"href":"https:\/\/baldumarket.lt\/lt\/wp-json\/wp\/v2\/media?parent=288649"}],"wp:term":[{"taxonomy":"product_brand","embeddable":true,"href":"https:\/\/baldumarket.lt\/lt\/wp-json\/wp\/v2\/product_brand?post=288649"},{"taxonomy":"product_cat","embeddable":true,"href":"https:\/\/baldumarket.lt\/lt\/wp-json\/wp\/v2\/product_cat?post=288649"},{"taxonomy":"product_tag","embeddable":true,"href":"https:\/\/baldumarket.lt\/lt\/wp-json\/wp\/v2\/product_tag?post=288649"}],"curies":[{"name":"wp","href":"https:\/\/api.w.org\/{rel}","templated":true}]}}