{"id":28858,"date":"2025-11-14T19:08:19","date_gmt":"2025-11-14T16:08:19","guid":{"rendered":"https:\/\/baldumarket.lt\/product\/orabela-55x120x55cm-wiszaca-3a-czarny\/"},"modified":"2026-03-24T18:17:56","modified_gmt":"2026-03-24T15:17:56","slug":"orabela-55x120x55cm-wiszaca-3a-czarny","status":"publish","type":"product","link":"https:\/\/baldumarket.lt\/lt\/product\/orabela-55x120x55cm-wiszaca-3a-czarny\/","title":{"rendered":"Orabela, 55x120x55cm Pakabinamas 3A juodas"},"content":{"rendered":"<p>Pakabinamas \u0161viestuvas \u201eOrabela\u201c i\u0161siskiria ne tik minimalistiniu stiliumi, bet ir tvirta konstrukcija. Jo matmenys \u2013 55 cm plo\u010dio, 120 cm ilgio ir 55 cm gylio \u2013 paver\u010dia j\u012f \u012fsp\u016bdingu dekoratyviniu elementu. \u0160viestuvo gaubtas pagamintas i\u0161 patvaraus plieno, suteikian\u010dio jam tvirtumo ir modernumo. \u0160viestuvo pagrindas taip pat pagamintas i\u0161 tos pa\u010dios med\u017eiagos, u\u017etikrinant stabilum\u0105 ir leid\u017eiant \u0161viestuvui i\u0161likti norimoje pad\u0117tyje. \u201eOrabela\u201c turi tris \u0161viesos \u0161altinius, kurie u\u017etikrina tolyg\u0173 ir efektyv\u0173 kambario ap\u0161vietim\u0105. Kiekvienas i\u0161 \u0161i\u0173 ta\u0161k\u0173 turi E27 lizd\u0105, tod\u0117l lengva montuoti \u012fvairius \u0161viesos \u0161altinius. Maksimali \u0161io \u0161viestuvo \u0161viesos galia yra 15 W, tod\u0117l galima naudoti energij\u0105 taupan\u010dius LED \u0161viesos \u0161altinius, u\u017etikrinan\u010dius ne tik ry\u0161k\u0173 ap\u0161vietim\u0105, bet ir ekologi\u0161k\u0105 bei ekonomi\u0161k\u0105 veikim\u0105. \u201eOrabela\u201c \u0161viestuvas turi IP20 apsaugos klas\u0119, o tai rei\u0161kia, kad jis yra apsaugotas nuo \u012fprast\u0173 ne\u0161varum\u0173 ir dulki\u0173. Eleganti\u0161ka juoda spalva suteikia \u0161iam \u0161viestuvui modernumo bet kuriai erdvei. Trumpai tariant, pakabinamas \u0161viestuvas \u201eOrabela\u201c yra puikus pasirinkimas tiems, kurie vertina ne tik unikal\u0173 dizain\u0105, bet ir auk\u0161tos kokyb\u0117s apdirbim\u0105. Trys \u0161viesos \u0161altiniai, reguliuojamas ilgis ir juodos spalvos pasirinkimas puikiai dera prie \u012fvairi\u0173 interjero dizain\u0173, suteikia charakterio ir stiliaus.<\/p>","protected":false},"excerpt":{"rendered":"<p>Pakabinamas \u0161viestuvas \u201eOrabela\u201c i\u0161siskiria ne tik minimalistiniu stiliumi, bet ir tvirta konstrukcija. Jo matmenys \u2013 55 cm plo\u010dio, 120 cm ilgio ir 55 cm gylio \u2013 paver\u010dia j\u012f \u012fsp\u016bdingu dekoratyviniu elementu. \u0160viestuvo gaubtas pagamintas i\u0161 patvaraus plieno, suteikian\u010dio jam tvirtumo ir modernumo. \u0160viestuvo pagrindas [\u2026]<\/p>","protected":false},"featured_media":28859,"comment_status":"open","ping_status":"open","template":"","meta":[],"product_brand":[],"product_cat":[2012,1231],"product_tag":[],"class_list":{"0":"post-28858","1":"product","2":"type-product","3":"status-publish","4":"has-post-thumbnail","6":"product_cat-eltap","7":"product_cat-lamps","9":"first","10":"instock","11":"purchasable","12":"product-type-simple"},"_links":{"self":[{"href":"https:\/\/baldumarket.lt\/lt\/wp-json\/wp\/v2\/product\/28858","targetHints":{"allow":["GET"]}}],"collection":[{"href":"https:\/\/baldumarket.lt\/lt\/wp-json\/wp\/v2\/product"}],"about":[{"href":"https:\/\/baldumarket.lt\/lt\/wp-json\/wp\/v2\/types\/product"}],"replies":[{"embeddable":true,"href":"https:\/\/baldumarket.lt\/lt\/wp-json\/wp\/v2\/comments?post=28858"}],"wp:featuredmedia":[{"embeddable":true,"href":"https:\/\/baldumarket.lt\/lt\/wp-json\/wp\/v2\/media\/28859"}],"wp:attachment":[{"href":"https:\/\/baldumarket.lt\/lt\/wp-json\/wp\/v2\/media?parent=28858"}],"wp:term":[{"taxonomy":"product_brand","embeddable":true,"href":"https:\/\/baldumarket.lt\/lt\/wp-json\/wp\/v2\/product_brand?post=28858"},{"taxonomy":"product_cat","embeddable":true,"href":"https:\/\/baldumarket.lt\/lt\/wp-json\/wp\/v2\/product_cat?post=28858"},{"taxonomy":"product_tag","embeddable":true,"href":"https:\/\/baldumarket.lt\/lt\/wp-json\/wp\/v2\/product_tag?post=28858"}],"curies":[{"name":"wp","href":"https:\/\/api.w.org\/{rel}","templated":true}]}}