{"id":288543,"date":"2026-01-14T23:13:15","date_gmt":"2026-01-14T20:13:15","guid":{"rendered":"https:\/\/baldumarket.lt\/product\/fly-komoda-z-kominkiem-cashmere-asm\/"},"modified":"2026-02-11T18:17:26","modified_gmt":"2026-02-11T15:17:26","slug":"fly-komoda-z-kominkiem-cashmere-asm","status":"publish","type":"product","link":"https:\/\/baldumarket.lt\/lt\/product\/fly-komoda-z-kominkiem-cashmere-asm\/","title":{"rendered":"FLY komoda su \u017eidiniu KA\u0160MYRO ASM"},"content":{"rendered":"<p>FLY komoda su ka\u0161myro \u017eidiniu<br \/>\nSpalva: Korpusas: Ka\u0161myras Priekis: Ka\u0161myras<br \/>\nMed\u017eiaga: Korpusas: Laminuota bald\u0173 plok\u0161t\u0117; Priekis: Laminuota bald\u0173 plok\u0161t\u0117, Bio\u017eidinys<\/p>","protected":false},"excerpt":{"rendered":"<p>Plotis (cm): 160<br \/>\n\u016agis (cm): 40<br \/>\nGylis (cm): 40<br \/>\nAsambl\u0117ja<br \/>\nsavaranki\u0161kam surinkimui<br \/>\nProdukto svoris [kg]: 32,5<\/p>","protected":false},"featured_media":288544,"comment_status":"open","ping_status":"open","template":"","meta":[],"product_brand":[],"product_cat":[9202,1173],"product_tag":[],"class_list":{"0":"post-288543","1":"product","2":"type-product","3":"status-publish","4":"has-post-thumbnail","6":"product_cat-asm","7":"product_cat-chests-of-drawers","9":"first","10":"instock","11":"purchasable","12":"product-type-simple"},"_links":{"self":[{"href":"https:\/\/baldumarket.lt\/lt\/wp-json\/wp\/v2\/product\/288543","targetHints":{"allow":["GET"]}}],"collection":[{"href":"https:\/\/baldumarket.lt\/lt\/wp-json\/wp\/v2\/product"}],"about":[{"href":"https:\/\/baldumarket.lt\/lt\/wp-json\/wp\/v2\/types\/product"}],"replies":[{"embeddable":true,"href":"https:\/\/baldumarket.lt\/lt\/wp-json\/wp\/v2\/comments?post=288543"}],"wp:featuredmedia":[{"embeddable":true,"href":"https:\/\/baldumarket.lt\/lt\/wp-json\/wp\/v2\/media\/288544"}],"wp:attachment":[{"href":"https:\/\/baldumarket.lt\/lt\/wp-json\/wp\/v2\/media?parent=288543"}],"wp:term":[{"taxonomy":"product_brand","embeddable":true,"href":"https:\/\/baldumarket.lt\/lt\/wp-json\/wp\/v2\/product_brand?post=288543"},{"taxonomy":"product_cat","embeddable":true,"href":"https:\/\/baldumarket.lt\/lt\/wp-json\/wp\/v2\/product_cat?post=288543"},{"taxonomy":"product_tag","embeddable":true,"href":"https:\/\/baldumarket.lt\/lt\/wp-json\/wp\/v2\/product_tag?post=288543"}],"curies":[{"name":"wp","href":"https:\/\/api.w.org\/{rel}","templated":true}]}}