{"id":288531,"date":"2026-01-14T23:13:07","date_gmt":"2026-01-14T20:13:07","guid":{"rendered":"https:\/\/baldumarket.lt\/product\/fly-n1-mebloscianka-cashmere-asm\/"},"modified":"2026-02-11T18:17:26","modified_gmt":"2026-02-11T15:17:26","slug":"fly-n1-mebloscianka-cashmere-asm","status":"publish","type":"product","link":"https:\/\/baldumarket.lt\/lt\/product\/fly-n1-mebloscianka-cashmere-asm\/","title":{"rendered":"FLY N1 sienin\u0117 spintel\u0117 CASHMERE ASM"},"content":{"rendered":"<p>FLY N1 KA\u0160MYRO sienin\u0117 spintel\u0117<br \/>\nSpalva: Korpusas: ka\u0161myras Priekin\u0117 dalis: ka\u0161myras, bio\u017eidinys<br \/>\nDizainas: Korpusas: laminuota bald\u0173 plok\u0161t\u0117, stiklas; Priekis: laminuota bald\u0173 plok\u0161t\u0117, bio\u017eidinys.<\/p>","protected":false},"excerpt":{"rendered":"<p>Plotis (cm): 160<br \/>\n\u016agis (cm): 150<br \/>\nGylis (cm): 40<br \/>\nAsambl\u0117ja<br \/>\nsavaranki\u0161kam surinkimui<br \/>\nProdukto svoris [kg]: 52,5<\/p>","protected":false},"featured_media":288532,"comment_status":"open","ping_status":"open","template":"","meta":[],"product_brand":[],"product_cat":[9202,2008],"product_tag":[],"class_list":{"0":"post-288531","1":"product","2":"type-product","3":"status-publish","4":"has-post-thumbnail","6":"product_cat-asm","7":"product_cat-wall-units","9":"first","10":"instock","11":"purchasable","12":"product-type-simple"},"_links":{"self":[{"href":"https:\/\/baldumarket.lt\/lt\/wp-json\/wp\/v2\/product\/288531","targetHints":{"allow":["GET"]}}],"collection":[{"href":"https:\/\/baldumarket.lt\/lt\/wp-json\/wp\/v2\/product"}],"about":[{"href":"https:\/\/baldumarket.lt\/lt\/wp-json\/wp\/v2\/types\/product"}],"replies":[{"embeddable":true,"href":"https:\/\/baldumarket.lt\/lt\/wp-json\/wp\/v2\/comments?post=288531"}],"wp:featuredmedia":[{"embeddable":true,"href":"https:\/\/baldumarket.lt\/lt\/wp-json\/wp\/v2\/media\/288532"}],"wp:attachment":[{"href":"https:\/\/baldumarket.lt\/lt\/wp-json\/wp\/v2\/media?parent=288531"}],"wp:term":[{"taxonomy":"product_brand","embeddable":true,"href":"https:\/\/baldumarket.lt\/lt\/wp-json\/wp\/v2\/product_brand?post=288531"},{"taxonomy":"product_cat","embeddable":true,"href":"https:\/\/baldumarket.lt\/lt\/wp-json\/wp\/v2\/product_cat?post=288531"},{"taxonomy":"product_tag","embeddable":true,"href":"https:\/\/baldumarket.lt\/lt\/wp-json\/wp\/v2\/product_tag?post=288531"}],"curies":[{"name":"wp","href":"https:\/\/api.w.org\/{rel}","templated":true}]}}