{"id":28852,"date":"2025-11-14T19:08:06","date_gmt":"2025-11-14T16:08:06","guid":{"rendered":"https:\/\/baldumarket.lt\/product\/furtim-122x120x23cm-wiszaca-4-czarny\/"},"modified":"2026-03-24T18:17:56","modified_gmt":"2026-03-24T15:17:56","slug":"furtim-122x120x23cm-wiszaca-4-czarny","status":"publish","type":"product","link":"https:\/\/baldumarket.lt\/lt\/product\/furtim-122x120x23cm-wiszaca-4-czarny\/","title":{"rendered":"Furtim, 122x120x23cm Pakabinamos 4 juodos spalvos"},"content":{"rendered":"<p>Pakabinamas \u0161viestuvas \u201eFurtim\u201c i\u0161siskiria minimalistiniu stiliumi ir tvirta konstrukcija. Jo matmenys \u2013 122 cm plo\u010dio, 120 cm ilgio ir 23 cm gylio, tod\u0117l tai \u012fsp\u016bdingas dekoratyvinis elementas. \u0160viestuvo gaubtas pagamintas i\u0161 patvaraus plieno, tod\u0117l \u0161viestuvas atrodo patvarus ir modernus. Pana\u0161iai ir plieninis \u0161viestuvo pagrindas u\u017etikrina stabilum\u0105 bei u\u017etikrina, kad \u0161viestuvas b\u016bt\u0173 idealiai pastatytas. \u201eFurtim\u201c \u0161viestuvas turi keturis \u0161viesos ta\u0161kus, kurie u\u017etikrina tolyg\u0173 ir efektyv\u0173 viso kambario ap\u0161vietim\u0105. Kiekvienas ta\u0161kas turi E27 srieg\u012f, tod\u0117l lengva montuoti \u012fvairius \u0161viesos \u0161altinius. Maksimali \u0161io \u0161viestuvo \u0161viesos galia yra 15 W, tod\u0117l galima naudoti energij\u0105 taupan\u010dius LED \u0161viesos \u0161altinius, kurie ne tik u\u017etikrina ry\u0161k\u0173 ap\u0161vietim\u0105, bet ir yra ekologi\u0161ki bei ekonomi\u0161ki. \u201eFurtim\u201c \u0161viestuvas turi IP20 apsaugos klas\u0119, o tai rei\u0161kia, kad jis yra apsaugotas nuo \u012fprast\u0173 ne\u0161varum\u0173 ir dulki\u0173. Tod\u0117l jis puikiai tinka vidaus erdv\u0117ms, tokioms kaip svetain\u0117s, valgomieji ar miegamieji. Juoda \u0161viestuvo spalva suteikia interjerui modernumo, o sta\u010diakamp\u0117 forma \u2013 unikalaus \u017eavesio. \u201eFurtim\u201c pakabinamas \u0161viestuvas \u2013 puikus sprendimas ie\u0161kantiems eleganti\u0161ko ap\u0161vietimo moderniu stiliumi. Tvirta konstrukcija, daugyb\u0117 \u0161viesos ta\u0161k\u0173 ir i\u0161skirtin\u0117 forma leid\u017eia jam skland\u017eiai der\u0117ti prie \u012fvairi\u0173 interjero dizain\u0173, suteikiant unikal\u0173 charakter\u012f.<\/p>","protected":false},"excerpt":{"rendered":"<p>Pakabinamas \u0161viestuvas \u201eFurtim\u201c i\u0161siskiria minimalistiniu stiliumi ir tvirta konstrukcija. Jo matmenys \u2013 122 cm plo\u010dio, 120 cm ilgio ir 23 cm gylio, tod\u0117l tai \u012fsp\u016bdingas dekoratyvinis elementas. \u0160viestuvo gaubtas pagamintas i\u0161 patvaraus plieno, tod\u0117l jis yra patvarus ir modernus. Pana\u0161iai ir \u0161viestuvo pagrindas, taip pat pagamintas i\u0161 plieno, [\u2026]<\/p>","protected":false},"featured_media":28853,"comment_status":"open","ping_status":"open","template":"","meta":[],"product_brand":[],"product_cat":[2012,1231],"product_tag":[],"class_list":{"0":"post-28852","1":"product","2":"type-product","3":"status-publish","4":"has-post-thumbnail","6":"product_cat-eltap","7":"product_cat-lamps","9":"first","10":"instock","11":"purchasable","12":"product-type-simple"},"_links":{"self":[{"href":"https:\/\/baldumarket.lt\/lt\/wp-json\/wp\/v2\/product\/28852","targetHints":{"allow":["GET"]}}],"collection":[{"href":"https:\/\/baldumarket.lt\/lt\/wp-json\/wp\/v2\/product"}],"about":[{"href":"https:\/\/baldumarket.lt\/lt\/wp-json\/wp\/v2\/types\/product"}],"replies":[{"embeddable":true,"href":"https:\/\/baldumarket.lt\/lt\/wp-json\/wp\/v2\/comments?post=28852"}],"wp:featuredmedia":[{"embeddable":true,"href":"https:\/\/baldumarket.lt\/lt\/wp-json\/wp\/v2\/media\/28853"}],"wp:attachment":[{"href":"https:\/\/baldumarket.lt\/lt\/wp-json\/wp\/v2\/media?parent=28852"}],"wp:term":[{"taxonomy":"product_brand","embeddable":true,"href":"https:\/\/baldumarket.lt\/lt\/wp-json\/wp\/v2\/product_brand?post=28852"},{"taxonomy":"product_cat","embeddable":true,"href":"https:\/\/baldumarket.lt\/lt\/wp-json\/wp\/v2\/product_cat?post=28852"},{"taxonomy":"product_tag","embeddable":true,"href":"https:\/\/baldumarket.lt\/lt\/wp-json\/wp\/v2\/product_tag?post=28852"}],"curies":[{"name":"wp","href":"https:\/\/api.w.org\/{rel}","templated":true}]}}