{"id":288506,"date":"2026-01-14T23:12:50","date_gmt":"2026-01-14T20:12:50","guid":{"rendered":"https:\/\/baldumarket.lt\/product\/solo-mebloscianka-asm\/"},"modified":"2026-02-11T18:17:26","modified_gmt":"2026-02-11T15:17:26","slug":"solo-mebloscianka-asm","status":"publish","type":"product","link":"https:\/\/baldumarket.lt\/lt\/product\/solo-mebloscianka-asm\/","title":{"rendered":"SOLO sienin\u0117 spintel\u0117 ASM"},"content":{"rendered":"<p>SOLO sienin\u0117 spintel\u0117<br \/>\nSienin\u0117 panel\u0117 su lentyna ir televizoriaus spintele. Televizoriaus spintel\u0117: 3 atvartai, po 1 skyrel\u012f u\u017e kiekvieno atvarto.<br \/>\nSpalva: K\u016bnas: ka\u0161myro, \u201eartisan\u201c, juodos juostel\u0117s (ra\u0161tas). Priekis: ka\u0161myro, \u201eartisan\u201c, juodos juostel\u0117s (ra\u0161tas). Vir\u0161us: \u201eartisan\u201c, juodos juostel\u0117s (ra\u0161tas).<br \/>\nMed\u017eiaga: Korpusas: laminuota plok\u0161t\u0117. Priekin\u0117 dalis: laminuota plok\u0161t\u0117.<\/p>","protected":false},"excerpt":{"rendered":"<p>Plotis (cm): 180<br \/>\n\u016agis (cm): 130<br \/>\nGylis (cm): 40<br \/>\nAsambl\u0117ja<br \/>\nSavaranki\u0161kas surinkimas<br \/>\nProdukto svoris [kg]: 40<\/p>","protected":false},"featured_media":288507,"comment_status":"open","ping_status":"open","template":"","meta":[],"product_brand":[],"product_cat":[9202,2008],"product_tag":[],"class_list":{"0":"post-288506","1":"product","2":"type-product","3":"status-publish","4":"has-post-thumbnail","6":"product_cat-asm","7":"product_cat-wall-units","9":"first","10":"instock","11":"purchasable","12":"product-type-simple"},"_links":{"self":[{"href":"https:\/\/baldumarket.lt\/lt\/wp-json\/wp\/v2\/product\/288506","targetHints":{"allow":["GET"]}}],"collection":[{"href":"https:\/\/baldumarket.lt\/lt\/wp-json\/wp\/v2\/product"}],"about":[{"href":"https:\/\/baldumarket.lt\/lt\/wp-json\/wp\/v2\/types\/product"}],"replies":[{"embeddable":true,"href":"https:\/\/baldumarket.lt\/lt\/wp-json\/wp\/v2\/comments?post=288506"}],"wp:featuredmedia":[{"embeddable":true,"href":"https:\/\/baldumarket.lt\/lt\/wp-json\/wp\/v2\/media\/288507"}],"wp:attachment":[{"href":"https:\/\/baldumarket.lt\/lt\/wp-json\/wp\/v2\/media?parent=288506"}],"wp:term":[{"taxonomy":"product_brand","embeddable":true,"href":"https:\/\/baldumarket.lt\/lt\/wp-json\/wp\/v2\/product_brand?post=288506"},{"taxonomy":"product_cat","embeddable":true,"href":"https:\/\/baldumarket.lt\/lt\/wp-json\/wp\/v2\/product_cat?post=288506"},{"taxonomy":"product_tag","embeddable":true,"href":"https:\/\/baldumarket.lt\/lt\/wp-json\/wp\/v2\/product_tag?post=288506"}],"curies":[{"name":"wp","href":"https:\/\/api.w.org\/{rel}","templated":true}]}}