{"id":288501,"date":"2026-01-14T23:12:46","date_gmt":"2026-01-14T20:12:46","guid":{"rendered":"https:\/\/baldumarket.lt\/product\/gusto-lux-b-mebloscianka-asm\/"},"modified":"2026-02-11T18:17:26","modified_gmt":"2026-02-11T15:17:26","slug":"gusto-lux-b-mebloscianka-asm","status":"publish","type":"product","link":"https:\/\/baldumarket.lt\/lt\/product\/gusto-lux-b-mebloscianka-asm\/","title":{"rendered":"Gusto LUX B sienin\u0117 spintel\u0117 ASM"},"content":{"rendered":"<p>Gusto LUX B sienin\u0117 spintel\u0117<br \/>\nSienin\u0117 panel\u0117 su dviem lentynomis ir stikline vitrina. Prie sienos tvirtinama spintel\u0117: i\u0161 dalies \u012fstiklinta, 5 lentynos. Televizoriaus spintel\u0117: 3 atvartai, po 1 skyrel\u012f u\u017e kiekvieno. Baltas LED ap\u0161vietimas. Spragtel\u0117jimo sistema.<br \/>\nSpalva: Korpusas: ka\u0161myras; Priekis: ka\u0161myras; Skydelis: \u201eartisan\u201c, juodos juostel\u0117s (spauda), stiklas<br \/>\nMed\u017eiaga: Korpusas: laminuota plok\u0161t\u0117, stiklas; Priekis: laminuota plok\u0161t\u0117, stiklas<\/p>","protected":false},"excerpt":{"rendered":"<p>Plotis (cm): 280<br \/>\n\u016agis (cm): 180<br \/>\nGylis (cm): 45<br \/>\nAsambl\u0117ja<br \/>\nSavaranki\u0161kas surinkimas<br \/>\nProdukto svoris [kg]: 78<\/p>","protected":false},"featured_media":288502,"comment_status":"open","ping_status":"open","template":"","meta":[],"product_brand":[],"product_cat":[9202,2008],"product_tag":[],"class_list":{"0":"post-288501","1":"product","2":"type-product","3":"status-publish","4":"has-post-thumbnail","6":"product_cat-asm","7":"product_cat-wall-units","9":"first","10":"instock","11":"purchasable","12":"product-type-simple"},"_links":{"self":[{"href":"https:\/\/baldumarket.lt\/lt\/wp-json\/wp\/v2\/product\/288501","targetHints":{"allow":["GET"]}}],"collection":[{"href":"https:\/\/baldumarket.lt\/lt\/wp-json\/wp\/v2\/product"}],"about":[{"href":"https:\/\/baldumarket.lt\/lt\/wp-json\/wp\/v2\/types\/product"}],"replies":[{"embeddable":true,"href":"https:\/\/baldumarket.lt\/lt\/wp-json\/wp\/v2\/comments?post=288501"}],"wp:featuredmedia":[{"embeddable":true,"href":"https:\/\/baldumarket.lt\/lt\/wp-json\/wp\/v2\/media\/288502"}],"wp:attachment":[{"href":"https:\/\/baldumarket.lt\/lt\/wp-json\/wp\/v2\/media?parent=288501"}],"wp:term":[{"taxonomy":"product_brand","embeddable":true,"href":"https:\/\/baldumarket.lt\/lt\/wp-json\/wp\/v2\/product_brand?post=288501"},{"taxonomy":"product_cat","embeddable":true,"href":"https:\/\/baldumarket.lt\/lt\/wp-json\/wp\/v2\/product_cat?post=288501"},{"taxonomy":"product_tag","embeddable":true,"href":"https:\/\/baldumarket.lt\/lt\/wp-json\/wp\/v2\/product_tag?post=288501"}],"curies":[{"name":"wp","href":"https:\/\/api.w.org\/{rel}","templated":true}]}}