{"id":288479,"date":"2026-01-14T23:12:32","date_gmt":"2026-01-14T20:12:32","guid":{"rendered":"https:\/\/baldumarket.lt\/product\/flame-e-mebloscianka-z-kominkiem-elektrycznym-asm\/"},"modified":"2026-02-11T18:17:26","modified_gmt":"2026-02-11T15:17:26","slug":"flame-e-mebloscianka-z-kominkiem-elektrycznym-asm","status":"publish","type":"product","link":"https:\/\/baldumarket.lt\/lt\/product\/flame-e-mebloscianka-z-kominkiem-elektrycznym-asm\/","title":{"rendered":"Sienin\u0117 \u201eFlame E\u201c spintel\u0117 su ASM elektriniu \u017eidiniu"},"content":{"rendered":"<p>\u201eFlame E\u201c sieninis blokas su elektriniu \u017eidiniu<br \/>\nSienin\u0117 panel\u0117 su lentyna, elektriniu \u017eidiniu ir ant jos pritvirtintu televizoriaus stal\u010diumi. Televizoriaus staliukas turi atvartus de\u0161in\u0117je ir kair\u0117je, o u\u017e kiekvieno atvarto yra po vien\u0105 skyri\u0173. Centre yra atvira erdv\u0117, padalinta stikline lentyna, ap\u0161viesta baltu LED ap\u0161vietimu. Atidarymo sistema su spragtel\u0117jimu.<br \/>\nSpalva: Korpusas: antracito, Flagstaff \u0105\u017euolo; Priekis: Flagstaff \u0105\u017euolo; Elektrinis \u017eidinys<br \/>\nMed\u017eiaga: Korpusas: Laminuota plok\u0161t\u0117; Priekis: Laminuota PVC plok\u0161t\u0117; Elektrinis \u017eidinys<\/p>","protected":false},"excerpt":{"rendered":"<p>Plotis (cm): 250<br \/>\n\u016agis (cm): 170<br \/>\nGylis (cm): 40<br \/>\nAsambl\u0117ja<br \/>\nsavaranki\u0161kam surinkimui<br \/>\nProdukto svoris [kg]: 54,5<\/p>","protected":false},"featured_media":288480,"comment_status":"open","ping_status":"open","template":"","meta":[],"product_brand":[],"product_cat":[9202,2008],"product_tag":[],"class_list":{"0":"post-288479","1":"product","2":"type-product","3":"status-publish","4":"has-post-thumbnail","6":"product_cat-asm","7":"product_cat-wall-units","9":"first","10":"instock","11":"purchasable","12":"product-type-simple"},"_links":{"self":[{"href":"https:\/\/baldumarket.lt\/lt\/wp-json\/wp\/v2\/product\/288479","targetHints":{"allow":["GET"]}}],"collection":[{"href":"https:\/\/baldumarket.lt\/lt\/wp-json\/wp\/v2\/product"}],"about":[{"href":"https:\/\/baldumarket.lt\/lt\/wp-json\/wp\/v2\/types\/product"}],"replies":[{"embeddable":true,"href":"https:\/\/baldumarket.lt\/lt\/wp-json\/wp\/v2\/comments?post=288479"}],"wp:featuredmedia":[{"embeddable":true,"href":"https:\/\/baldumarket.lt\/lt\/wp-json\/wp\/v2\/media\/288480"}],"wp:attachment":[{"href":"https:\/\/baldumarket.lt\/lt\/wp-json\/wp\/v2\/media?parent=288479"}],"wp:term":[{"taxonomy":"product_brand","embeddable":true,"href":"https:\/\/baldumarket.lt\/lt\/wp-json\/wp\/v2\/product_brand?post=288479"},{"taxonomy":"product_cat","embeddable":true,"href":"https:\/\/baldumarket.lt\/lt\/wp-json\/wp\/v2\/product_cat?post=288479"},{"taxonomy":"product_tag","embeddable":true,"href":"https:\/\/baldumarket.lt\/lt\/wp-json\/wp\/v2\/product_tag?post=288479"}],"curies":[{"name":"wp","href":"https:\/\/api.w.org\/{rel}","templated":true}]}}