{"id":288475,"date":"2026-01-14T23:12:29","date_gmt":"2026-01-14T20:12:29","guid":{"rendered":"https:\/\/baldumarket.lt\/product\/flame-b-mebloscianka-z-biokominkiem-asm\/"},"modified":"2026-02-11T18:17:26","modified_gmt":"2026-02-11T15:17:26","slug":"flame-b-mebloscianka-z-biokominkiem-asm","status":"publish","type":"product","link":"https:\/\/baldumarket.lt\/lt\/product\/flame-b-mebloscianka-z-biokominkiem-asm\/","title":{"rendered":"Sieninis blokas \u201eFlame B\u201c su ASM bio\u017eidiniu"},"content":{"rendered":"<p>Sieninis blokas \u201eFlame B\u201c su bio\u017eidiniu<br \/>\nSienin\u0117 panel\u0117 su lentyna, bio\u017eidiniu ir ant jos pritvirtintu RTV \u012frenginiu. RTV \u012frenginys turi atvartus de\u0161in\u0117je ir kair\u0117je, o u\u017e kiekvieno atvarto yra po vien\u0105 skyri\u0173. Centre yra atvira erdv\u0117, padalinta stikline lentyna, ap\u0161viesta baltu LED ap\u0161vietimu. Atidarymo sistema su spragtel\u0117jimu.<br \/>\nSpalva: Korpusas: antracito, Flagstafo \u0105\u017euolo; Priekis: Flagstafo \u0105\u017euolo, bio\u017eidinys<br \/>\nMed\u017eiaga: Korpusas: Laminuota plok\u0161t\u0117; Priekis: Laminuota PVC plok\u0161t\u0117, Bio\u017eidinys<\/p>","protected":false},"excerpt":{"rendered":"<p>Plotis (cm): 250<br \/>\n\u016agis (cm): 170<br \/>\nGylis (cm): 40<br \/>\nAsambl\u0117ja<br \/>\nSavaranki\u0161kas surinkimas<br \/>\nProdukto svoris [kg]: 56<\/p>","protected":false},"featured_media":288476,"comment_status":"open","ping_status":"open","template":"","meta":[],"product_brand":[],"product_cat":[9202,2008],"product_tag":[],"class_list":{"0":"post-288475","1":"product","2":"type-product","3":"status-publish","4":"has-post-thumbnail","6":"product_cat-asm","7":"product_cat-wall-units","9":"first","10":"instock","11":"purchasable","12":"product-type-simple"},"_links":{"self":[{"href":"https:\/\/baldumarket.lt\/lt\/wp-json\/wp\/v2\/product\/288475","targetHints":{"allow":["GET"]}}],"collection":[{"href":"https:\/\/baldumarket.lt\/lt\/wp-json\/wp\/v2\/product"}],"about":[{"href":"https:\/\/baldumarket.lt\/lt\/wp-json\/wp\/v2\/types\/product"}],"replies":[{"embeddable":true,"href":"https:\/\/baldumarket.lt\/lt\/wp-json\/wp\/v2\/comments?post=288475"}],"wp:featuredmedia":[{"embeddable":true,"href":"https:\/\/baldumarket.lt\/lt\/wp-json\/wp\/v2\/media\/288476"}],"wp:attachment":[{"href":"https:\/\/baldumarket.lt\/lt\/wp-json\/wp\/v2\/media?parent=288475"}],"wp:term":[{"taxonomy":"product_brand","embeddable":true,"href":"https:\/\/baldumarket.lt\/lt\/wp-json\/wp\/v2\/product_brand?post=288475"},{"taxonomy":"product_cat","embeddable":true,"href":"https:\/\/baldumarket.lt\/lt\/wp-json\/wp\/v2\/product_cat?post=288475"},{"taxonomy":"product_tag","embeddable":true,"href":"https:\/\/baldumarket.lt\/lt\/wp-json\/wp\/v2\/product_tag?post=288475"}],"curies":[{"name":"wp","href":"https:\/\/api.w.org\/{rel}","templated":true}]}}