{"id":28834,"date":"2025-11-14T19:07:28","date_gmt":"2025-11-14T16:07:28","guid":{"rendered":"https:\/\/baldumarket.lt\/product\/desolo-40x130x40cm-wiszaca-1-czarny\/"},"modified":"2026-03-24T18:18:04","modified_gmt":"2026-03-24T15:18:04","slug":"desolo-40x130x40cm-wiszaca-1-czarny","status":"publish","type":"product","link":"https:\/\/baldumarket.lt\/lt\/product\/desolo-40x130x40cm-wiszaca-1-czarny\/","title":{"rendered":"Desolo, 40x130x40cm Pakabinamas 1 juodas"},"content":{"rendered":"<p>40 cm plo\u010dio, 130 cm ilgio ir 40 cm gylio \u201eDesolo\u201c pakabinamas \u0161viestuvas yra unikalus \u0161viestuvas, pasi\u017eymintis ne tik elegancija, bet ir funkcionalumu. Jo gaubtas pagamintas i\u0161 patvaraus plieno, u\u017etikrinan\u010dio ilgaam\u017ei\u0161kum\u0105 ir tvirtum\u0105. \u0160viestuvo pagrindas taip pat pagamintas i\u0161 tos pa\u010dios med\u017eiagos ir yra apvalios formos, suteikian\u010dios \u0161viestuvui vientis\u0105 i\u0161vaizd\u0105. \u0160viestuvas turi vien\u0105 \u0161viesos \u0161altin\u012f, leid\u017eiant\u012f tiksliai ir efektyviai ap\u0161viesti tam tikr\u0105 plot\u0105. Jis turi standartin\u012f E27 lizd\u0105, leid\u017eiant\u012f naudoti \u012fvairi\u0173 tip\u0173 lemputes, si\u016blomas rinkoje. Maksimali \u201eDesolo\u201c \u0161viestuvo \u0161viesos galia yra 15 W, u\u017etikrinanti pakankam\u0105 ap\u0161vietim\u0105 su minimaliomis energijos s\u0105naudomis. IP 20 apsaugos klas\u0117 patvirtina, kad \u0161viestuvas skirtas naudoti patalpose, nes apsaugo nuo dulki\u0173 ir smulki\u0173 daleli\u0173. \u0160viestuvo i\u0161or\u0117 yra juoda, o gaubto vidus \u2013 auksin\u0117s spalvos, sukurian\u010dios eleganti\u0161k\u0105 kontrast\u0105. Auk\u0161tis taip pat reguliuojamas, tod\u0117l \u0161viestuv\u0105 galite pritaikyti prie konkre\u010di\u0173 erdv\u0117s poreiki\u0173. \u201eDesolo\u201c \u0161viestuvas yra ne tik \u0161viesos \u0161altinis, bet ir dizainerio dekoratyvinis elementas, kuris praturtins bet kurio kambario i\u0161vaizd\u0105.<\/p>","protected":false},"excerpt":{"rendered":"<p>Pakabinamas \u0161viestuvas \u201eDesolo\u201c, kurio plotis \u2013 40 cm, ilgis \u2013 130 cm, o gylis \u2013 40 cm, yra unikalus \u0161viestuvas, pasi\u017eymintis ne tik elegancija, bet ir funkcionalumu. Jo gaubtas pagamintas i\u0161 patvaraus plieno, u\u017etikrinan\u010dio ilgaam\u017ei\u0161kum\u0105 ir tvirtum\u0105. \u0160viestuvo pagrindas taip pat pagamintas i\u0161 tos pa\u010dios med\u017eiagos ir yra apskritos formos [\u2026]<\/p>","protected":false},"featured_media":28835,"comment_status":"open","ping_status":"open","template":"","meta":[],"product_brand":[],"product_cat":[2012,1231],"product_tag":[],"class_list":{"0":"post-28834","1":"product","2":"type-product","3":"status-publish","4":"has-post-thumbnail","6":"product_cat-eltap","7":"product_cat-lamps","9":"first","10":"instock","11":"purchasable","12":"product-type-simple"},"_links":{"self":[{"href":"https:\/\/baldumarket.lt\/lt\/wp-json\/wp\/v2\/product\/28834","targetHints":{"allow":["GET"]}}],"collection":[{"href":"https:\/\/baldumarket.lt\/lt\/wp-json\/wp\/v2\/product"}],"about":[{"href":"https:\/\/baldumarket.lt\/lt\/wp-json\/wp\/v2\/types\/product"}],"replies":[{"embeddable":true,"href":"https:\/\/baldumarket.lt\/lt\/wp-json\/wp\/v2\/comments?post=28834"}],"wp:featuredmedia":[{"embeddable":true,"href":"https:\/\/baldumarket.lt\/lt\/wp-json\/wp\/v2\/media\/28835"}],"wp:attachment":[{"href":"https:\/\/baldumarket.lt\/lt\/wp-json\/wp\/v2\/media?parent=28834"}],"wp:term":[{"taxonomy":"product_brand","embeddable":true,"href":"https:\/\/baldumarket.lt\/lt\/wp-json\/wp\/v2\/product_brand?post=28834"},{"taxonomy":"product_cat","embeddable":true,"href":"https:\/\/baldumarket.lt\/lt\/wp-json\/wp\/v2\/product_cat?post=28834"},{"taxonomy":"product_tag","embeddable":true,"href":"https:\/\/baldumarket.lt\/lt\/wp-json\/wp\/v2\/product_tag?post=28834"}],"curies":[{"name":"wp","href":"https:\/\/api.w.org\/{rel}","templated":true}]}}