{"id":28828,"date":"2025-11-14T19:07:14","date_gmt":"2025-11-14T16:07:14","guid":{"rendered":"https:\/\/baldumarket.lt\/product\/callide-65x110x15cm-wiszaca-liniowa-3-bialy\/"},"modified":"2026-03-24T18:18:04","modified_gmt":"2026-03-24T15:18:04","slug":"callide-65x110x15cm-wiszaca-liniowa-3-bialy","status":"publish","type":"product","link":"https:\/\/baldumarket.lt\/lt\/product\/callide-65x110x15cm-wiszaca-liniowa-3-bialy\/","title":{"rendered":"Callide, 65x110x15cm Pakabinamas linijinis 3 balti"},"content":{"rendered":"<p>\u201eCallide\u201c pakabinamas \u0161viestuvas, kurio plotis \u2013 65 cm, ilgis \u2013 110 cm, o gylis \u2013 15 cm, yra unikalus \u0161viestuvas, i\u0161siskiriantis elegancija ir funkcionalumu. Jo gaubtas pagamintas i\u0161 patvaraus plieno, u\u017etikrinan\u010dio tvirt\u0105 ir ilgaam\u017e\u0119 konstrukcij\u0105. \u0160viestuvo pagrindas taip pat pagamintas i\u0161 tos pa\u010dios med\u017eiagos ir yra sta\u010diakampio formos, suteikiantis visam \u0161viestuvui vientis\u0105 i\u0161vaizd\u0105. \u0160viestuvas turi tris \u0161viesos ta\u0161kus, tod\u0117l idealiai tinka tolygiam ir kryptingam ap\u0161vietimui tam tikroje erdv\u0117je. Jis turi standartin\u012f E27 lizd\u0105, leid\u017eiant\u012f naudoti \u012fvairias lemputes. \u201eCallide\u201c \u0161viestuvas gali atlaikyti iki 15 W \u0161viesos gali\u0105, u\u017etikrindamas pakankam\u0105 ap\u0161vietim\u0105 su minimaliomis energijos s\u0105naudomis. IP20 apsaugos klas\u0117 patvirtina, kad \u0161viestuvas skirtas naudoti patalpose, nes yra apsaugotas nuo dulki\u0173 ir smulki\u0173 daleli\u0173. \u0160viestuvas yra eleganti\u0161kos baltos spalvos, kuri puikiai dera su \u012fvairiais interjero dizainais. B\u016bdingi matmenys ir sta\u010diakampis dizainas rei\u0161kia, kad jis ne tik tarnauja kaip ap\u0161vietimo elementas, bet ir kaip stilingas dekoratyvinis elementas, praturtinantis bet kurio kambario i\u0161vaizd\u0105.<\/p>","protected":false},"excerpt":{"rendered":"<p>\u201eCallide\u201c pakabinamas \u0161viestuvas, kurio plotis \u2013 65 cm, ilgis \u2013 110 cm, o gylis \u2013 15 cm, yra unikalus \u0161viestuvas, i\u0161siskiriantis elegancija ir funkcionalumu. Jo gaubtas pagamintas i\u0161 patvaraus plieno, u\u017etikrinan\u010dio tvirt\u0105 ir ilgaam\u017e\u0119 strukt\u016br\u0105. \u0160viestuvo pagrindas taip pat pagamintas i\u0161 tos pa\u010dios med\u017eiagos ir yra sta\u010diakampio formos, [\u2026]<\/p>","protected":false},"featured_media":28829,"comment_status":"open","ping_status":"open","template":"","meta":[],"product_brand":[],"product_cat":[2012,1231],"product_tag":[],"class_list":{"0":"post-28828","1":"product","2":"type-product","3":"status-publish","4":"has-post-thumbnail","6":"product_cat-eltap","7":"product_cat-lamps","9":"first","10":"instock","11":"purchasable","12":"product-type-simple"},"_links":{"self":[{"href":"https:\/\/baldumarket.lt\/lt\/wp-json\/wp\/v2\/product\/28828","targetHints":{"allow":["GET"]}}],"collection":[{"href":"https:\/\/baldumarket.lt\/lt\/wp-json\/wp\/v2\/product"}],"about":[{"href":"https:\/\/baldumarket.lt\/lt\/wp-json\/wp\/v2\/types\/product"}],"replies":[{"embeddable":true,"href":"https:\/\/baldumarket.lt\/lt\/wp-json\/wp\/v2\/comments?post=28828"}],"wp:featuredmedia":[{"embeddable":true,"href":"https:\/\/baldumarket.lt\/lt\/wp-json\/wp\/v2\/media\/28829"}],"wp:attachment":[{"href":"https:\/\/baldumarket.lt\/lt\/wp-json\/wp\/v2\/media?parent=28828"}],"wp:term":[{"taxonomy":"product_brand","embeddable":true,"href":"https:\/\/baldumarket.lt\/lt\/wp-json\/wp\/v2\/product_brand?post=28828"},{"taxonomy":"product_cat","embeddable":true,"href":"https:\/\/baldumarket.lt\/lt\/wp-json\/wp\/v2\/product_cat?post=28828"},{"taxonomy":"product_tag","embeddable":true,"href":"https:\/\/baldumarket.lt\/lt\/wp-json\/wp\/v2\/product_tag?post=28828"}],"curies":[{"name":"wp","href":"https:\/\/api.w.org\/{rel}","templated":true}]}}