{"id":28816,"date":"2025-11-14T19:06:47","date_gmt":"2025-11-14T16:06:47","guid":{"rendered":"https:\/\/baldumarket.lt\/product\/almitara-110x110x30cm-wiszaca-liniowa-3-bialy\/"},"modified":"2026-03-24T18:18:04","modified_gmt":"2026-03-24T15:18:04","slug":"almitara-110x110x30cm-wiszaca-liniowa-3-bialy","status":"publish","type":"product","link":"https:\/\/baldumarket.lt\/lt\/product\/almitara-110x110x30cm-wiszaca-liniowa-3-bialy\/","title":{"rendered":"Almitara, 110x110x30cm Pakabinamas linijinis 3 balti"},"content":{"rendered":"<p>Pakabinamas \u0161viestuvas \u201eAlmitara\u201c \u2013 tai tobulas elegancijos ir funkcionalumo derinys, puikiai papildantis \u012fvairius interjero dizainus. 110 cm plo\u010dio, 110 cm ilgio ir 30 cm gylio \u0161viestuvas ne tik skleid\u017eia gaus\u0173 ap\u0161vietim\u0105, bet ir sukuria ak\u012f traukiant\u012f vizualin\u012f efekt\u0105. Jo gaubtas pagamintas i\u0161 patvaraus PVC audinio, suteikian\u010dio \u0161viestuvui i\u0161skirtin\u0119 i\u0161vaizd\u0105 ir \u0161velni\u0105, i\u0161sklaidyt\u0105 \u0161vies\u0105. \u0160viestuvo pagrindas pagamintas i\u0161 patvarios plienin\u0117s konstrukcijos, u\u017etikrinan\u010dios stabilum\u0105 ir patikimum\u0105 daugel\u012f met\u0173. \u201eAlmitara\u201c \u0161viestuvas turi tris \u0161viesos ta\u0161kus, leid\u017eian\u010dius tiksliai ap\u0161viesti konkre\u010di\u0105 zon\u0105. D\u0117l standartinio E27 sriegio jis suderinamas su daugybe rinkoje esan\u010di\u0173 lempu\u010di\u0173. Did\u017eiausia leistina \u0161viesos galia yra 15 W, u\u017etikrinanti efektyv\u0173 ap\u0161vietim\u0105 ir taupan\u010di\u0105 energij\u0105. IP20 apsaugos klas\u0117 patvirtina, kad \u201eAlmitara\u201c \u0161viestuvas tinka naudoti patalpose ir n\u0117ra atsparus dr\u0117gmei ar dulk\u0117ms. Jo vyraujan\u010di\u0105 balt\u0105 spalv\u0173 gam\u0105 papildo dekoratyvinis medinis elementas, suteikiantis \u017eavesio ir \u0161ilumos. Papildomas privalumas \u2013 reguliuojamas \u0161viestuvo auk\u0161tis, leid\u017eiantis pritaikyti jo pad\u0117t\u012f pagal individualius pageidavimus ir ap\u0161vietimo poreikius tam tikroje erdv\u0117je. Trumpai tariant, \u201eAlmitara\u201c pakabinamas \u0161viestuvas yra puikus pasirinkimas ie\u0161kantiems ap\u0161vietimo, kuris derint\u0173 estetik\u0105, funkcionalum\u0105 ir unikal\u0173 dizain\u0105. D\u0117l tvirtos konstrukcijos, reguliuojamo auk\u0161\u010dio ir geb\u0117jimo sukurti jauki\u0105 atmosfer\u0105 jis yra ne tik puikus \u0161viesos \u0161altinis, bet ir gra\u017ei dekoracija \u012fvairiose erdv\u0117se.<\/p>","protected":false},"excerpt":{"rendered":"<p>Pakabinamas \u0161viestuvas \u201eAlmitara\u201c \u2013 tai tobulas elegancijos ir funkcionalumo derinys, puikiai papildantis \u012fvairius interjero dizainus. 110 cm plo\u010dio, 110 cm ilgio ir 30 cm gylio \u0161viestuvas ne tik skleid\u017eia gaus\u0173 ap\u0161vietim\u0105, bet ir sukuria ak\u012f traukiant\u012f vaizdin\u012f efekt\u0105. Jo gaubtas pagamintas i\u0161 patvaraus PVC audinio, suteikian\u010dio jam i\u0161skirtin\u012f [\u2026]<\/p>","protected":false},"featured_media":28817,"comment_status":"open","ping_status":"open","template":"","meta":[],"product_brand":[],"product_cat":[2012,1231],"product_tag":[],"class_list":{"0":"post-28816","1":"product","2":"type-product","3":"status-publish","4":"has-post-thumbnail","6":"product_cat-eltap","7":"product_cat-lamps","9":"first","10":"instock","11":"purchasable","12":"product-type-simple"},"_links":{"self":[{"href":"https:\/\/baldumarket.lt\/lt\/wp-json\/wp\/v2\/product\/28816","targetHints":{"allow":["GET"]}}],"collection":[{"href":"https:\/\/baldumarket.lt\/lt\/wp-json\/wp\/v2\/product"}],"about":[{"href":"https:\/\/baldumarket.lt\/lt\/wp-json\/wp\/v2\/types\/product"}],"replies":[{"embeddable":true,"href":"https:\/\/baldumarket.lt\/lt\/wp-json\/wp\/v2\/comments?post=28816"}],"wp:featuredmedia":[{"embeddable":true,"href":"https:\/\/baldumarket.lt\/lt\/wp-json\/wp\/v2\/media\/28817"}],"wp:attachment":[{"href":"https:\/\/baldumarket.lt\/lt\/wp-json\/wp\/v2\/media?parent=28816"}],"wp:term":[{"taxonomy":"product_brand","embeddable":true,"href":"https:\/\/baldumarket.lt\/lt\/wp-json\/wp\/v2\/product_brand?post=28816"},{"taxonomy":"product_cat","embeddable":true,"href":"https:\/\/baldumarket.lt\/lt\/wp-json\/wp\/v2\/product_cat?post=28816"},{"taxonomy":"product_tag","embeddable":true,"href":"https:\/\/baldumarket.lt\/lt\/wp-json\/wp\/v2\/product_tag?post=28816"}],"curies":[{"name":"wp","href":"https:\/\/api.w.org\/{rel}","templated":true}]}}