{"id":28810,"date":"2025-11-14T19:06:34","date_gmt":"2025-11-14T16:06:34","guid":{"rendered":"https:\/\/baldumarket.lt\/product\/almitara-64x110x64cm-wiszaca-3-bialy\/"},"modified":"2026-03-24T18:18:04","modified_gmt":"2026-03-24T15:18:04","slug":"almitara-64x110x64cm-wiszaca-3-bialy","status":"publish","type":"product","link":"https:\/\/baldumarket.lt\/lt\/product\/almitara-64x110x64cm-wiszaca-3-bialy\/","title":{"rendered":"Almitara, 64x110x64cm Pakabinamos 3 baltos spalvos"},"content":{"rendered":"<p>Pakabinamas \u0161viestuvas \u201eAlmitara\u201c \u2013 tai unikalus, eleganti\u0161ko dizaino ir puikaus funkcionalumo pasi\u016blymas, puikiai tinkantis \u012fvairiems interjerams. Tiksl\u016bs matmenys: plotis 64 cm, ilgis 110 cm ir gylis 64 cm garantuoja tiek gaus\u0173 ap\u0161vietim\u0105, tiek \u012fsp\u016bding\u0105 vizualin\u012f efekt\u0105. Pagrindinis \u0161viestuvo elementas \u2013 gaubtas \u2013 pagamintas i\u0161 patvaraus PVC audinio, suteikian\u010dio jam i\u0161skirtin\u0119 i\u0161vaizd\u0105 ir skleid\u017eiant\u012f \u0161velni\u0105, i\u0161sklaidyt\u0105 \u0161vies\u0105. \u0160viestuvo pagrindas pagamintas i\u0161 patvaraus plieno, u\u017etikrinan\u010dio stabilum\u0105 ir patikimum\u0105 daugel\u012f met\u0173. \u201eAlmitara\u201c \u0161viestuvas turi tris \u0161viesos ta\u0161kus, leid\u017eian\u010dius tiksliai ap\u0161viesti \u012fvairias zonas. D\u0117l standartinio E27 sriegio jis suderinamas su daugybe rinkoje esan\u010di\u0173 lempu\u010di\u0173. Did\u017eiausia leistina \u0161viesos galia yra 15 W, tod\u0117l u\u017etikrinamas efektyvus ap\u0161vietimas ir taupoma energija. IP20 apsaugos klas\u0117 rei\u0161kia, kad \u201eAlmitara\u201c \u0161viestuvas tinka naudoti patalpose ir n\u0117ra atsparus dr\u0117gmei ar dulk\u0117ms. Jo spalv\u0173 gama \u2013 daugiausia balta, praturtinta dekoratyviniu med\u017eio elementu, suteikian\u010diu unikalaus charakterio ir \u0161ilumos. Papildomas privalumas \u2013 reguliuojamas \u0161viestuvo auk\u0161tis, leid\u017eiantis pritaikyti jo pad\u0117t\u012f prie individuali\u0173 pageidavim\u0173 ir ap\u0161vietimo poreiki\u0173 konkre\u010dioje erdv\u0117je. Trumpai tariant, \u201eAlmitara\u201c pakabinamas \u0161viestuvas yra puikus pasirinkimas tiems, kurie ie\u0161ko ap\u0161vietimo, kuris derint\u0173 estetik\u0105, funkcionalum\u0105 ir unikal\u0173 dizain\u0105. Tvirta konstrukcija, reguliuojamas auk\u0161tis ir geb\u0117jimas sukurti jauki\u0105 atmosfer\u0105 paver\u010dia j\u012f ne tik puikiu \u0161viesos \u0161altiniu, bet ir gra\u017eiu dekoratyviniu elementu \u012fvairiose erdv\u0117se.<\/p>","protected":false},"excerpt":{"rendered":"<p>Pakabinamas \u0161viestuvas \u201eAlmitara\u201c \u2013 tai unikalus, eleganti\u0161ko dizaino ir puikaus funkcionalumo gaminys, puikiai tinkantis \u012fvairiems interjerams. Tiksl\u016bs matmenys: plotis 64 cm, ilgis 110 cm ir gylis 64 cm, garantuoja tiek gaus\u0173 ap\u0161vietim\u0105, tiek \u012fsp\u016bding\u0105 vizualin\u012f efekt\u0105. Pagrindinis \u0161viestuvo elementas \u2013 gaubtas \u2013 pagamintas i\u0161 patvaraus PVC audinio, [\u2026]<\/p>","protected":false},"featured_media":28811,"comment_status":"open","ping_status":"open","template":"","meta":[],"product_brand":[],"product_cat":[2012,1231],"product_tag":[],"class_list":{"0":"post-28810","1":"product","2":"type-product","3":"status-publish","4":"has-post-thumbnail","6":"product_cat-eltap","7":"product_cat-lamps","9":"first","10":"instock","11":"purchasable","12":"product-type-simple"},"_links":{"self":[{"href":"https:\/\/baldumarket.lt\/lt\/wp-json\/wp\/v2\/product\/28810","targetHints":{"allow":["GET"]}}],"collection":[{"href":"https:\/\/baldumarket.lt\/lt\/wp-json\/wp\/v2\/product"}],"about":[{"href":"https:\/\/baldumarket.lt\/lt\/wp-json\/wp\/v2\/types\/product"}],"replies":[{"embeddable":true,"href":"https:\/\/baldumarket.lt\/lt\/wp-json\/wp\/v2\/comments?post=28810"}],"wp:featuredmedia":[{"embeddable":true,"href":"https:\/\/baldumarket.lt\/lt\/wp-json\/wp\/v2\/media\/28811"}],"wp:attachment":[{"href":"https:\/\/baldumarket.lt\/lt\/wp-json\/wp\/v2\/media?parent=28810"}],"wp:term":[{"taxonomy":"product_brand","embeddable":true,"href":"https:\/\/baldumarket.lt\/lt\/wp-json\/wp\/v2\/product_brand?post=28810"},{"taxonomy":"product_cat","embeddable":true,"href":"https:\/\/baldumarket.lt\/lt\/wp-json\/wp\/v2\/product_cat?post=28810"},{"taxonomy":"product_tag","embeddable":true,"href":"https:\/\/baldumarket.lt\/lt\/wp-json\/wp\/v2\/product_tag?post=28810"}],"curies":[{"name":"wp","href":"https:\/\/api.w.org\/{rel}","templated":true}]}}