{"id":28804,"date":"2025-11-14T19:06:21","date_gmt":"2025-11-14T16:06:21","guid":{"rendered":"https:\/\/baldumarket.lt\/product\/almitara-30x110x30cm-wiszaca-1-bialy\/"},"modified":"2026-03-24T18:18:04","modified_gmt":"2026-03-24T15:18:04","slug":"almitara-30x110x30cm-wiszaca-1-bialy","status":"publish","type":"product","link":"https:\/\/baldumarket.lt\/lt\/product\/almitara-30x110x30cm-wiszaca-1-bialy\/","title":{"rendered":"Almitara, 30x110x30cm Pakabinamas 1 baltas"},"content":{"rendered":"<p>Pakabinamas \u0161viestuvas \u201eAlmitara\u201c \u2013 eleganti\u0161kas ir funkcionalus, modernaus dizaino pasirinkimas, puikiai derantis prie \u012fvairi\u0173 interjero dizain\u0173. Tiksl\u016bs jo matmenys \u2013 30 cm plo\u010dio, 110 cm ilgio ir 30 cm gylio, tod\u0117l jis u\u017etikrina gaus\u0173 ap\u0161vietim\u0105 ir gra\u017e\u0173 vizualin\u012f efekt\u0105. Pagrindinis \u0161viestuvo elementas \u2013 gaubtas \u2013 pagamintas i\u0161 patvaraus PVC audinio, suteikian\u010dio jam i\u0161skirtin\u0119 i\u0161vaizd\u0105 ir u\u017etikrinan\u010dio \u0161veln\u0173 \u0161viesos pasiskirstym\u0105. I\u0161 patvaraus plieno pagamintas \u0161viestuvo pagrindas u\u017etikrina stabilum\u0105 ir patikimum\u0105 daugel\u012f met\u0173. \u201eAlmitara\u201c \u0161viestuvas turi vien\u0105 \u0161viesos \u0161altin\u012f, leid\u017eiant\u012f tiksliai ap\u0161viesti konkre\u010di\u0105 zon\u0105. Populiarus E27 lizdas rei\u0161kia, kad jis suderinamas su daugybe rinkoje esan\u010di\u0173 lempu\u010di\u0173. Maksimali \u0161viesos galia yra 15 W, tod\u0117l u\u017etikrinamas pakankamas ap\u0161vietimas ir taupoma energija. \u201eAlmitara\u201c \u0161viestuvas turi IP20 apsaugos klas\u0119, o tai rei\u0161kia, kad jis tinka naudoti patalpose ir n\u0117ra atsparus dr\u0117gmei ar dulk\u0117ms. Vyraujanti balta spalv\u0173 gama suteikia interjerui subtil\u0173 ir eleganti\u0161k\u0105 vaizd\u0105. Papildomas dekoratyvinis elementas \u2013 medin\u0117s detal\u0117s, suteikian\u010dios \u0161ilumos ir jaukumo. Trumpai tariant, \u201eAlmitara\u201c pakabinamas \u0161viestuvas yra puikus pasirinkimas ie\u0161kantiems modernaus ap\u0161vietimo, kuris derint\u0173 estetik\u0105 ir funkcionalum\u0105. Unikalus dizainas, tvirtos med\u017eiagos ir galimyb\u0117 pritaikyti ap\u0161vietim\u0105 pagal individualius pageidavimus paver\u010dia j\u012f puikia dekoracija ir \u0161viesos \u0161altiniu \u012fvairiuose interjeruose.<\/p>","protected":false},"excerpt":{"rendered":"<p>Pakabinamas \u0161viestuvas \u201eAlmitara\u201c \u2013 eleganti\u0161kas ir funkcionalus, modernaus dizaino \u0161viestuvas, puikiai derantis prie \u012fvairi\u0173 interjero dizain\u0173. Tiksl\u016bs jo matmenys \u2013 30 cm plo\u010dio, 110 cm ilgio ir 30 cm gylio, tod\u0117l jis skleid\u017eia daug \u0161viesos ir sukuria gra\u017e\u0173 vaizdin\u012f efekt\u0105. Pagrindinis \u0161viestuvo elementas \u2013 gaubtas \u2013 pagamintas i\u0161 [\u2026]<\/p>","protected":false},"featured_media":28805,"comment_status":"open","ping_status":"open","template":"","meta":[],"product_brand":[],"product_cat":[2012,1231],"product_tag":[],"class_list":{"0":"post-28804","1":"product","2":"type-product","3":"status-publish","4":"has-post-thumbnail","6":"product_cat-eltap","7":"product_cat-lamps","9":"first","10":"instock","11":"purchasable","12":"product-type-simple"},"_links":{"self":[{"href":"https:\/\/baldumarket.lt\/lt\/wp-json\/wp\/v2\/product\/28804","targetHints":{"allow":["GET"]}}],"collection":[{"href":"https:\/\/baldumarket.lt\/lt\/wp-json\/wp\/v2\/product"}],"about":[{"href":"https:\/\/baldumarket.lt\/lt\/wp-json\/wp\/v2\/types\/product"}],"replies":[{"embeddable":true,"href":"https:\/\/baldumarket.lt\/lt\/wp-json\/wp\/v2\/comments?post=28804"}],"wp:featuredmedia":[{"embeddable":true,"href":"https:\/\/baldumarket.lt\/lt\/wp-json\/wp\/v2\/media\/28805"}],"wp:attachment":[{"href":"https:\/\/baldumarket.lt\/lt\/wp-json\/wp\/v2\/media?parent=28804"}],"wp:term":[{"taxonomy":"product_brand","embeddable":true,"href":"https:\/\/baldumarket.lt\/lt\/wp-json\/wp\/v2\/product_brand?post=28804"},{"taxonomy":"product_cat","embeddable":true,"href":"https:\/\/baldumarket.lt\/lt\/wp-json\/wp\/v2\/product_cat?post=28804"},{"taxonomy":"product_tag","embeddable":true,"href":"https:\/\/baldumarket.lt\/lt\/wp-json\/wp\/v2\/product_tag?post=28804"}],"curies":[{"name":"wp","href":"https:\/\/api.w.org\/{rel}","templated":true}]}}