{"id":28798,"date":"2025-11-14T19:06:10","date_gmt":"2025-11-14T16:06:10","guid":{"rendered":"https:\/\/baldumarket.lt\/product\/furtim-15x30x17cm-kinkiet-1-czarny\/"},"modified":"2026-03-24T18:18:12","modified_gmt":"2026-03-24T15:18:12","slug":"furtim-15x30x17cm-kinkiet-1-czarny","status":"publish","type":"product","link":"https:\/\/baldumarket.lt\/lt\/product\/furtim-15x30x17cm-kinkiet-1-czarny\/","title":{"rendered":"\u201eFurtim\u201c, 15 x 30 x 17 cm, sieninis \u0161viestuvas, 1 juodas"},"content":{"rendered":"<p>\u201eFurtim\u201c sieninis \u0161viestuvas \u2013 tai dizainerio sukurtas k\u016brinys, kuris j\u016bs\u0173 interjerui suteiks elegancijos ir modernumo. Tiksl\u016bs matmenys: plotis 15 cm, ilgis 30 cm ir auk\u0161tis 17 cm, tod\u0117l tai kompakti\u0161ka ir funkcionali ap\u0161vietimo alternatyva. \u0160viestuvo gaubtas pagamintas i\u0161 patvaraus plieno, u\u017etikrinan\u010dio ne tik ilgaam\u017ei\u0161kum\u0105, bet ir unikali\u0105 i\u0161vaizd\u0105. \u0160i med\u017eiaga leid\u017eia tolygiai paskirstyti \u0161vies\u0105, sukurdama \u0161ilt\u0105 atmosfer\u0105 kambaryje. Kaip ir \u0161viestuvo gaubtas, \u0161viestuvo gaubto pagrindas taip pat pagamintas i\u0161 eleganti\u0161ko plieno, u\u017etikrinan\u010dio estetin\u012f vientisum\u0105 visame gaminyje. \u201eFurtim\u201c sieninis \u0161viestuvas turi vien\u0105 \u0161viesos \u0161altin\u012f, puikiai tinkant\u012f tiksliniam konkre\u010dios zonos ap\u0161vietimui. E27 sriegis leid\u017eia naudoti plat\u0173 \u0161viesos \u0161altini\u0173 pasirinkim\u0105, o maksimali 15 W \u0161viesos galia leid\u017eia reguliuoti ry\u0161kum\u0105 pagal savo pageidavimus. IP 20 apsaugos klas\u0117 leid\u017eia sienin\u012f \u0161viestuv\u0105 naudoti sausose patalpose, garantuojant saugum\u0105 ir patikimum\u0105. Juodos ir auksin\u0117s spalv\u0173 \u201eFurtim\u201c sieninis \u0161viestuvas \u2013 tai elegancijos ir modernumo derinys. Juodos ir auksin\u0117s spalv\u0173 kontrastas sukuria unikali\u0105 ir ry\u0161ki\u0105 estetik\u0105, kuri pagyvins bet koki\u0105 erdv\u0119. \u0160is sieninis \u0161viestuvas ne tik skleid\u017eia \u0161vies\u0105, bet ir yra dekoratyvinis elementas, suteikiantis kambariui charakterio. Jis spinduliuoja auk\u0161tos kokyb\u0117s meistri\u0161kum\u0105 ir unikal\u0173 dizain\u0105, tod\u0117l yra puiki investicija \u012f interjero ap\u0161vietim\u0105.<\/p>","protected":false},"excerpt":{"rendered":"<p>\u201eFurtim\u201c sieninis \u0161viestuvas \u2013 tai dizainerio sukurtas k\u016brinys, kuris j\u016bs\u0173 interjerui suteiks elegancijos ir modernumo. Tiksl\u016bs matmenys: plotis 15 cm, ilgis 30 cm ir auk\u0161tis 17 cm, tod\u0117l tai kompakti\u0161ka ir funkcionali ap\u0161vietimo alternatyva. \u0160viestuvo gaubtas pagamintas i\u0161 patvaraus plieno, u\u017etikrinan\u010dio ne tik ilgaam\u017ei\u0161kum\u0105, bet ir unikali\u0105 i\u0161vaizd\u0105. \u0160is [\u2026]<\/p>","protected":false},"featured_media":28799,"comment_status":"open","ping_status":"open","template":"","meta":[],"product_brand":[],"product_cat":[2012,1231],"product_tag":[],"class_list":{"0":"post-28798","1":"product","2":"type-product","3":"status-publish","4":"has-post-thumbnail","6":"product_cat-eltap","7":"product_cat-lamps","9":"first","10":"instock","11":"purchasable","12":"product-type-simple"},"_links":{"self":[{"href":"https:\/\/baldumarket.lt\/lt\/wp-json\/wp\/v2\/product\/28798","targetHints":{"allow":["GET"]}}],"collection":[{"href":"https:\/\/baldumarket.lt\/lt\/wp-json\/wp\/v2\/product"}],"about":[{"href":"https:\/\/baldumarket.lt\/lt\/wp-json\/wp\/v2\/types\/product"}],"replies":[{"embeddable":true,"href":"https:\/\/baldumarket.lt\/lt\/wp-json\/wp\/v2\/comments?post=28798"}],"wp:featuredmedia":[{"embeddable":true,"href":"https:\/\/baldumarket.lt\/lt\/wp-json\/wp\/v2\/media\/28799"}],"wp:attachment":[{"href":"https:\/\/baldumarket.lt\/lt\/wp-json\/wp\/v2\/media?parent=28798"}],"wp:term":[{"taxonomy":"product_brand","embeddable":true,"href":"https:\/\/baldumarket.lt\/lt\/wp-json\/wp\/v2\/product_brand?post=28798"},{"taxonomy":"product_cat","embeddable":true,"href":"https:\/\/baldumarket.lt\/lt\/wp-json\/wp\/v2\/product_cat?post=28798"},{"taxonomy":"product_tag","embeddable":true,"href":"https:\/\/baldumarket.lt\/lt\/wp-json\/wp\/v2\/product_tag?post=28798"}],"curies":[{"name":"wp","href":"https:\/\/api.w.org\/{rel}","templated":true}]}}