{"id":28774,"date":"2025-11-14T19:05:02","date_gmt":"2025-11-14T16:05:02","guid":{"rendered":"https:\/\/baldumarket.lt\/product\/orabela-55x55x32cm-sufitowa-3a-czarny\/"},"modified":"2026-04-07T01:31:54","modified_gmt":"2026-04-06T22:31:54","slug":"orabela-55x55x32cm-sufitowa-3a-czarny","status":"publish","type":"product","link":"https:\/\/baldumarket.lt\/lt\/product\/orabela-55x55x32cm-sufitowa-3a-czarny\/","title":{"rendered":"Orabela, 55x55x32cm Lubos 3A juoda"},"content":{"rendered":"<p>\u201eOrabela\u201c lubinis \u0161viestuvas yra puikus ap\u0161vietimo \u0161altinis, derinantis funkcionalum\u0105 su i\u0161skirtiniu dizainu. Jo matmenys \u2013 55 cm plo\u010dio, 55 cm ilgio ir 32 cm gylio \u2013 leid\u017eia jam harmoningai \u012fsilieti \u012f \u012fvairias erdves. Pagaminti i\u0161 tvirto plieno, tiek gaubtas, tiek pagrindas yra patvar\u016bs ir ilgaam\u017eiai. \u201eOrabela\u201c \u0161viestuvas \u017eavi trimis \u0161viesos \u0161altiniais, u\u017etikrinan\u010diais tolyg\u0173 ir pakankam\u0105 kambario ap\u0161vietim\u0105. E27 lizdas leid\u017eia lengvai \u012fmontuoti \u012fvairi\u0173 tip\u0173 lemputes, tod\u0117l galite reguliuoti \u0161viesos intensyvum\u0105 pagal savo pageidavimus. Maksimali 15 W \u0161viesos galia ne tik garantuoja efektyv\u0173 ap\u0161vietim\u0105, bet ir suma\u017eina energijos suvartojim\u0105. IP20 apsaugos klas\u0117 u\u017etikrina tinkam\u0105 apsaug\u0105 nuo dulki\u0173 ir smulki\u0173 daleli\u0173, taip u\u017etikrindama ilgaam\u017ei\u0161kum\u0105. Visas \u0161viestuvas yra eleganti\u0161kos juodos spalvos, suteikian\u010dios interjerui i\u0161skirtinumo. Gaubtas pagamintas i\u0161 tvirto plieno tinklelio, atkartojan\u010dio grie\u017et\u0105 ir modern\u0173 lofto stili\u0173. Cilindrin\u0117 gaubto forma yra pagrindinis \u0161viestuvo estetikos elementas. \u201eOrabela\u201c lubinis \u0161viestuvas si\u016blo ne tik prakti\u0161k\u0105 ap\u0161vietim\u0105, bet ir dizainerio akcent\u0105, kuris i\u0161skirs j\u016bs\u0173 interjer\u0105. D\u0117l auk\u0161tos kokyb\u0117s gamybos, prakti\u0161kumo ir unikalaus dizaino tai puikus pasirinkimas tiems, kurie ie\u0161ko ne tik \u0161viesos, bet ir estetin\u0117s vert\u0117s.<\/p>","protected":false},"excerpt":{"rendered":"<p>\u201eOrabela\u201c lubinis \u0161viestuvas yra puikus ap\u0161vietimo \u0161altinis, kuriame dera funkcionalumas ir i\u0161skirtinis dizainas. Jo matmenys \u2013 55 cm plo\u010dio, 55 cm ilgio ir 32 cm gylio \u2013 leid\u017eia jam harmoningai \u012fsilieti \u012f \u012fvairias erdves. Pagaminti i\u0161 tvirto plieno, tiek \u0161viestuvo gaubtas, tiek pagrindas yra patvar\u016bs ir ilgaam\u017eiai. \u201eOrabela\u201c \u0161viestuvas daro \u012fsp\u016bd\u012f [\u2026]<\/p>","protected":false},"featured_media":28775,"comment_status":"open","ping_status":"open","template":"","meta":[],"product_brand":[],"product_cat":[2012,1231],"product_tag":[],"class_list":{"0":"post-28774","1":"product","2":"type-product","3":"status-publish","4":"has-post-thumbnail","6":"product_cat-eltap","7":"product_cat-lamps","9":"first","10":"instock","11":"purchasable","12":"product-type-simple"},"_links":{"self":[{"href":"https:\/\/baldumarket.lt\/lt\/wp-json\/wp\/v2\/product\/28774","targetHints":{"allow":["GET"]}}],"collection":[{"href":"https:\/\/baldumarket.lt\/lt\/wp-json\/wp\/v2\/product"}],"about":[{"href":"https:\/\/baldumarket.lt\/lt\/wp-json\/wp\/v2\/types\/product"}],"replies":[{"embeddable":true,"href":"https:\/\/baldumarket.lt\/lt\/wp-json\/wp\/v2\/comments?post=28774"}],"wp:featuredmedia":[{"embeddable":true,"href":"https:\/\/baldumarket.lt\/lt\/wp-json\/wp\/v2\/media\/28775"}],"wp:attachment":[{"href":"https:\/\/baldumarket.lt\/lt\/wp-json\/wp\/v2\/media?parent=28774"}],"wp:term":[{"taxonomy":"product_brand","embeddable":true,"href":"https:\/\/baldumarket.lt\/lt\/wp-json\/wp\/v2\/product_brand?post=28774"},{"taxonomy":"product_cat","embeddable":true,"href":"https:\/\/baldumarket.lt\/lt\/wp-json\/wp\/v2\/product_cat?post=28774"},{"taxonomy":"product_tag","embeddable":true,"href":"https:\/\/baldumarket.lt\/lt\/wp-json\/wp\/v2\/product_tag?post=28774"}],"curies":[{"name":"wp","href":"https:\/\/api.w.org\/{rel}","templated":true}]}}