{"id":28768,"date":"2025-11-14T19:04:47","date_gmt":"2025-11-14T16:04:47","guid":{"rendered":"https:\/\/baldumarket.lt\/product\/desolo-40x21x40cm-sufitowa-1-czarny\/"},"modified":"2026-04-07T01:31:40","modified_gmt":"2026-04-06T22:31:40","slug":"desolo-40x21x40cm-sufitowa-1-czarny","status":"publish","type":"product","link":"https:\/\/baldumarket.lt\/lt\/product\/desolo-40x21x40cm-sufitowa-1-czarny\/","title":{"rendered":"Desolo, 40x21x40cm Lubos 1 juoda"},"content":{"rendered":"<p>\u201eDesolo\u201c lubinis \u0161viestuvas \u2013 modernus ir eleganti\u0161kas j\u016bs\u0173 interjero papildymas. Tiksl\u016bs jo matmenys yra 40 cm plo\u010dio, 21 cm ilgio ir 40 cm gylio, tod\u0117l jis kompakti\u0161kas, ta\u010diau \u012fsp\u016bdingas. Jis pagamintas i\u0161 patvaraus plieninio gaubto ir pagrindo. \u0160viestuvas turi vien\u0105 \u0161viesos \u0161altin\u012f, leid\u017eiant\u012f nukreipti \u0161vies\u0105 \u012f konkre\u010di\u0105 viet\u0105, sukuriant maloni\u0105 atmosfer\u0105 kambaryje. E27 lizdas u\u017etikrina suderinamum\u0105 su \u012fvairi\u0173 tip\u0173 lemput\u0117mis. Maksimali \u0161viesos galia yra 15 W, tod\u0117l u\u017etikrinamas efektyvus ap\u0161vietimas ir energijos taupymas. \u201eDesolo\u201c lubinis \u0161viestuvas turi IP20 apsaugos lyg\u012f, o tai rei\u0161kia, kad jis tinka naudoti patalpose, apsaugo nuo dulki\u0173, ta\u010diau netinka patalpoms, kuriose yra didel\u0117 dr\u0117gm\u0117. 1,9 kg svoris leid\u017eia j\u012f lengvai sumontuoti ir perkelti. \u0160viestuvo dizainas yra unikalus \u2013 i\u0161or\u0117 yra eleganti\u0161kos juodos spalvos, suteikian\u010dios jam modernumo, o gaubto vidus dekoruotas auksiniu atspalviu, suteikian\u010diu prabangos ir elegancijos. \u201eDesolo\u201c lubinis \u0161viestuvas yra puikus pasirinkimas tiems, kurie ie\u0161ko funkcionalumo, dizaino ir unikalios atmosferos derinio savo interjere.<\/p>","protected":false},"excerpt":{"rendered":"<p>\u201eDesolo\u201c lubinis \u0161viestuvas yra modernus ir eleganti\u0161kas j\u016bs\u0173 interjero papildymas. Tiksl\u016bs jo matmenys yra 40 cm plo\u010dio, 21 cm ilgio ir 40 cm gylio, tod\u0117l jis kompakti\u0161kas, ta\u010diau \u012fsp\u016bdingas. Jis pagamintas i\u0161 patvaraus plieninio gaubto ir pagrindo. \u0160viestuvas turi vien\u0105 \u0161viesos \u0161altin\u012f, tod\u0117l galite sutelkti \u0161vies\u0105 \u012f [\u2026]<\/p>","protected":false},"featured_media":28769,"comment_status":"open","ping_status":"open","template":"","meta":[],"product_brand":[],"product_cat":[2012,1231],"product_tag":[],"class_list":{"0":"post-28768","1":"product","2":"type-product","3":"status-publish","4":"has-post-thumbnail","6":"product_cat-eltap","7":"product_cat-lamps","9":"first","10":"instock","11":"purchasable","12":"product-type-simple"},"_links":{"self":[{"href":"https:\/\/baldumarket.lt\/lt\/wp-json\/wp\/v2\/product\/28768","targetHints":{"allow":["GET"]}}],"collection":[{"href":"https:\/\/baldumarket.lt\/lt\/wp-json\/wp\/v2\/product"}],"about":[{"href":"https:\/\/baldumarket.lt\/lt\/wp-json\/wp\/v2\/types\/product"}],"replies":[{"embeddable":true,"href":"https:\/\/baldumarket.lt\/lt\/wp-json\/wp\/v2\/comments?post=28768"}],"wp:featuredmedia":[{"embeddable":true,"href":"https:\/\/baldumarket.lt\/lt\/wp-json\/wp\/v2\/media\/28769"}],"wp:attachment":[{"href":"https:\/\/baldumarket.lt\/lt\/wp-json\/wp\/v2\/media?parent=28768"}],"wp:term":[{"taxonomy":"product_brand","embeddable":true,"href":"https:\/\/baldumarket.lt\/lt\/wp-json\/wp\/v2\/product_brand?post=28768"},{"taxonomy":"product_cat","embeddable":true,"href":"https:\/\/baldumarket.lt\/lt\/wp-json\/wp\/v2\/product_cat?post=28768"},{"taxonomy":"product_tag","embeddable":true,"href":"https:\/\/baldumarket.lt\/lt\/wp-json\/wp\/v2\/product_tag?post=28768"}],"curies":[{"name":"wp","href":"https:\/\/api.w.org\/{rel}","templated":true}]}}