{"id":28758,"date":"2025-11-14T19:04:28","date_gmt":"2025-11-14T16:04:28","guid":{"rendered":"https:\/\/baldumarket.lt\/product\/biancco-ii\/"},"modified":"2026-03-24T18:18:12","modified_gmt":"2026-03-24T15:18:12","slug":"biancco-ii","status":"publish","type":"product","link":"https:\/\/baldumarket.lt\/lt\/product\/biancco-ii\/","title":{"rendered":"Biancco II"},"content":{"rendered":"<p>\u201eBiancco\u201c stumdoma spinta \u2013 prakti\u0161kas ir stilingas daikt\u0173 laikymo sprendimas, puikiai derantis prie j\u016bs\u0173 interjero. 120 cm plo\u010dio, 220 cm auk\u0161\u010dio ir 60 cm gylio ji suteikia daug vietos j\u016bs\u0173 daiktams susitvarkyti. Spintos korpusas pagamintas i\u0161 patvarios 16 mm storio MDF plok\u0161t\u0117s, o ABS kra\u0161tas suteikia papildom\u0105 apsaug\u0105 nuo mechanini\u0173 pa\u017eeidim\u0173 ir u\u017etikrina esteti\u0161k\u0105 i\u0161vaizd\u0105. Spinta nuda\u017eyta eleganti\u0161ka balta spalva, suteikian\u010dia kambariui \u0161viesumo ir gaivos poj\u016bt\u012f. Kadangi duryse n\u0117ra veidrod\u017eio, spinta atrodo minimalisti\u0161kai ir moderniai, tod\u0117l puikiai dera prie \u012fvairi\u0173 interjero stili\u0173. Viduje yra \u0161e\u0161ios patvarios lentynos, kuri\u0173 kiekvienos keliamoji galia siekia iki 10 kg. Tai puiki vieta laikyti drabu\u017eius, aksesuarus ir kitus smulkius daiktus, kuriuos norite laikyti po ranka. Spintos kojel\u0117s, pagamintos i\u0161 auk\u0161tos kokyb\u0117s plastiko, yra 0,5 cm auk\u0161\u010dio ir turi baltas b\u0117geles. D\u0117l to spint\u0105 lengva perkelti ir ji nepalieka \u017eymi\u0173 ant grind\u0173. Pridedami b\u0117geliai leid\u017eia pakabinti drabu\u017eius ant pakab\u0173, o tai dar labiau padidina spintos funkcionalum\u0105 ir supaprastina organizavim\u0105. \u201eBiancco\u201c stumdoma spinta yra prakti\u0161kas ir esteti\u0161kai patrauklus daikt\u0173 laikymo sprendimas, kuris palaikys tvark\u0105 j\u016bs\u0173 viduje ir suteiks reikiamos vietos \u012fvairiems daiktams laikyti. Tvirta konstrukcija ir funkcionalumas u\u017etikrins, kad ji bus j\u016bs\u0173 palydov\u0117 daugel\u012f met\u0173 ir bus patikimas daikt\u0173 laikymo sprendimas.<\/p>","protected":false},"excerpt":{"rendered":"<p>\u201eBiancco\u201c stumdoma spinta \u2013 prakti\u0161kas ir stilingas daikt\u0173 laikymo sprendimas, kuris puikiai tiks j\u016bs\u0173 interjerui. 120 cm plo\u010dio, 220 cm auk\u0161\u010dio ir 60 cm gylio, tod\u0117l ji suteikia daug vietos j\u016bs\u0173 daiktams susitvarkyti. Spintos korpusas pagamintas i\u0161 patvarios 16 mm storio MDF plok\u0161t\u0117s, o jos ABS kra\u0161tas suteikia papildomo [\u2026]<\/p>","protected":false},"featured_media":28759,"comment_status":"open","ping_status":"open","template":"","meta":[],"product_brand":[],"product_cat":[2012,1177],"product_tag":[],"class_list":{"0":"post-28758","1":"product","2":"type-product","3":"status-publish","4":"has-post-thumbnail","6":"product_cat-eltap","7":"product_cat-wardrobes","9":"first","10":"instock","11":"purchasable","12":"product-type-simple"},"_links":{"self":[{"href":"https:\/\/baldumarket.lt\/lt\/wp-json\/wp\/v2\/product\/28758","targetHints":{"allow":["GET"]}}],"collection":[{"href":"https:\/\/baldumarket.lt\/lt\/wp-json\/wp\/v2\/product"}],"about":[{"href":"https:\/\/baldumarket.lt\/lt\/wp-json\/wp\/v2\/types\/product"}],"replies":[{"embeddable":true,"href":"https:\/\/baldumarket.lt\/lt\/wp-json\/wp\/v2\/comments?post=28758"}],"wp:featuredmedia":[{"embeddable":true,"href":"https:\/\/baldumarket.lt\/lt\/wp-json\/wp\/v2\/media\/28759"}],"wp:attachment":[{"href":"https:\/\/baldumarket.lt\/lt\/wp-json\/wp\/v2\/media?parent=28758"}],"wp:term":[{"taxonomy":"product_brand","embeddable":true,"href":"https:\/\/baldumarket.lt\/lt\/wp-json\/wp\/v2\/product_brand?post=28758"},{"taxonomy":"product_cat","embeddable":true,"href":"https:\/\/baldumarket.lt\/lt\/wp-json\/wp\/v2\/product_cat?post=28758"},{"taxonomy":"product_tag","embeddable":true,"href":"https:\/\/baldumarket.lt\/lt\/wp-json\/wp\/v2\/product_tag?post=28758"}],"curies":[{"name":"wp","href":"https:\/\/api.w.org\/{rel}","templated":true}]}}