{"id":28749,"date":"2025-11-14T19:04:15","date_gmt":"2025-11-14T16:04:15","guid":{"rendered":"https:\/\/baldumarket.lt\/product\/biancco-ii-z-lustrem\/"},"modified":"2026-03-24T18:18:12","modified_gmt":"2026-03-24T15:18:12","slug":"biancco-ii-z-lustrem","status":"publish","type":"product","link":"https:\/\/baldumarket.lt\/lt\/product\/biancco-ii-z-lustrem\/","title":{"rendered":"Biancco II su veidu"},"content":{"rendered":"<p>\u201eBiancco\u201c stumdoma spinta su veidrod\u017eiu \u2013 eleganti\u0161kas ir funkcionalus sprendimas, kuris ne tik pad\u0117s palaikyti tvark\u0105 j\u016bs\u0173 interjere, bet ir vizualiai j\u012f i\u0161pl\u0117s. Ji si\u016blo patog\u0173 daikt\u0173 laikym\u0105 ir esteti\u0161k\u0105 dizain\u0105, kuris suteiks j\u016bs\u0173 interjerui modernumo ir lengvumo. \u0160i \u012fsp\u016bdinga spinta yra 120 cm plo\u010dio, 220 cm auk\u0161\u010dio ir 60 cm gylio, tod\u0117l joje yra daug vietos drabu\u017eiams, aksesuarams ir kitiems daiktams, kuriuos norite laikyti lengvai pasiekiamu atstumu. Spintos korpusas pagamintas i\u0161 patvarios 16 mm storio MDF plok\u0161t\u0117s, o ABS kra\u0161tai ne tik apsaugo kra\u0161tus, bet ir pagerina bendr\u0105 estetik\u0105. \u201eBiancco\u201c stumdoma spinta su veidrod\u017eiu pasi\u017eymi eleganti\u0161ka balta apdaila, kuri suteikia kambariui erdvumo ir \u0161viesumo poj\u016bt\u012f. Veidrodis ant spintos dureli\u0173 ne tik leid\u017eia lengviau \u012fvertinti savo i\u0161vaizd\u0105, bet ir vizualiai padidina kambar\u012f, o tai ypa\u010d naudinga ma\u017eesn\u0117se erdv\u0117se. Spintos vidus kruop\u0161\u010diai suprojektuotas taip, kad optimaliai tilpt\u0173 j\u016bs\u0173 daiktai. \u0160e\u0161ios patvarios lentynos, kuri\u0173 kiekvienos maksimali apkrova yra 10 kg, suteikia puiki\u0105 viet\u0105 drabu\u017eiams, batams ir aksesuarams laikyti. Be to, pridedami b\u0117geliai leid\u017eia pakabinti drabu\u017eius ant pakab\u0173, taip u\u017etikrinant patogi\u0105 prieig\u0105 prie spintos. Spintos kojel\u0117s, pagamintos i\u0161 patvaraus plastiko, yra 0,5 cm auk\u0161\u010dio ir turi baltas slydimo juostas. Tai leid\u017eia lengvai perkelti spint\u0105 ir apsaugoti grindis nuo pa\u017eeidim\u0173. \u201eBiancco\u201c stumdoma spinta su veidrod\u017eiu yra ne tik prakti\u0161kas daikt\u0173 laikymo sprendimas, bet ir dekoratyvinis elementas, kuris suteiks j\u016bs\u0173 interjerui stiliaus ir elegancijos. Tvirta konstrukcija ir kruop\u0161ti apdaila garantuoja patvarum\u0105 ir ilgaam\u017ei\u0161kum\u0105.<\/p>","protected":false},"excerpt":{"rendered":"<p>\u201eBiancco\u201c stumdoma spinta su veidrod\u017eiu \u2013 eleganti\u0161kas ir funkcionalus sprendimas, kuris ne tik pad\u0117s palaikyti tvark\u0105 j\u016bs\u0173 interjere, bet ir vizualiai i\u0161pl\u0117s erdv\u0119. Ji si\u016blo patog\u0173 daikt\u0173 laikym\u0105 ir esteti\u0161k\u0105 dizain\u0105, kuris suteiks j\u016bs\u0173 interjerui modernumo ir lengvumo. \u0160i \u012fsp\u016bdinga spinta yra 120 cm plo\u010dio, [\u2026]<\/p>","protected":false},"featured_media":28750,"comment_status":"open","ping_status":"open","template":"","meta":[],"product_brand":[],"product_cat":[2012,1177],"product_tag":[],"class_list":{"0":"post-28749","1":"product","2":"type-product","3":"status-publish","4":"has-post-thumbnail","6":"product_cat-eltap","7":"product_cat-wardrobes","8":"pa_frame-material-undefined","9":"pa_frame-material-type-undefined","10":"pa_leg-color-undefined","11":"pa_leg-material-undefined","12":"pa_linen-box-undefined","13":"pa_main-color-undefined","14":"pa_price-group-basic","15":"pa_seat-depth-undefined","16":"pa_seat-width-undefined","17":"pa_sleep-function-undefined","18":"pa_sleeping-area-length-undefined","19":"pa_sleeping-area-width-undefined","20":"pa_style-modern","21":"pa_textile-bialy-mat","22":"pa_upholstery-material-undefined","24":"first","25":"instock","26":"purchasable","27":"product-type-simple"},"_links":{"self":[{"href":"https:\/\/baldumarket.lt\/lt\/wp-json\/wp\/v2\/product\/28749","targetHints":{"allow":["GET"]}}],"collection":[{"href":"https:\/\/baldumarket.lt\/lt\/wp-json\/wp\/v2\/product"}],"about":[{"href":"https:\/\/baldumarket.lt\/lt\/wp-json\/wp\/v2\/types\/product"}],"replies":[{"embeddable":true,"href":"https:\/\/baldumarket.lt\/lt\/wp-json\/wp\/v2\/comments?post=28749"}],"wp:featuredmedia":[{"embeddable":true,"href":"https:\/\/baldumarket.lt\/lt\/wp-json\/wp\/v2\/media\/28750"}],"wp:attachment":[{"href":"https:\/\/baldumarket.lt\/lt\/wp-json\/wp\/v2\/media?parent=28749"}],"wp:term":[{"taxonomy":"product_brand","embeddable":true,"href":"https:\/\/baldumarket.lt\/lt\/wp-json\/wp\/v2\/product_brand?post=28749"},{"taxonomy":"product_cat","embeddable":true,"href":"https:\/\/baldumarket.lt\/lt\/wp-json\/wp\/v2\/product_cat?post=28749"},{"taxonomy":"product_tag","embeddable":true,"href":"https:\/\/baldumarket.lt\/lt\/wp-json\/wp\/v2\/product_tag?post=28749"}],"curies":[{"name":"wp","href":"https:\/\/api.w.org\/{rel}","templated":true}]}}