{"id":28740,"date":"2025-11-14T19:03:59","date_gmt":"2025-11-14T16:03:59","guid":{"rendered":"https:\/\/baldumarket.lt\/product\/biancco-iii\/"},"modified":"2026-03-24T18:18:20","modified_gmt":"2026-03-24T15:18:20","slug":"biancco-iii","status":"publish","type":"product","link":"https:\/\/baldumarket.lt\/lt\/product\/biancco-iii\/","title":{"rendered":"Biancco III"},"content":{"rendered":"<p>\u201eBiancco\u201c stumdoma spinta, kurios gylis \u2013 60 cm, plotis \u2013 180 cm, o auk\u0161tis \u2013 220 cm, yra prakti\u0161kas ir stilingas sprendimas j\u016bs\u0173 vidaus erdvei sutvarkyti. Eleganti\u0161kos baltos spalvos spinta ne tik patogiai laiko daiktus, bet ir suteikia harmonijos bei estetinio patrauklumo. Jos r\u0117mas pagamintas i\u0161 patvarios 16 mm storio MDF plok\u0161t\u0117s, o ABS apvadai kra\u0161tuose ne tik apsaugo nuo pa\u017eeidim\u0173, bet ir pagerina bendr\u0105 estetin\u012f vaizd\u0105. Lentyn\u0173 maksimali apkrova yra 10 kg, tod\u0117l jose galima laikyti \u012fvairius daiktus \u2013 nuo drabu\u017ei\u0173 iki aksesuar\u0173. Komplekte yra \u0161e\u0161ios patvarios lentynos, kurios padeda palaikyti tvark\u0105 ir organizuotum\u0105. Spintos kojel\u0117s, pagamintos i\u0161 patvaraus plastiko, yra 0,5 cm auk\u0161\u010dio ir turi baltas b\u0117geles. Pridedamos drabu\u017ei\u0173 pakabos leid\u017eia pakabinti drabu\u017eius ant pakab\u0173, o tai dar labiau padidina spintos funkcionalum\u0105. \u0160is prakti\u0161kas sprendimas padeda sutvarkyti j\u016bs\u0173 spint\u0105 ir palaikyti joje tvark\u0105. Trumpai tariant, \u201eBiancco\u201c trij\u0173 dur\u0173 stumdoma spinta, kurios gylis \u2013 60 cm, plotis \u2013 180 cm, o auk\u0161tis \u2013 220 cm, yra funkcionalus ir eleganti\u0161kas daikt\u0173 laikymo sprendimas, kuris puikiai tiks j\u016bs\u0173 interjerui. Tvirta konstrukcija ir prakti\u0161kos savyb\u0117s garantuoja ilgaam\u017ei\u0161kum\u0105 ir ilgaam\u017ei\u0161kum\u0105.<\/p>","protected":false},"excerpt":{"rendered":"<p>\u201eBiancco\u201c stumdoma spinta, kurios gylis \u2013 60 cm, plotis \u2013 180 cm, o auk\u0161tis \u2013 220 cm, yra prakti\u0161kas ir stilingas sprendimas j\u016bs\u0173 vidaus erdvei sutvarkyti. Eleganti\u0161kos baltos spalvos spinta ne tik patogiai laiko daiktus, bet ir suteikia harmonijos bei estetinio patrauklumo. Jos r\u0117mas pagamintas i\u0161 patvarios 16 mm storio MDF plok\u0161t\u0117s [\u2026]<\/p>","protected":false},"featured_media":28741,"comment_status":"open","ping_status":"open","template":"","meta":[],"product_brand":[],"product_cat":[2012,1177],"product_tag":[],"class_list":{"0":"post-28740","1":"product","2":"type-product","3":"status-publish","4":"has-post-thumbnail","6":"product_cat-eltap","7":"product_cat-wardrobes","9":"first","10":"instock","11":"purchasable","12":"product-type-simple"},"_links":{"self":[{"href":"https:\/\/baldumarket.lt\/lt\/wp-json\/wp\/v2\/product\/28740","targetHints":{"allow":["GET"]}}],"collection":[{"href":"https:\/\/baldumarket.lt\/lt\/wp-json\/wp\/v2\/product"}],"about":[{"href":"https:\/\/baldumarket.lt\/lt\/wp-json\/wp\/v2\/types\/product"}],"replies":[{"embeddable":true,"href":"https:\/\/baldumarket.lt\/lt\/wp-json\/wp\/v2\/comments?post=28740"}],"wp:featuredmedia":[{"embeddable":true,"href":"https:\/\/baldumarket.lt\/lt\/wp-json\/wp\/v2\/media\/28741"}],"wp:attachment":[{"href":"https:\/\/baldumarket.lt\/lt\/wp-json\/wp\/v2\/media?parent=28740"}],"wp:term":[{"taxonomy":"product_brand","embeddable":true,"href":"https:\/\/baldumarket.lt\/lt\/wp-json\/wp\/v2\/product_brand?post=28740"},{"taxonomy":"product_cat","embeddable":true,"href":"https:\/\/baldumarket.lt\/lt\/wp-json\/wp\/v2\/product_cat?post=28740"},{"taxonomy":"product_tag","embeddable":true,"href":"https:\/\/baldumarket.lt\/lt\/wp-json\/wp\/v2\/product_tag?post=28740"}],"curies":[{"name":"wp","href":"https:\/\/api.w.org\/{rel}","templated":true}]}}