{"id":28730,"date":"2025-11-14T19:03:40","date_gmt":"2025-11-14T16:03:40","guid":{"rendered":"https:\/\/baldumarket.lt\/product\/biancco-iii-z-lustrem\/"},"modified":"2026-03-24T18:18:20","modified_gmt":"2026-03-24T15:18:20","slug":"biancco-iii-z-lustrem","status":"publish","type":"product","link":"https:\/\/baldumarket.lt\/lt\/product\/biancco-iii-z-lustrem\/","title":{"rendered":"Biancco III su veidu"},"content":{"rendered":"<p>\u0160i trij\u0173 dur\u0173 \u201eBiancco\u201c stumdoma spinta su veidrod\u017eiu. 60 cm gylio, 180 cm plo\u010dio ir 220 cm auk\u0161\u010dio \u2013 tai prakti\u0161kas ir stilingas sprendimas j\u016bs\u0173 vidaus erdvei sutvarkyti. Eleganti\u0161ka balta spalva apdailinta spinta ne tik patogiai susid\u0117ti daiktus, bet ir suteikia harmonijos bei estetinio patrauklumo, vizualiai i\u0161pl\u0117sdama erdv\u0119. Jos r\u0117mas pagamintas i\u0161 patvarios 16 mm storio MDF plok\u0161t\u0117s, o ABS apvadai kra\u0161tuose ne tik apsaugo nuo pa\u017eeidim\u0173, bet ir pagerina bendr\u0105 estetik\u0105. Lentyn\u0173 maksimali apkrova yra 10 kg, tod\u0117l jose galima laikyti \u012fvairius daiktus \u2013 nuo drabu\u017ei\u0173 iki aksesuar\u0173. Komplekte yra \u0161e\u0161ios patvarios lentynos, kurios padeda palaikyti tvark\u0105 ir organizuotum\u0105. Spintos kojel\u0117s, pagamintos i\u0161 patvaraus plastiko, yra 0,5 cm auk\u0161\u010dio ir turi baltas b\u0117geles. Pridedamos drabu\u017ei\u0173 pakabos leid\u017eia pakabinti drabu\u017eius ant pakab\u0173, o tai dar labiau padidina spintos funkcionalum\u0105. \u0160is prakti\u0161kas sprendimas padeda sutvarkyti j\u016bs\u0173 spint\u0105 ir i\u0161laikyti joje tvark\u0105. Trumpai tariant, \u201eBiancco\u201c stumdoma spinta su trimis durimis ir veidrod\u017eiu, kurios matmenys \u2013 60 cm gylio, 180 cm plo\u010dio ir 220 cm auk\u0161\u010dio, yra funkcionalus ir eleganti\u0161kas daikt\u0173 laikymo sprendimas, puikiai derantis prie j\u016bs\u0173 interjero. Tvirta konstrukcija ir prakti\u0161kos savyb\u0117s garantuoja ilgaam\u017ei\u0161kum\u0105 ir ilgaam\u017ei\u0161kum\u0105, o veidrodis vizualiai i\u0161pl\u0117s erdv\u0119 ir suteiks j\u016bs\u0173 kambariui \u017eavesio.<\/p>","protected":false},"excerpt":{"rendered":"<p>\u0160i trij\u0173 dur\u0173 \u201eBiancco\u201c stumdoma spinta su veidrod\u017eiu. 60 cm gylio, 180 cm plo\u010dio ir 220 cm auk\u0161\u010dio \u2013 tai prakti\u0161kas ir stilingas sprendimas j\u016bs\u0173 vidaus erdvei sutvarkyti. Eleganti\u0161ka balta spalva apdailinta spinta ne tik patogiai susid\u0117ti daiktus, bet ir suteikia harmonijos bei estetinio patrauklumo, vizualiai i\u0161pl\u0117sdama erdv\u0119. Jos r\u0117mas [\u2026]<\/p>","protected":false},"featured_media":28731,"comment_status":"open","ping_status":"open","template":"","meta":[],"product_brand":[],"product_cat":[2012,1177],"product_tag":[],"class_list":{"0":"post-28730","1":"product","2":"type-product","3":"status-publish","4":"has-post-thumbnail","6":"product_cat-eltap","7":"product_cat-wardrobes","8":"pa_frame-material-undefined","9":"pa_frame-material-type-undefined","10":"pa_leg-color-undefined","11":"pa_leg-material-undefined","12":"pa_linen-box-undefined","13":"pa_main-color-undefined","14":"pa_price-group-basic","15":"pa_seat-depth-undefined","16":"pa_seat-width-undefined","17":"pa_sleep-function-undefined","18":"pa_sleeping-area-length-undefined","19":"pa_sleeping-area-width-undefined","20":"pa_style-modern","21":"pa_textile-bialy-mat","22":"pa_upholstery-material-undefined","24":"first","25":"instock","26":"purchasable","27":"product-type-simple"},"_links":{"self":[{"href":"https:\/\/baldumarket.lt\/lt\/wp-json\/wp\/v2\/product\/28730","targetHints":{"allow":["GET"]}}],"collection":[{"href":"https:\/\/baldumarket.lt\/lt\/wp-json\/wp\/v2\/product"}],"about":[{"href":"https:\/\/baldumarket.lt\/lt\/wp-json\/wp\/v2\/types\/product"}],"replies":[{"embeddable":true,"href":"https:\/\/baldumarket.lt\/lt\/wp-json\/wp\/v2\/comments?post=28730"}],"wp:featuredmedia":[{"embeddable":true,"href":"https:\/\/baldumarket.lt\/lt\/wp-json\/wp\/v2\/media\/28731"}],"wp:attachment":[{"href":"https:\/\/baldumarket.lt\/lt\/wp-json\/wp\/v2\/media?parent=28730"}],"wp:term":[{"taxonomy":"product_brand","embeddable":true,"href":"https:\/\/baldumarket.lt\/lt\/wp-json\/wp\/v2\/product_brand?post=28730"},{"taxonomy":"product_cat","embeddable":true,"href":"https:\/\/baldumarket.lt\/lt\/wp-json\/wp\/v2\/product_cat?post=28730"},{"taxonomy":"product_tag","embeddable":true,"href":"https:\/\/baldumarket.lt\/lt\/wp-json\/wp\/v2\/product_tag?post=28730"}],"curies":[{"name":"wp","href":"https:\/\/api.w.org\/{rel}","templated":true}]}}