{"id":28721,"date":"2025-11-14T19:03:23","date_gmt":"2025-11-14T16:03:23","guid":{"rendered":"https:\/\/baldumarket.lt\/product\/esville-ii\/"},"modified":"2026-03-24T18:18:20","modified_gmt":"2026-03-24T15:18:20","slug":"esville-ii","status":"publish","type":"product","link":"https:\/\/baldumarket.lt\/lt\/product\/esville-ii\/","title":{"rendered":"Esvilis II"},"content":{"rendered":"<p>\u201eEsville\u201c stumdoma spinta \u2013 puikus sprendimas j\u016bs\u0173 erdvei sutvarkyti. Ji si\u016blo prakti\u0161k\u0105 ir esteti\u0161kai patraukl\u0173 daikt\u0173 laikymo sprendim\u0105, nereikalaujant papildomos vietos durims atidaryti. Jos matmenys \u2013 60 cm gylio, 120 cm plo\u010dio ir 220 cm auk\u0161\u010dio \u2013 puikiai tinka \u012fvairiems interjerams. Pagaminta i\u0161 auk\u0161tos kokyb\u0117s med\u017eiag\u0173, spinta yra patvari ir patikima. Spintos korpusas pagamintas i\u0161 16 mm storio MDF plok\u0161t\u0117s, u\u017etikrinan\u010dios stabilum\u0105 ir tvirtum\u0105. ABS kra\u0161tai apsaugo baldus nuo pa\u017eeidim\u0173 ir suteikia jiems eleganti\u0161k\u0105 i\u0161vaizd\u0105. Vidus buvo sumaniai suprojektuotas taip, kad b\u016bt\u0173 galima optimaliai i\u0161naudoti erdv\u0119. Spintoje yra \u0161e\u0161ios lentynos, kuri\u0173 kiekvienos keliamoji galia yra iki 10 kg, tod\u0117l galima laikyti \u012fvairius daiktus. Pridedami pakabinimo b\u0117geliai leid\u017eia pakabinti drabu\u017eius, u\u017etikrinant tvark\u0105 ir lengv\u0105 prieig\u0105. Dvejos stumdomos durys leid\u017eia patogiai atidaryti ir u\u017edaryti spint\u0105 neu\u017eimant papildomos vietos. Tai leid\u017eia lengvai sutalpinti spint\u0105 net ma\u017eoje patalpoje. Spintos 0,5 cm auk\u0161\u010dio kojel\u0117s pagamintos i\u0161 patvaraus plastiko, tod\u0117l j\u0105 lengva perkelti ir i\u0161laikyti tinkam\u0105 auk\u0161t\u012f stabilumui. Drabu\u017ei\u0173 spintos \u0105\u017euolo ir matin\u0117s juodos spalvos suteikia jai modern\u0173 ir eleganti\u0161k\u0105 charakter\u012f, kuris skland\u017eiai dera prie \u012fvairi\u0173 interjero stili\u0173. Trumpai tariant, \u201eEsville\u201c stumdoma spinta yra prakti\u0161kas ir esteti\u0161kai patrauklus daikt\u0173 laikymo sprendimas, leid\u017eiantis sutvarkyti erdv\u0119 neatidarant tradicini\u0173 dur\u0173. Tvirta konstrukcija, funkcionalumas ir modernus dizainas paver\u010dia j\u0105 ne tik prakti\u0161ku baldu, bet ir dekoratyviu j\u016bs\u0173 interjero akcentu.<\/p>","protected":false},"excerpt":{"rendered":"<p>\u201eEsville\u201c stumdoma spinta \u2013 puikus sprendimas j\u016bs\u0173 erdvei sutvarkyti. Ji si\u016blo prakti\u0161k\u0105 ir esteti\u0161kai patraukl\u0173 daikt\u0173 laikymo sprendim\u0105, nereikalaujant papildomos vietos durims atidaryti. Jos matmenys \u2013 60 cm gylio, 120 cm plo\u010dio ir 220 cm auk\u0161\u010dio \u2013 puikiai tinka \u012fvairiems interjerams. Pagaminta i\u0161 auk\u0161tos kokyb\u0117s [\u2026]<\/p>","protected":false},"featured_media":28722,"comment_status":"open","ping_status":"open","template":"","meta":[],"product_brand":[],"product_cat":[2012,1177],"product_tag":[],"class_list":{"0":"post-28721","1":"product","2":"type-product","3":"status-publish","4":"has-post-thumbnail","6":"product_cat-eltap","7":"product_cat-wardrobes","9":"first","10":"instock","11":"purchasable","12":"product-type-simple"},"_links":{"self":[{"href":"https:\/\/baldumarket.lt\/lt\/wp-json\/wp\/v2\/product\/28721","targetHints":{"allow":["GET"]}}],"collection":[{"href":"https:\/\/baldumarket.lt\/lt\/wp-json\/wp\/v2\/product"}],"about":[{"href":"https:\/\/baldumarket.lt\/lt\/wp-json\/wp\/v2\/types\/product"}],"replies":[{"embeddable":true,"href":"https:\/\/baldumarket.lt\/lt\/wp-json\/wp\/v2\/comments?post=28721"}],"wp:featuredmedia":[{"embeddable":true,"href":"https:\/\/baldumarket.lt\/lt\/wp-json\/wp\/v2\/media\/28722"}],"wp:attachment":[{"href":"https:\/\/baldumarket.lt\/lt\/wp-json\/wp\/v2\/media?parent=28721"}],"wp:term":[{"taxonomy":"product_brand","embeddable":true,"href":"https:\/\/baldumarket.lt\/lt\/wp-json\/wp\/v2\/product_brand?post=28721"},{"taxonomy":"product_cat","embeddable":true,"href":"https:\/\/baldumarket.lt\/lt\/wp-json\/wp\/v2\/product_cat?post=28721"},{"taxonomy":"product_tag","embeddable":true,"href":"https:\/\/baldumarket.lt\/lt\/wp-json\/wp\/v2\/product_tag?post=28721"}],"curies":[{"name":"wp","href":"https:\/\/api.w.org\/{rel}","templated":true}]}}