{"id":28712,"date":"2025-11-14T19:03:08","date_gmt":"2025-11-14T16:03:08","guid":{"rendered":"https:\/\/baldumarket.lt\/product\/esville-ii-z-lustrem\/"},"modified":"2026-03-24T18:18:20","modified_gmt":"2026-03-24T15:18:20","slug":"esville-ii-z-lustrem","status":"publish","type":"product","link":"https:\/\/baldumarket.lt\/lt\/product\/esville-ii-z-lustrem\/","title":{"rendered":"Esville II su veidu"},"content":{"rendered":"<p>\u201eEsville\u201c stumdoma spinta su veidrod\u017eiu \u2013 eleganti\u0161kas ir prakti\u0161kas sprendimas, kuris ne tik puikiai sutvarkys erdv\u0119, bet ir suteiks j\u016bs\u0173 kambariui lengvumo bei jaukumo. Jos matmenys \u2013 60 cm gylio, 120 cm plo\u010dio ir 220 cm auk\u0161\u010dio \u2013 puikiai tinka \u012fvairiems interjero dizainams. Pagaminta i\u0161 auk\u0161tos kokyb\u0117s med\u017eiag\u0173, spinta garantuoja patvarum\u0105 ir funkcionalum\u0105 ilgus metus. Jos korpusas pagamintas i\u0161 tvirtos 16 mm storio MDF plok\u0161t\u0117s, o ABS apvadai kra\u0161tuose apsaugo baldus nuo pa\u017eeidim\u0173 ir suteikia jiems eleganti\u0161k\u0105 i\u0161vaizd\u0105. \u201eEsville\u201c spinta su veidrod\u017eiu turi praktini\u0173 element\u0173, leid\u017eian\u010di\u0173 efektyviai i\u0161naudoti erdv\u0119. Spintos vidus yra kruop\u0161\u010diai suprojektuotas, jame yra \u0161e\u0161ios lentynos, kuri\u0173 kiekvienos keliamoji galia yra iki 10 kg. Be to, pridedami drabu\u017ei\u0173 kabliai leid\u017eia pakabinti drabu\u017eius, palaikyti tvark\u0105 ir palengvinti kasdien\u012f aprangos pasirinkim\u0105. Dvejos stumdomos durys leid\u017eia patogiai atidaryti ir u\u017edaryti spint\u0105, nereikalaujant didelio aplinkinio ploto. Veidrodin\u0117 versija suteikia papildomo \u017eavesio ir erdv\u0117s, tod\u0117l kambarys gali atrodyti didesnis ir erdvesnis. 0,5 cm auk\u0161\u010dio kojel\u0117s, pagamintos i\u0161 patvaraus plastiko, leid\u017eia baldus lengvai perkelti ir i\u0161laikyti tinkamame auk\u0161tyje, u\u017etikrinant stabilum\u0105. Spintos spalv\u0173 gama \u2013 dirbtinio \u0105\u017euolo ir matin\u0117s juodos spalvos derinys \u2013 suteikia jai modern\u0173 ir eleganti\u0161k\u0105 charakter\u012f, kuris dera prie \u012fvairi\u0173 interjero stili\u0173. Trumpai tariant, \u201eEsville\u201c stumdoma spinta su veidrod\u017eiu yra ne tik funkcionalus daikt\u0173 laikymo elementas, bet ir patrauklus dekoratyvinis elementas, suteiksiantis j\u016bs\u0173 kambariui unikalumo. D\u0117l sumaniai suprojektuoto vidaus ir tvirtos konstrukcijos \u0161i spinta pasi\u017eymi ir komfortu, ir estetika.<\/p>","protected":false},"excerpt":{"rendered":"<p>\u201eEsville\u201c stumdoma spinta su veidrod\u017eiu yra eleganti\u0161kas ir prakti\u0161kas sprendimas, kuris ne tik puikiai sutvarkys erdv\u0119, bet ir suteiks j\u016bs\u0173 kambariui lengvumo bei jaukumo. Jos matmenys \u2013 60 cm gylio, 120 cm plo\u010dio ir 220 cm auk\u0161\u010dio \u2013 puikiai tinka \u012fvairiems [\u2026]<\/p>","protected":false},"featured_media":28713,"comment_status":"open","ping_status":"open","template":"","meta":[],"product_brand":[],"product_cat":[2012,1177],"product_tag":[],"class_list":{"0":"post-28712","1":"product","2":"type-product","3":"status-publish","4":"has-post-thumbnail","6":"product_cat-eltap","7":"product_cat-wardrobes","9":"first","10":"instock","11":"purchasable","12":"product-type-simple"},"_links":{"self":[{"href":"https:\/\/baldumarket.lt\/lt\/wp-json\/wp\/v2\/product\/28712","targetHints":{"allow":["GET"]}}],"collection":[{"href":"https:\/\/baldumarket.lt\/lt\/wp-json\/wp\/v2\/product"}],"about":[{"href":"https:\/\/baldumarket.lt\/lt\/wp-json\/wp\/v2\/types\/product"}],"replies":[{"embeddable":true,"href":"https:\/\/baldumarket.lt\/lt\/wp-json\/wp\/v2\/comments?post=28712"}],"wp:featuredmedia":[{"embeddable":true,"href":"https:\/\/baldumarket.lt\/lt\/wp-json\/wp\/v2\/media\/28713"}],"wp:attachment":[{"href":"https:\/\/baldumarket.lt\/lt\/wp-json\/wp\/v2\/media?parent=28712"}],"wp:term":[{"taxonomy":"product_brand","embeddable":true,"href":"https:\/\/baldumarket.lt\/lt\/wp-json\/wp\/v2\/product_brand?post=28712"},{"taxonomy":"product_cat","embeddable":true,"href":"https:\/\/baldumarket.lt\/lt\/wp-json\/wp\/v2\/product_cat?post=28712"},{"taxonomy":"product_tag","embeddable":true,"href":"https:\/\/baldumarket.lt\/lt\/wp-json\/wp\/v2\/product_tag?post=28712"}],"curies":[{"name":"wp","href":"https:\/\/api.w.org\/{rel}","templated":true}]}}