{"id":28694,"date":"2025-11-14T19:02:34","date_gmt":"2025-11-14T16:02:34","guid":{"rendered":"https:\/\/baldumarket.lt\/product\/esville-iii-z-lustrem\/"},"modified":"2026-03-24T18:18:20","modified_gmt":"2026-03-24T15:18:20","slug":"esville-iii-z-lustrem","status":"publish","type":"product","link":"https:\/\/baldumarket.lt\/lt\/product\/esville-iii-z-lustrem\/","title":{"rendered":"Esville III su veidud\u017eiu"},"content":{"rendered":"<p>\u201eEsville\u201c stumdoma spinta su veidrod\u017eiu, kurios gylis \u2013 60 cm, plotis \u2013 180 cm, o auk\u0161tis \u2013 220 cm, pagaminta i\u0161 meni\u0161ko \u0105\u017euolo \/ matin\u0117s juodos spalvos apdailos, yra prakti\u0161kas ir eleganti\u0161kas daikt\u0173 laikymo sprendimas. Tvirta konstrukcija ir kruop\u0161tus meistri\u0161kumas paver\u010dia j\u0105 puikiu j\u016bs\u0173 interjero papildymu. Sukurta atsi\u017evelgiant \u012f optimal\u0173 erdv\u0117s i\u0161naudojim\u0105, spinta turi \u0161e\u0161ias lentynas, kuri\u0173 kiekvienos keliamoji galia yra iki 10 kg, tod\u0117l galite tvarkingai laikyti \u012fvairius daiktus. Pridedami pakabinimo b\u0117geliai leid\u017eia pakabinti drabu\u017eius, dar labiau supaprastindami organizavim\u0105. Pagaminta i\u0161 16 mm storio MDF plok\u0161t\u0117s, spinta pasi\u017eymi tvirta konstrukcija, o ABS kra\u0161t\u0173 apdaila ne tik apsaugo nuo pa\u017eeidim\u0173, bet ir suteikia elegancijos. 0,5 cm auk\u0161\u010dio kojel\u0117s, pagamintos i\u0161 patvaraus juodo plastiko, u\u017etikrina stabilum\u0105 ir lengv\u0105 jud\u0117jim\u0105. \u201eEsville\u201c veidrodin\u0117 spinta turi tris stumdomas duris. Veidrodin\u0117s durys suteikia kambariui erdv\u0117s ir optinio gylio, sukurdamos maloni\u0105 atmosfer\u0105. Meni\u0161ko \u0105\u017euolo ir matin\u0117s juodos spalvos derinys suteikia spintai modern\u0173 vaizd\u0105, kuris skland\u017eiai dera su \u012fvairiais interjero stiliais. Trumpai tariant, \u201eEsville\u201c stumdoma spinta su veidrod\u017eiu, kurios gylis \u2013 60 cm, plotis \u2013 180 cm, o auk\u0161tis \u2013 220 cm, yra funkcionalus ir stilingas baldas, u\u017etikrinantis prakti\u0161k\u0105 daikt\u0173 laikym\u0105 ir kartu suteikiantis elegancijos, vizualinio lengvumo bei estetinio patrauklumo j\u016bs\u0173 interjerui.<\/p>","protected":false},"excerpt":{"rendered":"<p>\u201eEsville\u201c stumdoma spinta su veidrod\u017eiu, kurios gylis \u2013 60 cm, plotis \u2013 180 cm, o auk\u0161tis \u2013 220 cm, pagaminta i\u0161 meni\u0161ko \u0105\u017euolo \/ matin\u0117s juodos spalvos apdailos, yra prakti\u0161kas ir eleganti\u0161kas daikt\u0173 laikymo sprendimas. Tvirta konstrukcija ir kruop\u0161tus meistri\u0161kumas paver\u010dia j\u0105 puikiu j\u016bs\u0173 interjero papildymu. Sukurta atsi\u017evelgiant \u012f optimal\u0173 erdv\u0117s i\u0161naudojim\u0105, spinta pasi\u017eymi [\u2026]<\/p>","protected":false},"featured_media":28695,"comment_status":"open","ping_status":"open","template":"","meta":[],"product_brand":[],"product_cat":[2012,1177],"product_tag":[],"class_list":{"0":"post-28694","1":"product","2":"type-product","3":"status-publish","4":"has-post-thumbnail","6":"product_cat-eltap","7":"product_cat-wardrobes","9":"first","10":"instock","11":"purchasable","12":"product-type-simple"},"_links":{"self":[{"href":"https:\/\/baldumarket.lt\/lt\/wp-json\/wp\/v2\/product\/28694","targetHints":{"allow":["GET"]}}],"collection":[{"href":"https:\/\/baldumarket.lt\/lt\/wp-json\/wp\/v2\/product"}],"about":[{"href":"https:\/\/baldumarket.lt\/lt\/wp-json\/wp\/v2\/types\/product"}],"replies":[{"embeddable":true,"href":"https:\/\/baldumarket.lt\/lt\/wp-json\/wp\/v2\/comments?post=28694"}],"wp:featuredmedia":[{"embeddable":true,"href":"https:\/\/baldumarket.lt\/lt\/wp-json\/wp\/v2\/media\/28695"}],"wp:attachment":[{"href":"https:\/\/baldumarket.lt\/lt\/wp-json\/wp\/v2\/media?parent=28694"}],"wp:term":[{"taxonomy":"product_brand","embeddable":true,"href":"https:\/\/baldumarket.lt\/lt\/wp-json\/wp\/v2\/product_brand?post=28694"},{"taxonomy":"product_cat","embeddable":true,"href":"https:\/\/baldumarket.lt\/lt\/wp-json\/wp\/v2\/product_cat?post=28694"},{"taxonomy":"product_tag","embeddable":true,"href":"https:\/\/baldumarket.lt\/lt\/wp-json\/wp\/v2\/product_tag?post=28694"}],"curies":[{"name":"wp","href":"https:\/\/api.w.org\/{rel}","templated":true}]}}