{"id":28684,"date":"2025-11-14T19:02:16","date_gmt":"2025-11-14T16:02:16","guid":{"rendered":"https:\/\/baldumarket.lt\/product\/marrphy-ii-z-lustrem\/"},"modified":"2026-03-24T18:18:20","modified_gmt":"2026-03-24T15:18:20","slug":"marrphy-ii-z-lustrem","status":"publish","type":"product","link":"https:\/\/baldumarket.lt\/lt\/product\/marrphy-ii-z-lustrem\/","title":{"rendered":"Marrphy II su veidu"},"content":{"rendered":"<p>\u201eMarrphy\u201c stumdoma spinta su veidrod\u017eiu \u2013 tai funkcionalus ir eleganti\u0161kas sprendimas j\u016bs\u0173 erdvei, puikiai derinantis prakti\u0161kum\u0105 ir estetik\u0105. 60 cm gylio, 120 cm plo\u010dio ir 220 cm auk\u0161\u010dio \u0161i spinta suteikia daug vietos daiktams susid\u0117ti, neu\u017eimdama per daug vietos. Karamel\u0117s ir juodo \u0105\u017euolo spalv\u0173 gama sukuria harmoning\u0105 ir moderni\u0105 palet\u0119, suteikian\u010di\u0105 kambariui rafinuotumo. Spinta pagaminta i\u0161 patvarios 16 mm storio MDF plok\u0161t\u0117s, o ABS kra\u0161tai u\u017etikrina ne tik patvarum\u0105, bet ir estetin\u012f patrauklum\u0105. Spinta turi dvi viet\u0105 taupan\u010dias stumdomas duris, kurios skland\u017eiai ir tyliai atsidaro d\u0117l juodo slydimo. Taip pat pridedamos veidrodin\u0117s plok\u0161t\u0117s, kurios vizualiai padidina kambar\u012f ir suteikia prakti\u0161k\u0105 element\u0105 kasdieniam pasiruo\u0161imui. Spintos vidus yra kruop\u0161\u010diai suplanuotas, jame yra \u0161e\u0161ios lentynos, ant kuri\u0173 galite laikyti \u012fvairius daiktus. Be to, pridedamos drabu\u017ei\u0173 pakabos leid\u017eia pakabinti drabu\u017eius, padedant i\u0161laikyti j\u016bs\u0173 spint\u0105 tvarking\u0105 ir organizuot\u0105. 0,5 cm auk\u0161\u010dio plastikin\u0117s kojel\u0117s u\u017etikrina spintos stabilum\u0105 ir tolyg\u0173 atram\u0105 ant \u012fvairi\u0173 grind\u0173 tip\u0173. \u0160is sprendimas apsaugo nuo galim\u0173 nelygum\u0173 ir daro spint\u0105 patvari\u0105 bei tvirt\u0105. \u201eMarrphy\u201c stumdoma spinta su veidrod\u017eiu yra ne tik prakti\u0161kas daikt\u0173 laikymo sprendimas, bet ir dizaino elementas, suteikiantis bet kokiam interjerui klas\u0117s ir elegancijos. \u0160i spinta, derinanti funkcionalum\u0105, estetik\u0105 ir patvarum\u0105, bus puikus bet kurio kambario papildymas.<\/p>","protected":false},"excerpt":{"rendered":"<p>\u201eMarrphy\u201c stumdoma spinta su veidrod\u017eiu yra funkcionalus ir eleganti\u0161kas sprendimas j\u016bs\u0173 erdvei, puikiai derinantis prakti\u0161kum\u0105 ir estetik\u0105. 60 cm gylio, 120 cm plo\u010dio ir 220 cm auk\u0161\u010dio \u0161i spinta suteikia daug vietos daiktams susid\u0117ti, neu\u017eimdama per daug vietos. Karamel\u0117s ir juodo \u0105\u017euolo spalv\u0173 gama sukuria harmoning\u0105 ir moderni\u0105 palet\u0119 [\u2026]<\/p>","protected":false},"featured_media":28685,"comment_status":"open","ping_status":"open","template":"","meta":[],"product_brand":[],"product_cat":[2012,1177],"product_tag":[],"class_list":{"0":"post-28684","1":"product","2":"type-product","3":"status-publish","4":"has-post-thumbnail","6":"product_cat-eltap","7":"product_cat-wardrobes","9":"first","10":"instock","11":"purchasable","12":"product-type-simple"},"_links":{"self":[{"href":"https:\/\/baldumarket.lt\/lt\/wp-json\/wp\/v2\/product\/28684","targetHints":{"allow":["GET"]}}],"collection":[{"href":"https:\/\/baldumarket.lt\/lt\/wp-json\/wp\/v2\/product"}],"about":[{"href":"https:\/\/baldumarket.lt\/lt\/wp-json\/wp\/v2\/types\/product"}],"replies":[{"embeddable":true,"href":"https:\/\/baldumarket.lt\/lt\/wp-json\/wp\/v2\/comments?post=28684"}],"wp:featuredmedia":[{"embeddable":true,"href":"https:\/\/baldumarket.lt\/lt\/wp-json\/wp\/v2\/media\/28685"}],"wp:attachment":[{"href":"https:\/\/baldumarket.lt\/lt\/wp-json\/wp\/v2\/media?parent=28684"}],"wp:term":[{"taxonomy":"product_brand","embeddable":true,"href":"https:\/\/baldumarket.lt\/lt\/wp-json\/wp\/v2\/product_brand?post=28684"},{"taxonomy":"product_cat","embeddable":true,"href":"https:\/\/baldumarket.lt\/lt\/wp-json\/wp\/v2\/product_cat?post=28684"},{"taxonomy":"product_tag","embeddable":true,"href":"https:\/\/baldumarket.lt\/lt\/wp-json\/wp\/v2\/product_tag?post=28684"}],"curies":[{"name":"wp","href":"https:\/\/api.w.org\/{rel}","templated":true}]}}