{"id":28674,"date":"2025-11-14T19:01:54","date_gmt":"2025-11-14T16:01:54","guid":{"rendered":"https:\/\/baldumarket.lt\/product\/marrphy-ii\/"},"modified":"2026-03-24T18:18:20","modified_gmt":"2026-03-24T15:18:20","slug":"marrphy-ii","status":"publish","type":"product","link":"https:\/\/baldumarket.lt\/lt\/product\/marrphy-ii\/","title":{"rendered":"Marfis II"},"content":{"rendered":"<p>\u201eMarrphy\u201c stumdoma spinta \u2013 tai prakti\u0161kas ir stilingas daikt\u0173 laikymo sprendimas, puikiai derinantis funkcionalum\u0105 ir estetik\u0105. Jos matmenys \u2013 60 cm gylio, 120 cm plo\u010dio ir 220 cm auk\u0161\u010dio \u2013 leid\u017eia efektyviai i\u0161naudoti erdv\u0119 neu\u017eimant per daug vietos. Karamel\u0117s \u0105\u017euolo ir juodos spalv\u0173 schemos suteikia spintai modern\u0173 ir eleganti\u0161k\u0105 vaizd\u0105, kuris dera prie \u012fvairi\u0173 interjer\u0173. Pagaminta i\u0161 patvarios 16 mm storio MDF plok\u0161t\u0117s, spinta yra ne tik esteti\u0161kai patraukli, bet ir tvirta bei ilgaam\u017e\u0117. ABS kra\u0161tai suteikia ne tik tvirtumo, bet ir estetinio patrauklumo, sukurdami vientis\u0105 ir \u0161var\u0173 vaizd\u0105. Maksimali lentyn\u0173 apkrova yra 10 kg, tod\u0117l \u0161e\u0161iose lentynose galite saugiai laikyti \u012fvairius daiktus. Be to, komplekte esantys drabu\u017ei\u0173 skersiniai leid\u017eia pakabinti drabu\u017eius, padedant i\u0161laikyti j\u016bs\u0173 spint\u0105 tvarking\u0105 ir organizuot\u0105. 0,5 cm auk\u0161\u010dio plastikin\u0117s kojel\u0117s suteikia stabilumo ir tolygios atramos ant \u012fvairi\u0173 grind\u0173 tip\u0173. \u201eMarrphy\u201c beveidrodin\u0117 stumdoma spinta yra ne tik prakti\u0161kas daikt\u0173 laikymo sprendimas, bet ir dizainerio akcentas, suteikiantis j\u016bs\u0173 interjerui charakterio ir stiliaus. Subalansuota patvarumo, funkcionalumo ir estetikos kombinacija, \u0161i spinta taps nepakei\u010diamu j\u016bs\u0173 erdv\u0117s elementu.<\/p>","protected":false},"excerpt":{"rendered":"<p>\u201eMarrphy\u201c stumdoma spinta yra prakti\u0161kas ir stilingas daikt\u0173 laikymo sprendimas, puikiai derinantis funkcionalum\u0105 ir estetik\u0105. Jos matmenys \u2013 60 cm gylio, 120 cm plo\u010dio ir 220 cm auk\u0161\u010dio \u2013 leid\u017eia efektyviai i\u0161naudoti erdv\u0119 neu\u017eimant per daug vietos. Karamel\u0117s \u0105\u017euolo ir juodos spalv\u0173 schemos suteikia spintai modernumo ir elegancijos [\u2026]<\/p>","protected":false},"featured_media":28675,"comment_status":"open","ping_status":"open","template":"","meta":[],"product_brand":[],"product_cat":[2012,1177],"product_tag":[],"class_list":{"0":"post-28674","1":"product","2":"type-product","3":"status-publish","4":"has-post-thumbnail","6":"product_cat-eltap","7":"product_cat-wardrobes","9":"first","10":"instock","11":"purchasable","12":"product-type-simple"},"_links":{"self":[{"href":"https:\/\/baldumarket.lt\/lt\/wp-json\/wp\/v2\/product\/28674","targetHints":{"allow":["GET"]}}],"collection":[{"href":"https:\/\/baldumarket.lt\/lt\/wp-json\/wp\/v2\/product"}],"about":[{"href":"https:\/\/baldumarket.lt\/lt\/wp-json\/wp\/v2\/types\/product"}],"replies":[{"embeddable":true,"href":"https:\/\/baldumarket.lt\/lt\/wp-json\/wp\/v2\/comments?post=28674"}],"wp:featuredmedia":[{"embeddable":true,"href":"https:\/\/baldumarket.lt\/lt\/wp-json\/wp\/v2\/media\/28675"}],"wp:attachment":[{"href":"https:\/\/baldumarket.lt\/lt\/wp-json\/wp\/v2\/media?parent=28674"}],"wp:term":[{"taxonomy":"product_brand","embeddable":true,"href":"https:\/\/baldumarket.lt\/lt\/wp-json\/wp\/v2\/product_brand?post=28674"},{"taxonomy":"product_cat","embeddable":true,"href":"https:\/\/baldumarket.lt\/lt\/wp-json\/wp\/v2\/product_cat?post=28674"},{"taxonomy":"product_tag","embeddable":true,"href":"https:\/\/baldumarket.lt\/lt\/wp-json\/wp\/v2\/product_tag?post=28674"}],"curies":[{"name":"wp","href":"https:\/\/api.w.org\/{rel}","templated":true}]}}