{"id":28654,"date":"2025-11-14T19:01:17","date_gmt":"2025-11-14T16:01:17","guid":{"rendered":"https:\/\/baldumarket.lt\/product\/marrphy-iii-z-lustrem\/"},"modified":"2026-03-24T18:18:28","modified_gmt":"2026-03-24T15:18:28","slug":"marrphy-iii-z-lustrem","status":"publish","type":"product","link":"https:\/\/baldumarket.lt\/lt\/product\/marrphy-iii-z-lustrem\/","title":{"rendered":"Marrphy III su veidud\u017eiu"},"content":{"rendered":"<p>\u201eMarrphy\u201c stumdoma spinta su veidrod\u017eiu, kurios gylis \u2013 60 cm, plotis \u2013 180 cm, o auk\u0161tis \u2013 220 cm, yra prakti\u0161kas ir eleganti\u0161kas daikt\u0173 laikymo sprendimas. Karamel\u0117s ir juodo \u0105\u017euolo spalvos suteikia interjerui modernumo. Maksimali lentyn\u0173 apkrova \u2013 10 kg \u2013 u\u017etikrina saug\u0173 \u012fvairi\u0173 daikt\u0173 laikym\u0105. 0,5 cm auk\u0161\u010dio plastikin\u0117s kojel\u0117s su juodais b\u0117geliais u\u017etikrina stabilum\u0105 ir skland\u0173 jud\u0117jim\u0105. Spintos korpusas pagamintas i\u0161 16 mm storio MDF plok\u0161t\u0117s su ABS kra\u0161tais, tod\u0117l ji patvari ir esteti\u0161kai patraukli. Komplekte yra b\u0117geliai ir \u0161e\u0161ios lentynos tvarkingam daikt\u0173 laikymui. Spinta turi tris stumdomas veidrodines duris, kurios efektyviai i\u0161naudoja turim\u0105 erdv\u0119. D\u0117l harmoningo funkcionalumo ir estetikos derinio \u0161i spinta tampa nepakei\u010diamu bet kurio kambario elementu.<\/p>","protected":false},"excerpt":{"rendered":"<p>\u201eMarrphy\u201c stumdoma spinta su veidrod\u017eiu, kurios gylis \u2013 60 cm, plotis \u2013 180 cm, o auk\u0161tis \u2013 220 cm, yra prakti\u0161kas ir eleganti\u0161kas daikt\u0173 laikymo sprendimas. Karamel\u0117s ir juodo \u0105\u017euolo spalvos suteikia interjerui modernumo. Maksimali lentyn\u0173 apkrova \u2013 10 kg \u2013 u\u017etikrina saug\u0173 \u012fvairi\u0173 daikt\u0173 laikym\u0105. 0,5 [\u2026]<\/p>","protected":false},"featured_media":28655,"comment_status":"open","ping_status":"open","template":"","meta":[],"product_brand":[],"product_cat":[2012,1177],"product_tag":[],"class_list":{"0":"post-28654","1":"product","2":"type-product","3":"status-publish","4":"has-post-thumbnail","6":"product_cat-eltap","7":"product_cat-wardrobes","9":"first","10":"instock","11":"purchasable","12":"product-type-simple"},"_links":{"self":[{"href":"https:\/\/baldumarket.lt\/lt\/wp-json\/wp\/v2\/product\/28654","targetHints":{"allow":["GET"]}}],"collection":[{"href":"https:\/\/baldumarket.lt\/lt\/wp-json\/wp\/v2\/product"}],"about":[{"href":"https:\/\/baldumarket.lt\/lt\/wp-json\/wp\/v2\/types\/product"}],"replies":[{"embeddable":true,"href":"https:\/\/baldumarket.lt\/lt\/wp-json\/wp\/v2\/comments?post=28654"}],"wp:featuredmedia":[{"embeddable":true,"href":"https:\/\/baldumarket.lt\/lt\/wp-json\/wp\/v2\/media\/28655"}],"wp:attachment":[{"href":"https:\/\/baldumarket.lt\/lt\/wp-json\/wp\/v2\/media?parent=28654"}],"wp:term":[{"taxonomy":"product_brand","embeddable":true,"href":"https:\/\/baldumarket.lt\/lt\/wp-json\/wp\/v2\/product_brand?post=28654"},{"taxonomy":"product_cat","embeddable":true,"href":"https:\/\/baldumarket.lt\/lt\/wp-json\/wp\/v2\/product_cat?post=28654"},{"taxonomy":"product_tag","embeddable":true,"href":"https:\/\/baldumarket.lt\/lt\/wp-json\/wp\/v2\/product_tag?post=28654"}],"curies":[{"name":"wp","href":"https:\/\/api.w.org\/{rel}","templated":true}]}}