{"id":28635,"date":"2025-11-14T19:00:45","date_gmt":"2025-11-14T16:00:45","guid":{"rendered":"https:\/\/baldumarket.lt\/product\/prescco-ii-z-lustrem\/"},"modified":"2026-03-24T18:18:28","modified_gmt":"2026-03-24T15:18:28","slug":"prescco-ii-z-lustrem","status":"publish","type":"product","link":"https:\/\/baldumarket.lt\/lt\/product\/prescco-ii-z-lustrem\/","title":{"rendered":"Prescco II su veidu"},"content":{"rendered":"<p>\u201ePrescco\u201c stumdoma spinta su veidrod\u017eiu \u2013 tai unikalus ir prakti\u0161kas daikt\u0173 laikymo sprendimas, kuris ne tik sutvarko erdv\u0119, bet ir suteikia elegancijos bei pagyvina interjer\u0105. \u0160i funkcionali spinta buvo sukurta atsi\u017evelgiant \u012f maksimal\u0173 komfort\u0105 ir estetik\u0105. 60 cm gylio, 120 cm plo\u010dio ir 220 cm auk\u0161\u010dio spinta suteikia daug vietos \u012fvairiems daiktams laikyti. Jos konstrukcija pagr\u012fsta tvirta 16 mm storio MDF plok\u0161te, u\u017etikrinan\u010dia ne tik patvarum\u0105, bet ir estetin\u012f patrauklum\u0105. ABS apvadai r\u0117mo kra\u0161tuose dar labiau apsaugo spint\u0105 nuo pa\u017eeidim\u0173, i\u0161laikant patraukli\u0105 jos i\u0161vaizd\u0105. Eleganti\u0161ka juoda spintos spalva kartu su veidrod\u017eiu sukuria modern\u0173 ir erdv\u0173 poj\u016bt\u012f. Stumdomos durys su veidrod\u017eiu ne tik vizualiai padidina kambar\u012f, bet ir palengvina tinkamos aprangos pasirinkim\u0105 bei suteikia interjerui papildomo elegancijos. Dvejos stumdomos durys leid\u017eia patogiai patekti \u012f spintos vid\u0173, o viduje yra \u0161e\u0161ios lentynos, kuri\u0173 kiekvienos keliamoji galia siekia iki 10 kg. Tai puiki vieta laikyti drabu\u017eius, aksesuarus ar kitus smulkius daiktus. Be to, pridedami b\u0117geliai leid\u017eia pakabinti drabu\u017eius, padedant palaikyti tvark\u0105 ir estetik\u0105. 0,5 cm auk\u0161\u010dio juodo plastiko kojel\u0117s ir atitinkamas b\u0117gelis garantuoja stabilum\u0105. \u201ePrescco\u201c spinta su veidrod\u017eiu yra ne tik prakti\u0161kas daikt\u0173 laikymo sprendimas, bet ir dekoratyvinis elementas, kuris suteiks j\u016bs\u0173 interjerui elegancijos ir modernumo. Eleganti\u0161kas \u0161ios spintos dizainas ir funkcionalumas pavers j\u0105 j\u016bs\u0173 kambario pagrindiniu organizavimo elementu.<\/p>","protected":false},"excerpt":{"rendered":"<p>\u201ePrescco\u201c stumdoma spinta su veidrod\u017eiu yra unikalus ir prakti\u0161kas daikt\u0173 laikymo sprendimas, kuris ne tik sutvarko erdv\u0119, bet ir suteikia elegancijos bei pagyvina interjer\u0105. \u0160i funkcionali spinta buvo sukurta atsi\u017evelgiant \u012f maksimal\u0173 komfort\u0105 ir estetik\u0105. 60 cm gylio, 120 cm plo\u010dio ir 220 cm auk\u0161\u010dio spinta suteikia daug erdv\u0117s [\u2026]<\/p>","protected":false},"featured_media":28636,"comment_status":"open","ping_status":"open","template":"","meta":[],"product_brand":[],"product_cat":[2012,1177],"product_tag":[],"class_list":{"0":"post-28635","1":"product","2":"type-product","3":"status-publish","4":"has-post-thumbnail","6":"product_cat-eltap","7":"product_cat-wardrobes","8":"pa_frame-material-undefined","9":"pa_frame-material-type-undefined","10":"pa_leg-color-undefined","11":"pa_leg-material-undefined","12":"pa_linen-box-undefined","13":"pa_main-color-undefined","14":"pa_price-group-basic","15":"pa_seat-depth-undefined","16":"pa_seat-width-undefined","17":"pa_sleep-function-undefined","18":"pa_sleeping-area-length-undefined","19":"pa_sleeping-area-width-undefined","20":"pa_style-modern","21":"pa_textile-czarny","22":"pa_upholstery-material-undefined","24":"first","25":"instock","26":"purchasable","27":"product-type-simple"},"_links":{"self":[{"href":"https:\/\/baldumarket.lt\/lt\/wp-json\/wp\/v2\/product\/28635","targetHints":{"allow":["GET"]}}],"collection":[{"href":"https:\/\/baldumarket.lt\/lt\/wp-json\/wp\/v2\/product"}],"about":[{"href":"https:\/\/baldumarket.lt\/lt\/wp-json\/wp\/v2\/types\/product"}],"replies":[{"embeddable":true,"href":"https:\/\/baldumarket.lt\/lt\/wp-json\/wp\/v2\/comments?post=28635"}],"wp:featuredmedia":[{"embeddable":true,"href":"https:\/\/baldumarket.lt\/lt\/wp-json\/wp\/v2\/media\/28636"}],"wp:attachment":[{"href":"https:\/\/baldumarket.lt\/lt\/wp-json\/wp\/v2\/media?parent=28635"}],"wp:term":[{"taxonomy":"product_brand","embeddable":true,"href":"https:\/\/baldumarket.lt\/lt\/wp-json\/wp\/v2\/product_brand?post=28635"},{"taxonomy":"product_cat","embeddable":true,"href":"https:\/\/baldumarket.lt\/lt\/wp-json\/wp\/v2\/product_cat?post=28635"},{"taxonomy":"product_tag","embeddable":true,"href":"https:\/\/baldumarket.lt\/lt\/wp-json\/wp\/v2\/product_tag?post=28635"}],"curies":[{"name":"wp","href":"https:\/\/api.w.org\/{rel}","templated":true}]}}