{"id":28626,"date":"2025-11-14T19:00:31","date_gmt":"2025-11-14T16:00:31","guid":{"rendered":"https:\/\/baldumarket.lt\/product\/prescco-iii-z-lustrem\/"},"modified":"2026-03-24T18:18:28","modified_gmt":"2026-03-24T15:18:28","slug":"prescco-iii-z-lustrem","status":"publish","type":"product","link":"https:\/\/baldumarket.lt\/lt\/product\/prescco-iii-z-lustrem\/","title":{"rendered":"Prescco III su veidu"},"content":{"rendered":"<p>\u201ePrescco\u201c stumdoma spinta su veidrod\u017eiu, kurios gylis \u2013 60 cm, plotis \u2013 180 cm, o auk\u0161tis \u2013 220 cm, yra unikalus ir prakti\u0161kas daikt\u0173 laikymo sprendimas, kuris ne tik sutvarko erdv\u0119, bet ir suteikia elegancijos bei pagyvina interjer\u0105. \u0160i funkcionali spinta buvo sukurta atsi\u017evelgiant \u012f maksimal\u0173 komfort\u0105 ir estetik\u0105. 60 cm gylio, 180 cm plo\u010dio ir 220 cm auk\u0161\u010dio spinta suteikia reikiam\u0105 erdv\u0119 \u012fvairiems daiktams laikyti. Jos konstrukcija pagr\u012fsta tvirta 16 mm storio MDF plok\u0161te, kuri ne tik u\u017etikrina patvarum\u0105, bet ir i\u0161laiko estetin\u012f patrauklum\u0105. ABS apvadai r\u0117mo kra\u0161tuose dar labiau apsaugo spint\u0105 nuo pa\u017eeidim\u0173, i\u0161laikant patraukli\u0105 i\u0161vaizd\u0105 ilgus metus. Eleganti\u0161ka juoda spintos spalva puikiai dera su veidrod\u017eiu, sukurdama modern\u0173 ir erdv\u0173 dizain\u0105. Veidrodin\u0117s stumdomos durys ne tik vizualiai padidina kambar\u012f, bet ir palengvina tinkamos aprangos pasirinkim\u0105 bei suteikia interjerui papildomo \u017eavesio. Trys stumdomos durys leid\u017eia lengvai patekti \u012f spintos vid\u0173, kuris buvo suprojektuotas atsi\u017evelgiant \u012f praktin\u012f daikt\u0173 laikym\u0105. Viduje yra \u0161e\u0161ios lentynos, kuri\u0173 kiekvienos talpa yra iki 10 kg. Tai puiki vieta laikyti drabu\u017eius, aksesuarus ar kitus smulkius daiktus. Be to, pridedami drabu\u017ei\u0173 kabyklai leid\u017eia pakabinti drabu\u017eius, taip palaikant tvark\u0105 ir estetik\u0105. 0,5 cm auk\u0161\u010dio juodos plastikin\u0117s kojel\u0117s ir atitinkamas b\u0117gelis garantuoja stabilum\u0105 ir leid\u017eia spintai skland\u017eiai jud\u0117ti, nepa\u017eeid\u017eiant grind\u0173. \u201ePrescco\u201c spinta su veidrod\u017eiu yra ne tik prakti\u0161kas daikt\u0173 laikymo sprendimas, bet ir dekoratyvinis elementas, suteikiantis j\u016bs\u0173 interjerui elegancijos ir modernumo. \u0160ios spintos funkcionalumas kartu su eleganti\u0161ku dizainu paver\u010dia j\u0105 j\u016bs\u0173 kambario organizavimo traukos centru.<\/p>","protected":false},"excerpt":{"rendered":"<p>\u201ePrescco\u201c stumdoma spinta su veidrod\u017eiu, kurios gylis \u2013 60 cm, plotis \u2013 180 cm, o auk\u0161tis \u2013 220 cm, yra unikalus ir prakti\u0161kas daikt\u0173 laikymo sprendimas, kuris ne tik sutvarko erdv\u0119, bet ir suteikia elegancijos bei pagyvina interjer\u0105. \u0160i funkcionali spinta buvo sukurta atsi\u017evelgiant \u012f maksimal\u0173 komfort\u0105 ir estetik\u0105. 60 cm gylio, 180 [\u2026]<\/p>","protected":false},"featured_media":28627,"comment_status":"open","ping_status":"open","template":"","meta":[],"product_brand":[],"product_cat":[2012,1177],"product_tag":[],"class_list":{"0":"post-28626","1":"product","2":"type-product","3":"status-publish","4":"has-post-thumbnail","6":"product_cat-eltap","7":"product_cat-wardrobes","8":"pa_frame-material-undefined","9":"pa_frame-material-type-undefined","10":"pa_leg-color-undefined","11":"pa_leg-material-undefined","12":"pa_linen-box-undefined","13":"pa_main-color-undefined","14":"pa_price-group-basic","15":"pa_seat-depth-undefined","16":"pa_seat-width-undefined","17":"pa_sleep-function-undefined","18":"pa_sleeping-area-length-undefined","19":"pa_sleeping-area-width-undefined","20":"pa_style-modern","21":"pa_textile-czarny","22":"pa_upholstery-material-undefined","24":"first","25":"instock","26":"purchasable","27":"product-type-simple"},"_links":{"self":[{"href":"https:\/\/baldumarket.lt\/lt\/wp-json\/wp\/v2\/product\/28626","targetHints":{"allow":["GET"]}}],"collection":[{"href":"https:\/\/baldumarket.lt\/lt\/wp-json\/wp\/v2\/product"}],"about":[{"href":"https:\/\/baldumarket.lt\/lt\/wp-json\/wp\/v2\/types\/product"}],"replies":[{"embeddable":true,"href":"https:\/\/baldumarket.lt\/lt\/wp-json\/wp\/v2\/comments?post=28626"}],"wp:featuredmedia":[{"embeddable":true,"href":"https:\/\/baldumarket.lt\/lt\/wp-json\/wp\/v2\/media\/28627"}],"wp:attachment":[{"href":"https:\/\/baldumarket.lt\/lt\/wp-json\/wp\/v2\/media?parent=28626"}],"wp:term":[{"taxonomy":"product_brand","embeddable":true,"href":"https:\/\/baldumarket.lt\/lt\/wp-json\/wp\/v2\/product_brand?post=28626"},{"taxonomy":"product_cat","embeddable":true,"href":"https:\/\/baldumarket.lt\/lt\/wp-json\/wp\/v2\/product_cat?post=28626"},{"taxonomy":"product_tag","embeddable":true,"href":"https:\/\/baldumarket.lt\/lt\/wp-json\/wp\/v2\/product_tag?post=28626"}],"curies":[{"name":"wp","href":"https:\/\/api.w.org\/{rel}","templated":true}]}}