{"id":28617,"date":"2025-11-14T19:00:13","date_gmt":"2025-11-14T16:00:13","guid":{"rendered":"https:\/\/baldumarket.lt\/product\/prescco-iii\/"},"modified":"2026-03-24T18:18:28","modified_gmt":"2026-03-24T15:18:28","slug":"prescco-iii","status":"publish","type":"product","link":"https:\/\/baldumarket.lt\/lt\/product\/prescco-iii\/","title":{"rendered":"Prescco III"},"content":{"rendered":"<p>\u201ePrescco\u201c stumdoma spinta, kurios gylis yra 60 cm, plotis 180 cm ir auk\u0161tis 220 cm, yra prakti\u0161kas ir eleganti\u0161kas daikt\u0173 laikymo sprendimas, efektyviai optimizuojantis erdv\u0119 j\u016bs\u0173 namuose. \u0160i funkcionali spinta buvo kruop\u0161\u010diai suprojektuota, siekiant patenkinti j\u016bs\u0173 organizacinius poreikius, i\u0161laikant modern\u0173 vaizd\u0105. Spinta pagaminta i\u0161 auk\u0161tos kokyb\u0117s med\u017eiag\u0173. Spintos korpusas pagamintas i\u0161 patvarios 16 mm storio MDF plok\u0161t\u0117s, u\u017etikrinan\u010dios stabilum\u0105 ir ilgaam\u017ei\u0161kum\u0105. ABS apvadai korpuso kra\u0161tuose papildomai apsaugo spint\u0105 nuo galim\u0173 pa\u017eeidim\u0173, i\u0161laikant estetin\u012f patrauklum\u0105. Juoda spintos spalva suteikia jai modern\u0173 charakter\u012f, kuris puikiai dera prie \u012fvairi\u0173 interjero stili\u0173. Trys stumdomos durys leid\u017eia lengvai pasiekti spintos vid\u0173 ir taupyti viet\u0105. Komplekte yra \u0161e\u0161ios lentynos, kuri\u0173 kiekvienos maksimali apkrova yra 10 kg. Tai prakti\u0161kas sprendimas drabu\u017eiams, aksesuarams ir kitiems smulkiems daiktams laikyti. Be to, pridedamos drabu\u017ei\u0173 pakabos leid\u017eia patogiai pakabinti drabu\u017eius, padeda palaikyti tvark\u0105 ir \u0161var\u0105. 0,5 cm auk\u0161\u010dio kojel\u0117s, pagamintos i\u0161 patvaraus juodo plastiko, ir atitinkamas b\u0117gelis u\u017etikrina stabilum\u0105 ir leid\u017eia spintai lengvai jud\u0117ti. \u201ePrescco\u201c stumdom\u0173 lang\u0173 spinta be veidrod\u017eio \u2013 puikus sprendimas tiems, kurie renkasi paprastum\u0105 ir elegancij\u0105. Nesvarbu, ar pasirinksite veidrodin\u012f, ar ne, \u0161i spinta ne tik efektyviai panaudos daiktus, bet ir atrodys stilingai bei pad\u0117s palaikyti tvark\u0105 j\u016bs\u0173 interjere.<\/p>","protected":false},"excerpt":{"rendered":"<p>\u201ePrescco\u201c stumdoma spinta, kurios gylis \u2013 60 cm, plotis \u2013 180 cm, o auk\u0161tis \u2013 220 cm, yra prakti\u0161kas ir eleganti\u0161kas daikt\u0173 laikymo sprendimas, efektyviai optimizuojantis erdv\u0119 j\u016bs\u0173 namuose. \u0160i funkcionali spinta buvo kruop\u0161\u010diai suprojektuota taip, kad atitikt\u0173 j\u016bs\u0173 organizacinius poreikius, i\u0161laikant modern\u0173 vaizd\u0105. Spinta pagaminta i\u0161 auk\u0161tos kokyb\u0117s med\u017eiag\u0173. Spinta [\u2026]<\/p>","protected":false},"featured_media":28618,"comment_status":"open","ping_status":"open","template":"","meta":[],"product_brand":[],"product_cat":[2012,1177],"product_tag":[],"class_list":{"0":"post-28617","1":"product","2":"type-product","3":"status-publish","4":"has-post-thumbnail","6":"product_cat-eltap","7":"product_cat-wardrobes","9":"first","10":"instock","11":"purchasable","12":"product-type-simple"},"_links":{"self":[{"href":"https:\/\/baldumarket.lt\/lt\/wp-json\/wp\/v2\/product\/28617","targetHints":{"allow":["GET"]}}],"collection":[{"href":"https:\/\/baldumarket.lt\/lt\/wp-json\/wp\/v2\/product"}],"about":[{"href":"https:\/\/baldumarket.lt\/lt\/wp-json\/wp\/v2\/types\/product"}],"replies":[{"embeddable":true,"href":"https:\/\/baldumarket.lt\/lt\/wp-json\/wp\/v2\/comments?post=28617"}],"wp:featuredmedia":[{"embeddable":true,"href":"https:\/\/baldumarket.lt\/lt\/wp-json\/wp\/v2\/media\/28618"}],"wp:attachment":[{"href":"https:\/\/baldumarket.lt\/lt\/wp-json\/wp\/v2\/media?parent=28617"}],"wp:term":[{"taxonomy":"product_brand","embeddable":true,"href":"https:\/\/baldumarket.lt\/lt\/wp-json\/wp\/v2\/product_brand?post=28617"},{"taxonomy":"product_cat","embeddable":true,"href":"https:\/\/baldumarket.lt\/lt\/wp-json\/wp\/v2\/product_cat?post=28617"},{"taxonomy":"product_tag","embeddable":true,"href":"https:\/\/baldumarket.lt\/lt\/wp-json\/wp\/v2\/product_tag?post=28617"}],"curies":[{"name":"wp","href":"https:\/\/api.w.org\/{rel}","templated":true}]}}