{"id":28524,"date":"2025-11-14T18:56:42","date_gmt":"2025-11-14T15:56:42","guid":{"rendered":"https:\/\/baldumarket.lt\/product\/micedi-50x100x4cm-zloty\/"},"modified":"2026-03-24T18:18:28","modified_gmt":"2026-03-24T15:18:28","slug":"micedi-50x100x4cm-zloty","status":"publish","type":"product","link":"https:\/\/baldumarket.lt\/lt\/product\/micedi-50x100x4cm-zloty\/","title":{"rendered":"Micedi, 50x100x4cm aukso spalvos"},"content":{"rendered":"<p>\u201eMicedi\u201c veidrodis yra eleganti\u0161kas ir stilingas, kuris suteiks \u017eavesio ir klas\u0117s bet kuriam kambariui. \u201eMicedi\u201c veidrod\u017eio plotis yra 50 cm, auk\u0161tis 100 cm, o gylis \u2013 4 cm. Veidrodis pagamintas i\u0161 auk\u0161tos kokyb\u0117s med\u017eiag\u0173, u\u017etikrinan\u010di\u0173 puiki\u0105 atspind\u017eio kokyb\u0119. Veidrod\u017eio r\u0117mas yra auksinis, suteikiantis jam elegancijos ir prabangos. R\u0117melis yra u\u017eapvalintas \u0161onuose, tod\u0117l veidrodis atrodo subtiliai ir subtiliai. Kartu su veidrod\u017eiu parduodamas tvirtinimo rinkinys (du kabliukai ir keturi var\u017etai). \u201eMicedi\u201c veidrodis sveria 6,5 kg, tod\u0117l yra tvirtas ir patvarus. Nepaisant tvirtos konstrukcijos, veidrod\u012f lengva ne\u0161ioti ir surinkti. \u201eMicedi\u201c veidrodis supakuotas vienoje d\u0117\u017e\u0117je, kurios matmenys \u2013 107 x 57 x 7 cm. Visos dalys yra kruop\u0161\u010diai supakuotos, kad b\u016bt\u0173 u\u017etikrintas saugus transportavimas. Pakuot\u0117je yra visos reikalingos tvirtinimo detal\u0117s. \u0160is veidrodis pasi\u017eymi \u012fsp\u016bdingais matmenimis ir rafinuota i\u0161vaizda. Jis neabejotinai taps puikiu j\u016bs\u0173 interjero papildymu, suteikdamas jam unikalaus charakterio ir elegancijos.<\/p>","protected":false},"excerpt":{"rendered":"<p>\u201eMicedi\u201c veidrodis yra eleganti\u0161kas ir stilingas, suteiksiantis \u017eavesio ir klas\u0117s bet kuriam kambariui. \u201eMicedi\u201c veidrod\u017eio plotis yra 50 cm, auk\u0161tis \u2013 100 cm, o gylis \u2013 4 cm. Veidrodis pagamintas i\u0161 auk\u0161tos kokyb\u0117s med\u017eiag\u0173, u\u017etikrinan\u010di\u0173 puiki\u0105 atspind\u017eio kokyb\u0119. Veidrod\u017eio r\u0117mas yra auksinis, suteikiantis elegancijos ir [\u2026]<\/p>","protected":false},"featured_media":28525,"comment_status":"open","ping_status":"open","template":"","meta":[],"product_brand":[],"product_cat":[2012,9165,1108],"product_tag":[],"class_list":{"0":"post-28524","1":"product","2":"type-product","3":"status-publish","4":"has-post-thumbnail","6":"product_cat-eltap","7":"product_cat-lustra-eltap","8":"product_cat-mirrors","9":"pa_frame-material-undefined","10":"pa_frame-material-type-undefined","11":"pa_leg-color-undefined","12":"pa_leg-material-undefined","13":"pa_linen-box-undefined","14":"pa_main-color-undefined","15":"pa_price-group-basic","16":"pa_seat-depth-undefined","17":"pa_seat-width-undefined","18":"pa_sleep-function-undefined","19":"pa_sleeping-area-length-undefined","20":"pa_sleeping-area-width-undefined","21":"pa_style-modern","22":"pa_textile-lustro","23":"pa_upholstery-material-undefined","25":"first","26":"instock","27":"purchasable","28":"product-type-simple"},"_links":{"self":[{"href":"https:\/\/baldumarket.lt\/lt\/wp-json\/wp\/v2\/product\/28524","targetHints":{"allow":["GET"]}}],"collection":[{"href":"https:\/\/baldumarket.lt\/lt\/wp-json\/wp\/v2\/product"}],"about":[{"href":"https:\/\/baldumarket.lt\/lt\/wp-json\/wp\/v2\/types\/product"}],"replies":[{"embeddable":true,"href":"https:\/\/baldumarket.lt\/lt\/wp-json\/wp\/v2\/comments?post=28524"}],"wp:featuredmedia":[{"embeddable":true,"href":"https:\/\/baldumarket.lt\/lt\/wp-json\/wp\/v2\/media\/28525"}],"wp:attachment":[{"href":"https:\/\/baldumarket.lt\/lt\/wp-json\/wp\/v2\/media?parent=28524"}],"wp:term":[{"taxonomy":"product_brand","embeddable":true,"href":"https:\/\/baldumarket.lt\/lt\/wp-json\/wp\/v2\/product_brand?post=28524"},{"taxonomy":"product_cat","embeddable":true,"href":"https:\/\/baldumarket.lt\/lt\/wp-json\/wp\/v2\/product_cat?post=28524"},{"taxonomy":"product_tag","embeddable":true,"href":"https:\/\/baldumarket.lt\/lt\/wp-json\/wp\/v2\/product_tag?post=28524"}],"curies":[{"name":"wp","href":"https:\/\/api.w.org\/{rel}","templated":true}]}}