{"id":28512,"date":"2025-11-14T18:56:24","date_gmt":"2025-11-14T15:56:24","guid":{"rendered":"https:\/\/baldumarket.lt\/product\/vixisse-a-66x81x4cm\/"},"modified":"2026-03-24T18:18:28","modified_gmt":"2026-03-24T15:18:28","slug":"vixisse-a-66x81x4cm","status":"publish","type":"product","link":"https:\/\/baldumarket.lt\/lt\/product\/vixisse-a-66x81x4cm\/","title":{"rendered":"Vixisse A, 66x81x4cm"},"content":{"rendered":"<p>\u201eVixisse A\u201c veidrodis \u2013 stilingas ir eleganti\u0161kas sta\u010diakampis veidrodis, kuris dera prie \u012fvairi\u0173 interjer\u0173. Jis unikalus ne tik d\u0117l estetinio patrauklumo, bet ir d\u0117l funkcini\u0173 savybi\u0173. Veidrod\u017eio plotis \u2013 66 cm, auk\u0161tis \u2013 81 cm, o gylis \u2013 4 cm, tod\u0117l jis puikiai dera prie d\u0117mesio. Veidrod\u017eio r\u0117mas yra eleganti\u0161kos juodos spalvos, suteikiantis jam modernumo ir gra\u017eiai kontrastuoja su veidrod\u017eio pavir\u0161iumi. Komplekte yra du kabliukai, kuri\u0173 gylis priklauso nuo veidrod\u017eio dizaino, tod\u0117l j\u012f lengva pakabinti prie sienos. Keturi 2 \u00d7 51 mm var\u017etai ir keturi 8 \u00d7 50 mm sieniniai kai\u0161\u010diai u\u017etikrina tvirt\u0105 ir saug\u0173 pritvirtinim\u0105. \u201eVixisse A\u201c veidrodis sveria 5,5 kg, tod\u0117l yra lengvas ir lengvai valdomas. Jis supakuotas vienoje 70 x 95 x 7 cm d\u0117\u017e\u0117je, tod\u0117l j\u012f lengva transportuoti ir pristatyti be pa\u017eeidim\u0173. Kalbant apie sandarum\u0105, veidrodis yra IP21 apsaugos klas\u0117s, tai rei\u0161kia, kad jis yra apsaugotas nuo ma\u017e\u0173 kiet\u0173 objekt\u0173, didesni\u0173 nei 12,5 mm skersmens. \u201eVixisse A\u201c veidrodyje \u012fmontuotas LED \u0161viesos \u0161altinis, u\u017etikrinantis ry\u0161k\u0173, energij\u0105 taupant\u012f ap\u0161vietim\u0105. Jis veikia 230 V ~ 50 Hz \u012ftampa ir turi 12 V nuolatin\u0117s srov\u0117s maitinimo \u0161altin\u012f, u\u017etikrinant\u012f saug\u0173 ir efektyv\u0173 veikim\u0105. \u0160is veidrodis yra ne tik prakti\u0161kas baldas, bet ir dizainerio aksesuaras, kuris suteiks j\u016bs\u0173 interjerui unikalumo ir elegancijos.<\/p>","protected":false},"excerpt":{"rendered":"<p>\u201eVixisse A\u201c veidrodis yra stilingas ir eleganti\u0161kas sta\u010diakampis veidrodis, kuris papildo \u012fvairius interjerus. Jis unikalus ne tik d\u0117l estetinio patrauklumo, bet ir d\u0117l funkcini\u0173 savybi\u0173. Veidrod\u017eio plotis yra 66 cm, auk\u0161tis 81 cm, o jo veidrodinis pavir\u0161ius yra 4 cm gylio, tod\u0117l jo proporcijos puikiai patraukia d\u0117mes\u012f. [\u2026]<\/p>","protected":false},"featured_media":28513,"comment_status":"open","ping_status":"open","template":"","meta":[],"product_brand":[],"product_cat":[2012,9165,1234],"product_tag":[],"class_list":{"0":"post-28512","1":"product","2":"type-product","3":"status-publish","4":"has-post-thumbnail","6":"product_cat-eltap","7":"product_cat-lustra-eltap","8":"product_cat-mirrors-with-lighting","10":"first","11":"instock","12":"purchasable","13":"product-type-simple"},"_links":{"self":[{"href":"https:\/\/baldumarket.lt\/lt\/wp-json\/wp\/v2\/product\/28512","targetHints":{"allow":["GET"]}}],"collection":[{"href":"https:\/\/baldumarket.lt\/lt\/wp-json\/wp\/v2\/product"}],"about":[{"href":"https:\/\/baldumarket.lt\/lt\/wp-json\/wp\/v2\/types\/product"}],"replies":[{"embeddable":true,"href":"https:\/\/baldumarket.lt\/lt\/wp-json\/wp\/v2\/comments?post=28512"}],"wp:featuredmedia":[{"embeddable":true,"href":"https:\/\/baldumarket.lt\/lt\/wp-json\/wp\/v2\/media\/28513"}],"wp:attachment":[{"href":"https:\/\/baldumarket.lt\/lt\/wp-json\/wp\/v2\/media?parent=28512"}],"wp:term":[{"taxonomy":"product_brand","embeddable":true,"href":"https:\/\/baldumarket.lt\/lt\/wp-json\/wp\/v2\/product_brand?post=28512"},{"taxonomy":"product_cat","embeddable":true,"href":"https:\/\/baldumarket.lt\/lt\/wp-json\/wp\/v2\/product_cat?post=28512"},{"taxonomy":"product_tag","embeddable":true,"href":"https:\/\/baldumarket.lt\/lt\/wp-json\/wp\/v2\/product_tag?post=28512"}],"curies":[{"name":"wp","href":"https:\/\/api.w.org\/{rel}","templated":true}]}}