{"id":28501,"date":"2025-11-14T18:56:07","date_gmt":"2025-11-14T15:56:07","guid":{"rendered":"https:\/\/baldumarket.lt\/product\/robienti-l-50x100x4cm\/"},"modified":"2026-03-24T18:18:36","modified_gmt":"2026-03-24T15:18:36","slug":"robienti-l-50x100x4cm","status":"publish","type":"product","link":"https:\/\/baldumarket.lt\/lt\/product\/robienti-l-50x100x4cm\/","title":{"rendered":"Robienti L, 50x100x4cm"},"content":{"rendered":"<p>\u201eRotienti L\u201c veidrodis yra eleganti\u0161kas ir funkcionalus, puikiai papildysiantis j\u016bs\u0173 interjer\u0105. Kruop\u0161\u010diai sukurtas, jo plotis \u2013 50 cm, auk\u0161tis \u2013 100 cm, o veidrodinis pavir\u0161ius \u2013 4 cm. Juodas r\u0117melis suteikia jam modernumo, o u\u017eapvalinti kra\u0161tai \u2013 subtilumo. Veidrodis pagamintas i\u0161 auk\u0161tos kokyb\u0117s med\u017eiag\u0173, u\u017etikrinan\u010di\u0173 patvarum\u0105 ir tvirtum\u0105. Rinkin\u012f sudaro du kabliukai, kuriuos galite pritvirtinti priklausomai nuo veidrod\u017eio dizaino, keturi 2 \u00d7 51 mm var\u017etai ir keturi 8 \u00d7 50 mm sieniniai kai\u0161\u010diai. Tai leid\u017eia lengvai ir saugiai pritvirtinti veidrod\u012f prie sienos. \u201eRotienti L\u201c veidrodis sveria 6,5 kg, tod\u0117l yra pakankamai lengvas, kad b\u016bt\u0173 lengva pritvirtinti, ta\u010diau pakankamai tvirtas, kad b\u016bt\u0173 patvarus ir stabilus. Veidrodis turi IP21 apsaugos klas\u0119, o \u0161viesos \u0161altinis \u2013 energij\u0105 taupantys \u0161viesos diodai, u\u017etikrinantys tolyg\u0173 ap\u0161vietim\u0105 ir ilg\u0105 tarnavimo laik\u0105. Veidrod\u017eiai maitinami 230 V ~ 50 Hz maitinimo \u0161altiniu, kuris energij\u0105 paver\u010dia 12 V nuolatine srove, u\u017etikrindamas saug\u0173 naudojim\u0105. \u201eRolienti L\u201c veidrodis yra ne tik prakti\u0161kas daiktas, bet ir stilingas dekoratyvinis elementas, kuris suteiks j\u016bs\u0173 kambariui elegancijos ir modernumo.<\/p>","protected":false},"excerpt":{"rendered":"<p>\u201eRotienti L\u201c veidrodis yra eleganti\u0161kas ir funkcionalus, puikiai papildysiantis j\u016bs\u0173 interjer\u0105. Sukurtas kruop\u0161\u010diai, jis yra 50 cm plo\u010dio, 100 cm auk\u0161\u010dio ir 4 cm gylio. Juodas r\u0117melis suteikia jam modernumo, o u\u017eapvalinti kra\u0161tai \u2013 subtilumo.<\/p>","protected":false},"featured_media":28502,"comment_status":"open","ping_status":"open","template":"","meta":[],"product_brand":[],"product_cat":[2012,9165,1234],"product_tag":[],"class_list":{"0":"post-28501","1":"product","2":"type-product","3":"status-publish","4":"has-post-thumbnail","6":"product_cat-eltap","7":"product_cat-lustra-eltap","8":"product_cat-mirrors-with-lighting","10":"first","11":"instock","12":"purchasable","13":"product-type-simple"},"_links":{"self":[{"href":"https:\/\/baldumarket.lt\/lt\/wp-json\/wp\/v2\/product\/28501","targetHints":{"allow":["GET"]}}],"collection":[{"href":"https:\/\/baldumarket.lt\/lt\/wp-json\/wp\/v2\/product"}],"about":[{"href":"https:\/\/baldumarket.lt\/lt\/wp-json\/wp\/v2\/types\/product"}],"replies":[{"embeddable":true,"href":"https:\/\/baldumarket.lt\/lt\/wp-json\/wp\/v2\/comments?post=28501"}],"wp:featuredmedia":[{"embeddable":true,"href":"https:\/\/baldumarket.lt\/lt\/wp-json\/wp\/v2\/media\/28502"}],"wp:attachment":[{"href":"https:\/\/baldumarket.lt\/lt\/wp-json\/wp\/v2\/media?parent=28501"}],"wp:term":[{"taxonomy":"product_brand","embeddable":true,"href":"https:\/\/baldumarket.lt\/lt\/wp-json\/wp\/v2\/product_brand?post=28501"},{"taxonomy":"product_cat","embeddable":true,"href":"https:\/\/baldumarket.lt\/lt\/wp-json\/wp\/v2\/product_cat?post=28501"},{"taxonomy":"product_tag","embeddable":true,"href":"https:\/\/baldumarket.lt\/lt\/wp-json\/wp\/v2\/product_tag?post=28501"}],"curies":[{"name":"wp","href":"https:\/\/api.w.org\/{rel}","templated":true}]}}