{"id":28361,"date":"2025-11-14T18:50:36","date_gmt":"2025-11-14T15:50:36","guid":{"rendered":"https:\/\/baldumarket.lt\/product\/entsian-150-szafka-rtv-wiszaca-dab-artisan\/"},"modified":"2026-03-24T18:18:36","modified_gmt":"2026-03-24T15:18:36","slug":"entsian-150-szafka-rtv-wiszaca-dab-artisan","status":"publish","type":"product","link":"https:\/\/baldumarket.lt\/lt\/product\/entsian-150-szafka-rtv-wiszaca-dab-artisan\/","title":{"rendered":"\u201eEntsian 150 Artisan Oak\u201c prie sienos tvirtinama televizoriaus spintel\u0117"},"content":{"rendered":"<p>\u201eEntsian\u201c prie sienos tvirtinama televizoriaus spintel\u0117 \u2013 puikus sprendimas tiems, kurie nori stilingai ir taupiai laikyti multimedijos \u012frenginius. \u0160i moderni spintel\u0117 buvo sukurta atsi\u017evelgiant \u012f funkcionalum\u0105 ir estetik\u0105. \u201eEntsian\u201c televizoriaus spintel\u0117s gylis yra 40 cm, plotis 150 cm ir auk\u0161tis 40 cm, tod\u0117l ji puikiai tinka montuoti prie sienos. Tai leid\u017eia efektyviai i\u0161naudoti turim\u0105 erdv\u0119 neu\u017eimant vertingos grind\u0173 ploto. \u0160i prie sienos tvirtinama spintel\u0117 pagaminta i\u0161 auk\u0161tos kokyb\u0117s 16 mm storio plok\u0161t\u0117s, u\u017etikrinan\u010dios tvirt\u0105 ir patvari\u0105 konstrukcij\u0105. \u0160i med\u017eiaga yra itin atspari pa\u017eeidimams, u\u017etikrinant ilgalaik\u012f \u201eEntsian\u201c televizoriaus spintel\u0117s naudojim\u0105. \u201eEntsian\u201c televizoriaus spintel\u0117 turi vien\u0105 u\u017edar\u0105 lentyn\u0105 su frezuotais fasadais. \u0160i unikali detal\u0117 suteikia visai spintelei elegancijos ir unikalaus charakterio. Be to, dvi atviros lentynos leid\u017eia patogiai laikyti ir eksponuoti \u012fvairius multimedijos \u012frenginius, dekoracijas ar knygas. D\u0117l modernaus dizaino ir prakti\u0161kos konstrukcijos \u201eEntsian\u201c prie sienos montuojama televizoriaus spintel\u0117 yra puikus pasirinkimas ie\u0161kantiems funkcionalaus ir stilingo sprendimo multimedijos \u012frenginiams laikyti, kuris ne tik taupo viet\u0105, bet ir suteikia interjerui \u017eavesio bei elegancijos.<\/p>","protected":false},"excerpt":{"rendered":"<p>\u201eEntsian\u201c prie sienos tvirtinama televizoriaus spintel\u0117 \u2013 puikus sprendimas tiems, kurie nori stilingai ir taupiai laikyti multimedijos \u012frenginius. \u0160i moderni spintel\u0117 buvo sukurta atsi\u017evelgiant \u012f funkcionalum\u0105 ir estetik\u0105. \u201eEntsian\u201c televizoriaus spintel\u0117s gylis yra 40 cm, plotis \u2013 150 cm, o auk\u0161tis \u2013 40 cm, tod\u0117l ji puikiai tinka montuoti prie sienos. [\u2026]<\/p>","protected":false},"featured_media":28362,"comment_status":"open","ping_status":"open","template":"","meta":[],"product_brand":[],"product_cat":[2012,9171,1175],"product_tag":[],"class_list":{"0":"post-28361","1":"product","2":"type-product","3":"status-publish","4":"has-post-thumbnail","6":"product_cat-eltap","7":"product_cat-szafki-rtv-eltap","8":"product_cat-tv-stands","9":"pa_frame-material-undefined","10":"pa_frame-material-type-undefined","11":"pa_leg-color-undefined","12":"pa_leg-material-undefined","13":"pa_linen-box-undefined","14":"pa_main-color-undefined","15":"pa_price-group-basic","16":"pa_seat-depth-undefined","17":"pa_seat-width-undefined","18":"pa_sleep-function-undefined","19":"pa_sleeping-area-length-undefined","20":"pa_sleeping-area-width-undefined","21":"pa_style-modern","22":"pa_textile-dab-artisan","23":"pa_upholstery-material-undefined","25":"first","26":"instock","27":"purchasable","28":"product-type-simple"},"_links":{"self":[{"href":"https:\/\/baldumarket.lt\/lt\/wp-json\/wp\/v2\/product\/28361","targetHints":{"allow":["GET"]}}],"collection":[{"href":"https:\/\/baldumarket.lt\/lt\/wp-json\/wp\/v2\/product"}],"about":[{"href":"https:\/\/baldumarket.lt\/lt\/wp-json\/wp\/v2\/types\/product"}],"replies":[{"embeddable":true,"href":"https:\/\/baldumarket.lt\/lt\/wp-json\/wp\/v2\/comments?post=28361"}],"wp:featuredmedia":[{"embeddable":true,"href":"https:\/\/baldumarket.lt\/lt\/wp-json\/wp\/v2\/media\/28362"}],"wp:attachment":[{"href":"https:\/\/baldumarket.lt\/lt\/wp-json\/wp\/v2\/media?parent=28361"}],"wp:term":[{"taxonomy":"product_brand","embeddable":true,"href":"https:\/\/baldumarket.lt\/lt\/wp-json\/wp\/v2\/product_brand?post=28361"},{"taxonomy":"product_cat","embeddable":true,"href":"https:\/\/baldumarket.lt\/lt\/wp-json\/wp\/v2\/product_cat?post=28361"},{"taxonomy":"product_tag","embeddable":true,"href":"https:\/\/baldumarket.lt\/lt\/wp-json\/wp\/v2\/product_tag?post=28361"}],"curies":[{"name":"wp","href":"https:\/\/api.w.org\/{rel}","templated":true}]}}