{"id":28352,"date":"2025-11-14T18:50:22","date_gmt":"2025-11-14T15:50:22","guid":{"rendered":"https:\/\/baldumarket.lt\/product\/entsian-150-szafka-rtv-dab-artisan\/"},"modified":"2026-03-24T18:18:36","modified_gmt":"2026-03-24T15:18:36","slug":"entsian-150-szafka-rtv-dab-artisan","status":"publish","type":"product","link":"https:\/\/baldumarket.lt\/lt\/product\/entsian-150-szafka-rtv-dab-artisan\/","title":{"rendered":"\u201eEntsian 150 Artisan Oak\u201c televizoriaus spintel\u0117"},"content":{"rendered":"<p>\u201eEntsian\u201c pastatomas televizoriaus staliukas \u2013 puikus pasirinkimas ie\u0161kantiems stilingo ir prakti\u0161ko sprendimo multimedijos \u012frenginiams laikyti. \u0160is eleganti\u0161kas staliukas buvo sukurtas atsi\u017evelgiant \u012f funkcionalum\u0105, estetik\u0105 ir naudojimo paprastum\u0105. \u201eEntsian\u201c televizoriaus staliuko gylis yra 40 cm, plotis 150 cm, o auk\u0161tis \u2013 52 cm, tod\u0117l jis erdvus ir stabilus. Optimal\u016bs matmenys leid\u017eia laikyti \u012fvairius multimedijos \u012frenginius ir kitus reikalingus priedus. Pagamintas i\u0161 auk\u0161tos kokyb\u0117s 16 mm storio plok\u0161t\u0117s, \u201eEntsian\u201c televizoriaus staliukas pasi\u017eymi ne tik tvirta konstrukcija, bet ir patvarumu bei atsparumu pa\u017eeidimams. \u0160i med\u017eiaga buvo kruop\u0161\u010diai parinkta siekiant u\u017etikrinti auk\u0161t\u0105 gamybos kokyb\u0119 ir ilgalaik\u012f naudojim\u0105. \u201eEntsian\u201c televizoriaus staliukas turi dvi u\u017edaras lentynas su frezuotais fasadais. \u0160i unikali detal\u0117 suteikia visam staliukui elegancijos ir unikalaus charakterio, sukurdama stiling\u0105 akcent\u0105 kambaryje. Be to, dvi atviros lentynos leid\u017eia patogiai laikyti ir eksponuoti kitus daiktus, pavyzd\u017eiui, dekoracijas ar knygas. D\u0117l funkcionalaus dizaino ir auk\u0161tos kokyb\u0117s gamybos \u201eEntsian\u201c pastatomas televizoriaus staliukas yra puikus sprendimas eleganti\u0161kam ir prakti\u0161kam multimedijos \u012frengini\u0173 laikymui. Tai ne tik suteikia pakankamai erdv\u0117s, bet ir esteti\u0161kai patraukl\u0173 vaizd\u0105, kuris papuo\u0161 bet kok\u012f interjer\u0105.<\/p>","protected":false},"excerpt":{"rendered":"<p>\u201eEntsian\u201c ant grind\u0173 pastatomas televizoriaus staliukas yra puikus pasirinkimas ie\u0161kantiems stilingo ir prakti\u0161ko sprendimo multimedijos \u012frenginiams laikyti. \u0160is eleganti\u0161kas staliukas buvo sukurtas atsi\u017evelgiant \u012f funkcionalum\u0105, estetik\u0105 ir naudojimo paprastum\u0105. \u201eEntsian\u201c televizoriaus staliuko gylis yra 40 cm, plotis 150 cm, o auk\u0161tis \u2013 52 cm, tod\u0117l jis erdvus ir stabilus. [\u2026]<\/p>","protected":false},"featured_media":28353,"comment_status":"open","ping_status":"open","template":"","meta":[],"product_brand":[],"product_cat":[2012,9171,1175],"product_tag":[],"class_list":{"0":"post-28352","1":"product","2":"type-product","3":"status-publish","4":"has-post-thumbnail","6":"product_cat-eltap","7":"product_cat-szafki-rtv-eltap","8":"product_cat-tv-stands","9":"pa_frame-material-undefined","10":"pa_frame-material-type-undefined","11":"pa_leg-color-undefined","12":"pa_leg-material-undefined","13":"pa_linen-box-undefined","14":"pa_main-color-undefined","15":"pa_price-group-basic","16":"pa_seat-depth-undefined","17":"pa_seat-width-undefined","18":"pa_sleep-function-undefined","19":"pa_sleeping-area-length-undefined","20":"pa_sleeping-area-width-undefined","21":"pa_style-modern","22":"pa_textile-dab-artisan","23":"pa_upholstery-material-undefined","25":"first","26":"instock","27":"purchasable","28":"product-type-simple"},"_links":{"self":[{"href":"https:\/\/baldumarket.lt\/lt\/wp-json\/wp\/v2\/product\/28352","targetHints":{"allow":["GET"]}}],"collection":[{"href":"https:\/\/baldumarket.lt\/lt\/wp-json\/wp\/v2\/product"}],"about":[{"href":"https:\/\/baldumarket.lt\/lt\/wp-json\/wp\/v2\/types\/product"}],"replies":[{"embeddable":true,"href":"https:\/\/baldumarket.lt\/lt\/wp-json\/wp\/v2\/comments?post=28352"}],"wp:featuredmedia":[{"embeddable":true,"href":"https:\/\/baldumarket.lt\/lt\/wp-json\/wp\/v2\/media\/28353"}],"wp:attachment":[{"href":"https:\/\/baldumarket.lt\/lt\/wp-json\/wp\/v2\/media?parent=28352"}],"wp:term":[{"taxonomy":"product_brand","embeddable":true,"href":"https:\/\/baldumarket.lt\/lt\/wp-json\/wp\/v2\/product_brand?post=28352"},{"taxonomy":"product_cat","embeddable":true,"href":"https:\/\/baldumarket.lt\/lt\/wp-json\/wp\/v2\/product_cat?post=28352"},{"taxonomy":"product_tag","embeddable":true,"href":"https:\/\/baldumarket.lt\/lt\/wp-json\/wp\/v2\/product_tag?post=28352"}],"curies":[{"name":"wp","href":"https:\/\/api.w.org\/{rel}","templated":true}]}}