{"id":28343,"date":"2025-11-14T18:50:07","date_gmt":"2025-11-14T15:50:07","guid":{"rendered":"https:\/\/baldumarket.lt\/product\/entsian-40-stolik-dab-artisan\/"},"modified":"2026-04-07T01:31:40","modified_gmt":"2026-04-06T22:31:40","slug":"entsian-40-stolik-dab-artisan","status":"publish","type":"product","link":"https:\/\/baldumarket.lt\/lt\/product\/entsian-40-stolik-dab-artisan\/","title":{"rendered":"\u201eEntsian 40 Artisan\u201c \u0105\u017euolo stalas"},"content":{"rendered":"<p>\u201eEntsian\u201c naktinis staliukas yra eleganti\u0161kas ir funkcionalus baldas, kuris puikiai papildys j\u016bs\u0173 miegam\u0105j\u012f. Tiksl\u016bs jo matmenys \u2013 40 cm plo\u010dio, 40 cm gylio ir 52 cm auk\u0161\u010dio \u2013 daro j\u012f kompakti\u0161k\u0105 ir puikiai tinka pastatyti \u0161alia lovos. \u201eEntsian\u201c naktinis staliukas pagamintas i\u0161 auk\u0161tos kokyb\u0117s med\u017eiag\u0173, kruop\u0161\u010diai apgalvojant kiekvien\u0105 detal\u0119. Baldo korpusas pagamintas i\u0161 patvarios 16 mm storio plok\u0161t\u0117s, u\u017etikrinan\u010dios stabilum\u0105 ir ilgaam\u017ei\u0161kum\u0105. Stal\u010diai apvadinti ABS kra\u0161tais, kurie suteikia elegancijos ir apsaugo juos nuo pa\u017eeidim\u0173. Be to, frezuoti stal\u010di\u0173 fasadai suteikia \u201eEntsian\u201c naktiniam staliukui unikal\u0173 charakter\u012f, subtiliai dekoratyv\u0173 akcent\u0105. \u201eEntsian\u201c naktinio staliuko kojel\u0117s pagamintos i\u0161 plastiko ir yra 12 cm auk\u0161\u010dio, tod\u0117l lengva palaikyti grind\u0173 \u0161var\u0105 ir patogu naudoti. \u0160is stilingas \u201eEntsian\u201c naktinis staliukas ne tik u\u017etikrina prakti\u0161k\u0105 daikt\u0173 laikym\u0105, bet ir yra dizainerio stiliaus detal\u0117 miegamajame. Tobulai rafinuotos detal\u0117s praturtina interjer\u0105 unikaliu stiliumi ir funkcionalumu.<\/p>","protected":false},"excerpt":{"rendered":"<p>\u201eEntsian\u201c naktinis staliukas yra eleganti\u0161kas ir funkcionalus baldas, kuris puikiai papildys j\u016bs\u0173 miegam\u0105j\u012f. Tiksl\u016bs jo matmenys \u2013 40 cm plo\u010dio, 40 cm gylio ir 52 cm auk\u0161\u010dio \u2013 yra kompakti\u0161ki ir puikiai tinka pastatyti \u0161alia lovos. \u201eEntsian\u201c naktinis staliukas pagamintas i\u0161 auk\u0161tos kokyb\u0117s med\u017eiag\u0173, ypating\u0105 d\u0117mes\u012f skiriant [\u2026]<\/p>","protected":false},"featured_media":28344,"comment_status":"open","ping_status":"open","template":"","meta":[],"product_brand":[],"product_cat":[1176,2012],"product_tag":[],"class_list":{"0":"post-28343","1":"product","2":"type-product","3":"status-publish","4":"has-post-thumbnail","6":"product_cat-bedside-tables","7":"product_cat-eltap","8":"pa_frame-material-undefined","9":"pa_frame-material-type-undefined","10":"pa_leg-color-undefined","11":"pa_leg-material-undefined","12":"pa_linen-box-undefined","13":"pa_main-color-undefined","14":"pa_price-group-basic","15":"pa_seat-depth-undefined","16":"pa_seat-width-undefined","17":"pa_sleep-function-undefined","18":"pa_sleeping-area-length-undefined","19":"pa_sleeping-area-width-undefined","20":"pa_style-modern","21":"pa_textile-dab-artisan","22":"pa_upholstery-material-undefined","24":"first","25":"instock","26":"purchasable","27":"product-type-simple"},"_links":{"self":[{"href":"https:\/\/baldumarket.lt\/lt\/wp-json\/wp\/v2\/product\/28343","targetHints":{"allow":["GET"]}}],"collection":[{"href":"https:\/\/baldumarket.lt\/lt\/wp-json\/wp\/v2\/product"}],"about":[{"href":"https:\/\/baldumarket.lt\/lt\/wp-json\/wp\/v2\/types\/product"}],"replies":[{"embeddable":true,"href":"https:\/\/baldumarket.lt\/lt\/wp-json\/wp\/v2\/comments?post=28343"}],"wp:featuredmedia":[{"embeddable":true,"href":"https:\/\/baldumarket.lt\/lt\/wp-json\/wp\/v2\/media\/28344"}],"wp:attachment":[{"href":"https:\/\/baldumarket.lt\/lt\/wp-json\/wp\/v2\/media?parent=28343"}],"wp:term":[{"taxonomy":"product_brand","embeddable":true,"href":"https:\/\/baldumarket.lt\/lt\/wp-json\/wp\/v2\/product_brand?post=28343"},{"taxonomy":"product_cat","embeddable":true,"href":"https:\/\/baldumarket.lt\/lt\/wp-json\/wp\/v2\/product_cat?post=28343"},{"taxonomy":"product_tag","embeddable":true,"href":"https:\/\/baldumarket.lt\/lt\/wp-json\/wp\/v2\/product_tag?post=28343"}],"curies":[{"name":"wp","href":"https:\/\/api.w.org\/{rel}","templated":true}]}}