{"id":28333,"date":"2025-11-14T18:49:52","date_gmt":"2025-11-14T15:49:52","guid":{"rendered":"https:\/\/baldumarket.lt\/product\/entsian-80-stolik-dab-artisan\/"},"modified":"2026-03-24T18:18:36","modified_gmt":"2026-03-24T15:18:36","slug":"entsian-80-stolik-dab-artisan","status":"publish","type":"product","link":"https:\/\/baldumarket.lt\/lt\/product\/entsian-80-stolik-dab-artisan\/","title":{"rendered":"\u201eEntsian 80 Artisan\u201c \u0105\u017euolo stalas"},"content":{"rendered":"<p>\u201eEntsian\u201c kavos staliukas \u2013 eleganti\u0161kas ir funkcionalus j\u016bs\u0173 svetain\u0117s papildymas. Sukurtas atsi\u017evelgiant \u012f prakti\u0161kum\u0105 ir estetik\u0105, \u0161is staliukas suteikia daug vietos m\u0117gstamiausiems daiktams laikyti ir eksponuoti. 80 cm gylio ir 80 cm plo\u010dio \u0161is kavos staliukas yra idealiai proporcingas, kad tikt\u0173 daugumai erdvi\u0173. \u017demas 32 cm auk\u0161tis suteikia jam modernumo ir yra patogus naudoti g\u0117rimams ar televizoriaus \u017ei\u016br\u0117jimui. \u201eEntsian\u201c kavos staliukas turi tvirtas 12 cm kojeles, pagamintas i\u0161 patvaraus plastiko. \u0160ios kojel\u0117s u\u017etikrina, kad staliukas tvirtai ir saugiai stov\u0117t\u0173 ant grind\u0173, suteikdamos j\u016bs\u0173 interjerui elegancijos ir stiliaus. Staliukas pagamintas i\u0161 patvarios 16 mm storio lentos, u\u017etikrinan\u010dios ilgaam\u017ei\u0161kum\u0105 ir tvirt\u0105 konstrukcij\u0105. Jo pavir\u0161ius kruop\u0161\u010diai apdirbtas, o stal\u010di\u0173 kra\u0161tai padengti patvaria ABS med\u017eiaga, suteikian\u010dia jam unikalumo ir apsaugan\u010dia nuo pa\u017eeidim\u0173. \u201eEntsian\u201c kavos staliukas turi prakti\u0161k\u0105 stal\u010di\u0173 su frezuotais priekiais, puikiai tinkant\u012f smulkiems daiktams laikyti ir tvarkingai svetainei palaikyti. Be to, jame yra atvira lentyna, puikiai tinkanti dekoracijoms, knygoms ar \u017eurnalams eksponuoti. \u0160is kavos staliukas derina funkcionalum\u0105, patvarum\u0105 ir stiling\u0105 dizain\u0105. D\u0117l savo matmen\u0173 ir prakti\u0161k\u0173 savybi\u0173 jis puikiai dera prie bet kokio interjero, suteikdamas unikalumo ir elegancijos.<\/p>","protected":false},"excerpt":{"rendered":"<p>\u201eEntsian\u201c kavos staliukas yra eleganti\u0161kas ir funkcionalus j\u016bs\u0173 svetain\u0117s papildymas. Sukurtas atsi\u017evelgiant \u012f prakti\u0161kum\u0105 ir estetik\u0105, \u0161is staliukas suteikia daug vietos m\u0117gstamiausiems daiktams laikyti ir eksponuoti. 80 cm gylio ir 80 cm plo\u010dio \u0161is kavos staliukas yra idealiai proporcingas daugumai erdvi\u0173. [\u2026]<\/p>","protected":false},"featured_media":28334,"comment_status":"open","ping_status":"open","template":"","meta":[],"product_brand":[],"product_cat":[866,2012,9176],"product_tag":[],"class_list":{"0":"post-28333","1":"product","2":"type-product","3":"status-publish","4":"has-post-thumbnail","6":"product_cat-coffee-tables","7":"product_cat-eltap","8":"product_cat-coffee-tables-eltap","10":"first","11":"instock","12":"purchasable","13":"product-type-simple"},"_links":{"self":[{"href":"https:\/\/baldumarket.lt\/lt\/wp-json\/wp\/v2\/product\/28333","targetHints":{"allow":["GET"]}}],"collection":[{"href":"https:\/\/baldumarket.lt\/lt\/wp-json\/wp\/v2\/product"}],"about":[{"href":"https:\/\/baldumarket.lt\/lt\/wp-json\/wp\/v2\/types\/product"}],"replies":[{"embeddable":true,"href":"https:\/\/baldumarket.lt\/lt\/wp-json\/wp\/v2\/comments?post=28333"}],"wp:featuredmedia":[{"embeddable":true,"href":"https:\/\/baldumarket.lt\/lt\/wp-json\/wp\/v2\/media\/28334"}],"wp:attachment":[{"href":"https:\/\/baldumarket.lt\/lt\/wp-json\/wp\/v2\/media?parent=28333"}],"wp:term":[{"taxonomy":"product_brand","embeddable":true,"href":"https:\/\/baldumarket.lt\/lt\/wp-json\/wp\/v2\/product_brand?post=28333"},{"taxonomy":"product_cat","embeddable":true,"href":"https:\/\/baldumarket.lt\/lt\/wp-json\/wp\/v2\/product_cat?post=28333"},{"taxonomy":"product_tag","embeddable":true,"href":"https:\/\/baldumarket.lt\/lt\/wp-json\/wp\/v2\/product_tag?post=28333"}],"curies":[{"name":"wp","href":"https:\/\/api.w.org\/{rel}","templated":true}]}}