{"id":28322,"date":"2025-11-14T18:49:32","date_gmt":"2025-11-14T15:49:32","guid":{"rendered":"https:\/\/baldumarket.lt\/product\/entsian-185-szafa-dab-artisan\/"},"modified":"2026-03-24T18:18:44","modified_gmt":"2026-03-24T15:18:44","slug":"entsian-185-szafa-dab-artisan","status":"publish","type":"product","link":"https:\/\/baldumarket.lt\/lt\/product\/entsian-185-szafa-dab-artisan\/","title":{"rendered":"\u201eEntsian 185 Artisan Oak\u201c spinta"},"content":{"rendered":"<p>\u201eEntsian\u201c spinta \u2013 \u012fsp\u016bdingas daikt\u0173 laikymo sprendimas, kuris ne tik suteiks daug erdv\u0117s, bet ir su\u017eav\u0117s jus savo i\u0161vaizda bei funkcionalumu. Pradedant nuo matmen\u0173, spintos plotis yra 185 cm, gylis 60 cm, o auk\u0161tis \u2013 \u012fsp\u016bdingi 192 cm. \u0160ie matmenys suteikia daug vietos \u012fvairiems daiktams laikyti. Pagaminta i\u0161 tvirtos 16 mm storio plok\u0161t\u0117s, \u201eEntsian\u201c spinta yra itin patvari ir stabili. Galite b\u016bti tikri, kad ji atlaikys kasdien\u012f naudojim\u0105 ir daugel\u012f met\u0173 i\u0161laikys puiki\u0105 b\u016bkl\u0119. Spintoje yra du erdv\u016bs stal\u010diai, kurie yra ir prakti\u0161ki, ir esteti\u0161ki. Stal\u010diai apvadinti ABS kra\u0161tais, kurie suteikia eleganti\u0161k\u0105 apdail\u0105 ir apsaugo juos nuo pa\u017eeidim\u0173. Taip pat yra daug vietos drabu\u017eiams. \u201eEntsian\u201c spintoje yra du pakabos b\u0117geliai, puikiai tinkantys visiems drabu\u017eiams laikyti vienoje vietoje, tvarkingai ir paruo\u0161tiems naudoti. Kalbant apie dureles, \u201eEntsian\u201c spintoje yra trys poros, i\u0161 kuri\u0173 dvi turi gra\u017eiai frezuotus priekius. Tai suteikia spintai elegancijos ir unikalaus charakterio, atkreipdami d\u0117mes\u012f ir i\u0161skirdami j\u0105 i\u0161 kit\u0173 bald\u0173. Spintos vidus padalintas \u012f \u0161e\u0161ias lentynas, kuriose yra daug vietos \u012fvairiems daiktams laikyti. Galite lengvai susitvarkyti ir r\u016b\u0161iuoti savo daiktus, kad jie visada b\u016bt\u0173 po ranka. Be to, \u201eEntsian\u201c spinta turi 12 cm auk\u0161\u010dio plastikines kojeles. Trumpai tariant, \u201eEntsian\u201c spinta yra ne tik prakti\u0161kas daikt\u0173 laikymo sprendimas, bet ir baldas, suteikiantis j\u016bs\u0173 interjerui elegancijos ir stiliaus. \u012esp\u016bdingi matmenys, tvirta konstrukcija, erdv\u016bs stal\u010diai ir daugyb\u0117 lentyn\u0173 \u2013 \u0161i spinta tikrai pateisins j\u016bs\u0173 l\u016bkes\u010dius ir taps vertingu j\u016bs\u0173 nam\u0173 papildymu.<\/p>","protected":false},"excerpt":{"rendered":"<p>\u201eEntsian\u201c spinta \u2013 \u012fsp\u016bdingas daikt\u0173 laikymo sprendimas, kuris ne tik suteiks daug erdv\u0117s, bet ir su\u017eav\u0117s savo i\u0161vaizda bei funkcionalumu. Pradedant nuo matmen\u0173, spintos plotis yra 185 cm, gylis \u2013 60 cm, o auk\u0161tis \u2013 \u012fsp\u016bdingi 192 cm. \u0160ie matmenys suteikia pakankamai vietos \u012fvairiems daiktams laikyti. [\u2026]<\/p>","protected":false},"featured_media":28323,"comment_status":"open","ping_status":"open","template":"","meta":[],"product_brand":[],"product_cat":[2012,1177],"product_tag":[],"class_list":{"0":"post-28322","1":"product","2":"type-product","3":"status-publish","4":"has-post-thumbnail","6":"product_cat-eltap","7":"product_cat-wardrobes","8":"pa_frame-material-undefined","9":"pa_frame-material-type-undefined","10":"pa_leg-color-undefined","11":"pa_leg-material-undefined","12":"pa_linen-box-undefined","13":"pa_main-color-undefined","14":"pa_price-group-basic","15":"pa_seat-depth-undefined","16":"pa_seat-width-undefined","17":"pa_sleep-function-undefined","18":"pa_sleeping-area-length-undefined","19":"pa_sleeping-area-width-undefined","20":"pa_style-modern","21":"pa_textile-dab-artisan","22":"pa_upholstery-material-undefined","24":"first","25":"instock","26":"purchasable","27":"product-type-simple"},"_links":{"self":[{"href":"https:\/\/baldumarket.lt\/lt\/wp-json\/wp\/v2\/product\/28322","targetHints":{"allow":["GET"]}}],"collection":[{"href":"https:\/\/baldumarket.lt\/lt\/wp-json\/wp\/v2\/product"}],"about":[{"href":"https:\/\/baldumarket.lt\/lt\/wp-json\/wp\/v2\/types\/product"}],"replies":[{"embeddable":true,"href":"https:\/\/baldumarket.lt\/lt\/wp-json\/wp\/v2\/comments?post=28322"}],"wp:featuredmedia":[{"embeddable":true,"href":"https:\/\/baldumarket.lt\/lt\/wp-json\/wp\/v2\/media\/28323"}],"wp:attachment":[{"href":"https:\/\/baldumarket.lt\/lt\/wp-json\/wp\/v2\/media?parent=28322"}],"wp:term":[{"taxonomy":"product_brand","embeddable":true,"href":"https:\/\/baldumarket.lt\/lt\/wp-json\/wp\/v2\/product_brand?post=28322"},{"taxonomy":"product_cat","embeddable":true,"href":"https:\/\/baldumarket.lt\/lt\/wp-json\/wp\/v2\/product_cat?post=28322"},{"taxonomy":"product_tag","embeddable":true,"href":"https:\/\/baldumarket.lt\/lt\/wp-json\/wp\/v2\/product_tag?post=28322"}],"curies":[{"name":"wp","href":"https:\/\/api.w.org\/{rel}","templated":true}]}}