{"id":28312,"date":"2025-11-14T18:49:17","date_gmt":"2025-11-14T15:49:17","guid":{"rendered":"https:\/\/baldumarket.lt\/product\/entsian-85-toaletka-dab-artisan\/"},"modified":"2026-03-24T18:18:44","modified_gmt":"2026-03-24T15:18:44","slug":"entsian-85-toaletka-dab-artisan","status":"publish","type":"product","link":"https:\/\/baldumarket.lt\/lt\/product\/entsian-85-toaletka-dab-artisan\/","title":{"rendered":"\u201eEntsian 85 Artisan\u201c \u0105\u017euolo tualetinis staliukas"},"content":{"rendered":"<p>\u201eEntsian\u201c tualetinis staliukas \u2013 eleganti\u0161kas ir prakti\u0161kas sprendimas j\u016bs\u0173 miegamajam ar vonios kambariui. Sukurtas atsi\u017evelgiant \u012f funkcionalum\u0105 ir stili\u0173, \u0161is tualetinis staliukas pateisins j\u016bs\u0173 l\u016bkes\u010dius. Kompakti\u0161ki matmenys leid\u017eia jam puikiai tilpti \u012fvairiose erdv\u0117se. 40 cm gylis, 85 cm plotis ir 100 cm auk\u0161tis suteikia daug vietos daiktams susid\u0117ti ir kasdieniams gro\u017eio ritualams. Nepaisant tvirtos konstrukcijos, jis sveria tik 44 kg, tod\u0117l j\u012f lengva perkelti ir pastatyti. \u201eEntsian\u201c tualetinis staliukas pagamintas i\u0161 patvarios plok\u0161t\u0117s, u\u017etikrinan\u010dios ilgaam\u017ei\u0161kum\u0105. Du stal\u010diai turi dekoratyvinius frezuotus priekius, suteikian\u010dius bendram dizainui elegancijos ir stiliaus. ABS apvadai ant stal\u010di\u0173 suteikia papildom\u0105 apsaug\u0105 nuo pa\u017eeidim\u0173 ir pailgina baldo tarnavimo laik\u0105. Be to, \u201eEntsian\u201c tualetinis staliukas turi nedidel\u0119 lentyn\u0117l\u0119 smulkiems daiktams laikyti lengvai pasiekiamu atstumu. Komplekte taip pat yra 50 cm skersmens veidrodis, kuris puikiai papildo bendr\u0105 dizain\u0105. 3 cm storio veidrodis yra tvirtas ir atsparus pa\u017eeidimams. \u201eEntsian\u201c tualetinis staliukas apdailintas gra\u017eia \u201eArtisan Oak\u201c apdaila, suteikian\u010dia jam nat\u016brali\u0105 ir kvie\u010dian\u010di\u0105 i\u0161vaizd\u0105. D\u0117l to jis tinka \u012fvairiems interjero dizaino stiliams ir lengvai integruojasi \u012f esam\u0105 interjero estetik\u0105. \u201eEntsian\u201c tualetinis staliukas yra ne tik prakti\u0161kas daikt\u0173 laikymo baldas, bet ir stilingas dekoratyvinis elementas, kuris suteiks j\u016bs\u0173 erdvei \u017eavesio ir elegancijos.<\/p>","protected":false},"excerpt":{"rendered":"<p>\u201eEntsian\u201c tualetinis staliukas yra eleganti\u0161kas ir prakti\u0161kas sprendimas j\u016bs\u0173 miegamajam ar vonios kambariui. Sukurtas atsi\u017evelgiant \u012f funkcionalum\u0105 ir stili\u0173, \u0161is tualetinis staliukas pateisins j\u016bs\u0173 l\u016bkes\u010dius. D\u0117l kompakti\u0161k\u0173 matmen\u0173 jis puikiai tilps \u012fvairiose erdv\u0117se. Jo gylis \u2013 40 cm, plotis \u2013 85 cm, o auk\u0161tis \u2013 100 [\u2026]<\/p>","protected":false},"featured_media":28313,"comment_status":"open","ping_status":"open","template":"","meta":[],"product_brand":[],"product_cat":[1237,2012],"product_tag":[],"class_list":{"0":"post-28312","1":"product","2":"type-product","3":"status-publish","4":"has-post-thumbnail","6":"product_cat-dressing-tables","7":"product_cat-eltap","8":"pa_frame-material-undefined","9":"pa_frame-material-type-undefined","10":"pa_leg-color-undefined","11":"pa_leg-material-undefined","12":"pa_linen-box-undefined","13":"pa_main-color-undefined","14":"pa_price-group-basic","15":"pa_seat-depth-undefined","16":"pa_seat-width-undefined","17":"pa_sleep-function-undefined","18":"pa_sleeping-area-length-undefined","19":"pa_sleeping-area-width-undefined","20":"pa_style-modern","21":"pa_textile-dab-artisan","22":"pa_upholstery-material-undefined","24":"first","25":"instock","26":"purchasable","27":"product-type-simple"},"_links":{"self":[{"href":"https:\/\/baldumarket.lt\/lt\/wp-json\/wp\/v2\/product\/28312","targetHints":{"allow":["GET"]}}],"collection":[{"href":"https:\/\/baldumarket.lt\/lt\/wp-json\/wp\/v2\/product"}],"about":[{"href":"https:\/\/baldumarket.lt\/lt\/wp-json\/wp\/v2\/types\/product"}],"replies":[{"embeddable":true,"href":"https:\/\/baldumarket.lt\/lt\/wp-json\/wp\/v2\/comments?post=28312"}],"wp:featuredmedia":[{"embeddable":true,"href":"https:\/\/baldumarket.lt\/lt\/wp-json\/wp\/v2\/media\/28313"}],"wp:attachment":[{"href":"https:\/\/baldumarket.lt\/lt\/wp-json\/wp\/v2\/media?parent=28312"}],"wp:term":[{"taxonomy":"product_brand","embeddable":true,"href":"https:\/\/baldumarket.lt\/lt\/wp-json\/wp\/v2\/product_brand?post=28312"},{"taxonomy":"product_cat","embeddable":true,"href":"https:\/\/baldumarket.lt\/lt\/wp-json\/wp\/v2\/product_cat?post=28312"},{"taxonomy":"product_tag","embeddable":true,"href":"https:\/\/baldumarket.lt\/lt\/wp-json\/wp\/v2\/product_tag?post=28312"}],"curies":[{"name":"wp","href":"https:\/\/api.w.org\/{rel}","templated":true}]}}